{"id":2444,"date":"2023-03-08T08:48:25","date_gmt":"2023-03-08T08:48:25","guid":{"rendered":"https:\/\/exemfoamdev.resetwebstudio.nl\/programma-di-conformita"},"modified":"2023-03-30T11:38:21","modified_gmt":"2023-03-30T11:38:21","slug":"programma-di-conformita","status":"publish","type":"page","link":"https:\/\/exemfoam.eu\/it\/programma-di-conformita","title":{"rendered":"Programma di conformit\u00e0"},"content":{"rendered":"\t\t<div data-elementor-type=\"wp-page\" data-elementor-id=\"2444\" class=\"elementor elementor-2444 elementor-1602\" data-elementor-post-type=\"page\">\n\t\t\t\t\t\t<section class=\"elementor-section elementor-top-section elementor-element elementor-element-ffe45ba elementor-section-boxed elementor-section-height-default elementor-section-height-default\" data-id=\"ffe45ba\" data-element_type=\"section\" data-e-type=\"section\">\n\t\t\t\t\t\t<div class=\"elementor-container elementor-column-gap-default\">\n\t\t\t\t\t<div class=\"elementor-column elementor-col-100 elementor-top-column elementor-element elementor-element-dc40085\" data-id=\"dc40085\" data-element_type=\"column\" data-e-type=\"column\">\n\t\t\t<div class=\"elementor-widget-wrap elementor-element-populated\">\n\t\t\t\t\t\t<div class=\"elementor-element elementor-element-f569dd1 elementor-widget elementor-widget-heading\" data-id=\"f569dd1\" data-element_type=\"widget\" data-e-type=\"widget\" data-widget_type=\"heading.default\">\n\t\t\t\t<div class=\"elementor-widget-container\">\n\t\t\t\t\t<h1 class=\"elementor-heading-title elementor-size-default\">ExEm Foam Inc.  <\/h1>\t\t\t\t<\/div>\n\t\t\t\t<\/div>\n\t\t\t\t\t<\/div>\n\t\t<\/div>\n\t\t\t\t\t<\/div>\n\t\t<\/section>\n\t\t\t\t<section class=\"elementor-section elementor-top-section elementor-element elementor-element-10cc657 elementor-section-boxed elementor-section-height-default elementor-section-height-default\" data-id=\"10cc657\" data-element_type=\"section\" data-e-type=\"section\">\n\t\t\t\t\t\t<div class=\"elementor-container elementor-column-gap-default\">\n\t\t\t\t\t<div class=\"elementor-column elementor-col-100 elementor-top-column elementor-element elementor-element-85e8fbe\" data-id=\"85e8fbe\" data-element_type=\"column\" data-e-type=\"column\">\n\t\t\t<div class=\"elementor-widget-wrap elementor-element-populated\">\n\t\t\t\t\t\t<div class=\"elementor-element elementor-element-642b3cc elementor-widget elementor-widget-heading\" data-id=\"642b3cc\" data-element_type=\"widget\" data-e-type=\"widget\" data-widget_type=\"heading.default\">\n\t\t\t\t<div class=\"elementor-widget-container\">\n\t\t\t\t\t<h3 class=\"elementor-heading-title elementor-size-default\">Programma completo di conformit\u00e0 della California<\/h3>\t\t\t\t<\/div>\n\t\t\t\t<\/div>\n\t\t\t\t<div class=\"elementor-element elementor-element-a5004c0 elementor-widget elementor-widget-text-editor\" data-id=\"a5004c0\" data-element_type=\"widget\" data-e-type=\"widget\" data-widget_type=\"text-editor.default\">\n\t\t\t\t<div class=\"elementor-widget-container\">\n\t\t\t\t\t\t\t\t\t<p><span data-fusion-font=\"true\">ExEm Foam Inc. si impegna a stabilire e mantenere un programma di conformit\u00e0 efficace in conformit\u00e0 con la Guida al Programma di Conformit\u00e0 pubblicata dal Dipartimento della Salute e dei Servizi Umani degli Stati Uniti, Ufficio dell&#8217;Ispettore Generale1 (la &#8220;Guida OIG&#8221;). Inoltre, l&#8217;industria sanitaria ha stabilito e il programma di conformit\u00e0 completo di ExEm Foam Inc. \u00e8 progettato in conformit\u00e0 al Codice PhRMA sulle interazioni con gli operatori sanitari (PhRMA)2. In conformit\u00e0 agli standard volontari stabiliti dalla Guida OIG e come esplicitamente riconosciuto nella Guida OIG, abbiamo adattato il nostro programma di conformit\u00e0 all&#8217;ambiente e alle dimensioni uniche di ExEm Foam Inc. Rivediamo regolarmente il nostro Programma di conformit\u00e0 per rispondere all&#8217;evoluzione delle linee guida del settore e alle esigenze di conformit\u00e0 della nostra azienda.<\/span><br \/><span data-fusion-font=\"true\"><br \/>\u200d<\/span><br \/><span data-fusion-font=\"true\"><br \/>Il nostro Programma di Conformit\u00e0, stabilito dal Consiglio di Amministrazione, \u00e8 progettato per prevenire e individuare le violazioni della legge o delle politiche di ExEm Foam Inc. ma, come riconosciuto dalla Guida OIG, l&#8217;attuazione di un Programma di Conformit\u00e0 non pu\u00f2 garantire l&#8217;eliminazione totale di comportamenti impropri. ExEm Foam Inc. si aspetta che i suoi dipendenti e i suoi rappresentanti rispettino la sua politica di interazione con gli HCP e le altre politiche stabilite a sostegno del suo programma di conformit\u00e0. Nel caso in cui ExEm Foam Inc. venga a conoscenza di potenziali violazioni della legge o della politica aziendale, l&#8217;azienda indagher\u00e0 sulla questione e adotter\u00e0 le relative azioni disciplinari e implementer\u00e0 misure correttive per prevenire future violazioni.<\/span><br \/><span data-fusion-font=\"true\"><br \/>\u200d<\/span><br \/><span data-fusion-font=\"true\"><br \/>Come richiesto dal Codice della Salute e della Sicurezza della California \u00a7119402(d), ExEm Foam Inc. ha implementato un limite di spesa annuale di 2.000 dollari per gli articoli educativi, gli articoli promozionali o le attivit\u00e0 che ExEm Foam Inc. pu\u00f2 fornire agli operatori sanitari californiani autorizzati. Questi articoli e attivit\u00e0 promozionali sono inoltre soggetti alle restrizioni previste dalla nostra Politica sulle interazioni con gli HCP (in linea con il Codice PhRMA) e da altre politiche e procedure del Programma di conformit\u00e0.<\/span><\/p>\n\t\t\t\t\t\t\t\t<\/div>\n\t\t\t\t<\/div>\n\t\t\t\t<div class=\"elementor-element elementor-element-358f187 elementor-widget elementor-widget-heading\" data-id=\"358f187\" data-element_type=\"widget\" data-e-type=\"widget\" data-widget_type=\"heading.default\">\n\t\t\t\t<div class=\"elementor-widget-container\">\n\t\t\t\t\t<h2 class=\"elementor-heading-title elementor-size-default\">Company, Inc. 2021 Dichiarazione di conformit\u00e0<\/h2>\t\t\t\t<\/div>\n\t\t\t\t<\/div>\n\t\t\t\t<div class=\"elementor-element elementor-element-69c8901 elementor-widget elementor-widget-text-editor\" data-id=\"69c8901\" data-element_type=\"widget\" data-e-type=\"widget\" data-widget_type=\"text-editor.default\">\n\t\t\t\t<div class=\"elementor-widget-container\">\n\t\t\t\t\t\t\t\t\t<p>Con la presente ExEm Foam Inc. dichiara che, per quanto a sua conoscenza e convinzione, \u00e8 in conformit\u00e0 con il suo Programma di Conformit\u00e0 Completo e con i requisiti pertinenti del Codice della Salute e della Sicurezza della California \u00a7\u00a7119400-119402.<\/p>\n\t\t\t\t\t\t\t\t<\/div>\n\t\t\t\t<\/div>\n\t\t\t\t<div class=\"elementor-element elementor-element-e4eda47 elementor-widget elementor-widget-heading\" data-id=\"e4eda47\" data-element_type=\"widget\" data-e-type=\"widget\" data-widget_type=\"heading.default\">\n\t\t\t\t<div class=\"elementor-widget-container\">\n\t\t\t\t\t<h2 class=\"elementor-heading-title elementor-size-default\">Informazioni di contatto<\/h2>\t\t\t\t<\/div>\n\t\t\t\t<\/div>\n\t\t\t\t<div class=\"elementor-element elementor-element-9a09266 elementor-widget elementor-widget-text-editor\" data-id=\"9a09266\" data-element_type=\"widget\" data-e-type=\"widget\" data-widget_type=\"text-editor.default\">\n\t\t\t\t<div class=\"elementor-widget-container\">\n\t\t\t\t\t\t\t\t\t<p><span data-fusion-font=\"true\">Per una copia di questa Dichiarazione o per ulteriori informazioni sul nostro Programma di Conformit\u00e0, si prega di contattare ExEm Foam Inc. inviando un&#8217;e-mail a <\/span><a class=\"in-text-link\" href=\"mailto:compliance@exem-foam.com\" data-uw-styling-context=\"true\" data-uw-rm-brl=\"exc\" aria-label=\"send an email to compliance@exem-foam.com \" data-uw-rm-vglnk=\"\" data-fusion-font=\"true\">compliance@exem-foam.com<\/a><\/p>\n\t\t\t\t\t\t\t\t<\/div>\n\t\t\t\t<\/div>\n\t\t\t\t<div class=\"elementor-element elementor-element-173e916 elementor-widget elementor-widget-text-editor\" data-id=\"173e916\" data-element_type=\"widget\" data-e-type=\"widget\" data-widget_type=\"text-editor.default\">\n\t\t\t\t<div class=\"elementor-widget-container\">\n\t\t\t\t\t\t\t\t\t<p class=\"paragraph\" data-uw-styling-context=\"true\"><span class=\"target space\" data-uw-styling-context=\"true\" data-fusion-font=\"true\">1 <\/span><span data-fusion-font=\"true\">Guida al programma di conformit\u00e0 per i produttori farmaceutici.<\/span><\/p>\n<div class=\"c-citations-container\">\n<p><span class=\"target space\" data-uw-styling-context=\"true\" data-fusion-font=\"true\">2 <\/span><a class=\"in-text-link\" href=\"https:\/\/www.phrma.org\/en\/Codes-and-guidelines\/Code-on-Interactions-with-Health-Care-Professionals\" target=\"_blank\" rel=\"noopener\" data-uw-styling-context=\"true\" data-uw-rm-brl=\"false\" aria-label=\"https:\/\/www.phrma.org\/en\/Codes-and-guidelines\/Code-on-Interactions-with-Health-Care-Professionals - opens in new tab\" data-uw-rm-ext-link=\"\" data-fusion-font=\"true\">https:\/\/www.phrma.org\/en\/Codes-and-guidelines\/Code-on-Interactions-with-Health-Care-Professionals<\/a><\/p>\n<\/div>\n\t\t\t\t\t\t\t\t<\/div>\n\t\t\t\t<\/div>\n\t\t\t\t\t<\/div>\n\t\t<\/div>\n\t\t\t\t\t<\/div>\n\t\t<\/section>\n\t\t\t\t<\/div>\n\t\t","protected":false},"excerpt":{"rendered":"<p>ExEm Foam Inc. Programma completo di conformit\u00e0 della California ExEm Foam Inc. si impegna a stabilire e mantenere un programma di conformit\u00e0 efficace in conformit\u00e0 con la Guida al Programma di Conformit\u00e0 pubblicata dal Dipartimento della Salute e dei Servizi Umani degli Stati Uniti, Ufficio dell&#8217;Ispettore Generale1 (la &#8220;Guida OIG&#8221;). Inoltre, l&#8217;industria sanitaria ha stabilito [&hellip;]<\/p>\n","protected":false},"author":1,"featured_media":0,"parent":0,"menu_order":0,"comment_status":"closed","ping_status":"closed","template":"","meta":{"footnotes":""},"class_list":["post-2444","page","type-page","status-publish","hentry"],"yoast_head":"<!-- This site is optimized with the Yoast SEO plugin v27.4 - https:\/\/yoast.com\/product\/yoast-seo-wordpress\/ -->\n<title>Programma di conformit\u00e0 - Exemfoam<\/title>\n<meta name=\"robots\" content=\"index, follow, max-snippet:-1, max-image-preview:large, max-video-preview:-1\" \/>\n<link rel=\"canonical\" href=\"https:\/\/exemfoam.eu\/it\/programma-di-conformita\" \/>\n<meta property=\"og:locale\" content=\"it_IT\" \/>\n<meta property=\"og:type\" content=\"article\" \/>\n<meta property=\"og:title\" content=\"Programma di conformit\u00e0 - Exemfoam\" \/>\n<meta property=\"og:description\" content=\"ExEm Foam Inc. Programma completo di conformit\u00e0 della California ExEm Foam Inc. si impegna a stabilire e mantenere un programma di conformit\u00e0 efficace in conformit\u00e0 con la Guida al Programma di Conformit\u00e0 pubblicata dal Dipartimento della Salute e dei Servizi Umani degli Stati Uniti, Ufficio dell&#8217;Ispettore Generale1 (la &#8220;Guida OIG&#8221;). Inoltre, l&#8217;industria sanitaria ha stabilito [&hellip;]\" \/>\n<meta property=\"og:url\" content=\"https:\/\/exemfoam.eu\/it\/programma-di-conformita\" \/>\n<meta property=\"og:site_name\" content=\"Exemfoam\" \/>\n<meta property=\"article:modified_time\" content=\"2023-03-30T11:38:21+00:00\" \/>\n<meta name=\"twitter:card\" content=\"summary_large_image\" \/>\n<meta name=\"twitter:label1\" content=\"Tempo di lettura stimato\" \/>\n\t<meta name=\"twitter:data1\" content=\"2 minuti\" \/>\n<script type=\"application\/ld+json\" class=\"yoast-schema-graph\">{\"@context\":\"https:\\\/\\\/schema.org\",\"@graph\":[{\"@type\":\"WebPage\",\"@id\":\"https:\\\/\\\/exemfoam.eu\\\/it\\\/programma-di-conformita\",\"url\":\"https:\\\/\\\/exemfoam.eu\\\/it\\\/programma-di-conformita\",\"name\":\"Programma di conformit\u00e0 - Exemfoam\",\"isPartOf\":{\"@id\":\"https:\\\/\\\/exemfoam.eu\\\/it#website\"},\"datePublished\":\"2023-03-08T08:48:25+00:00\",\"dateModified\":\"2023-03-30T11:38:21+00:00\",\"breadcrumb\":{\"@id\":\"https:\\\/\\\/exemfoam.eu\\\/it\\\/programma-di-conformita#breadcrumb\"},\"inLanguage\":\"it-IT\",\"potentialAction\":[{\"@type\":\"ReadAction\",\"target\":[\"https:\\\/\\\/exemfoam.eu\\\/it\\\/programma-di-conformita\"]}]},{\"@type\":\"BreadcrumbList\",\"@id\":\"https:\\\/\\\/exemfoam.eu\\\/it\\\/programma-di-conformita#breadcrumb\",\"itemListElement\":[{\"@type\":\"ListItem\",\"position\":1,\"name\":\"Home\",\"item\":\"https:\\\/\\\/exemfoam.eu\\\/it\"},{\"@type\":\"ListItem\",\"position\":2,\"name\":\"Programma di conformit\u00e0\"}]},{\"@type\":\"WebSite\",\"@id\":\"https:\\\/\\\/exemfoam.eu\\\/it#website\",\"url\":\"https:\\\/\\\/exemfoam.eu\\\/it\",\"name\":\"Exemfoam\",\"description\":\"\",\"publisher\":{\"@id\":\"https:\\\/\\\/exemfoam.eu\\\/it#organization\"},\"potentialAction\":[{\"@type\":\"SearchAction\",\"target\":{\"@type\":\"EntryPoint\",\"urlTemplate\":\"https:\\\/\\\/exemfoam.eu\\\/it?s={search_term_string}\"},\"query-input\":{\"@type\":\"PropertyValueSpecification\",\"valueRequired\":true,\"valueName\":\"search_term_string\"}}],\"inLanguage\":\"it-IT\"},{\"@type\":\"Organization\",\"@id\":\"https:\\\/\\\/exemfoam.eu\\\/it#organization\",\"name\":\"Exemfoam\",\"url\":\"https:\\\/\\\/exemfoam.eu\\\/it\",\"logo\":{\"@type\":\"ImageObject\",\"inLanguage\":\"it-IT\",\"@id\":\"https:\\\/\\\/exemfoam.eu\\\/it#\\\/schema\\\/logo\\\/image\\\/\",\"url\":\"https:\\\/\\\/exemfoam.eu\\\/wp-content\\\/uploads\\\/2023\\\/01\\\/Logo.png\",\"contentUrl\":\"https:\\\/\\\/exemfoam.eu\\\/wp-content\\\/uploads\\\/2023\\\/01\\\/Logo.png\",\"width\":205,\"height\":42,\"caption\":\"Exemfoam\"},\"image\":{\"@id\":\"https:\\\/\\\/exemfoam.eu\\\/it#\\\/schema\\\/logo\\\/image\\\/\"}}]}<\/script>\n<!-- \/ Yoast SEO plugin. -->","yoast_head_json":{"title":"Programma di conformit\u00e0 - Exemfoam","robots":{"index":"index","follow":"follow","max-snippet":"max-snippet:-1","max-image-preview":"max-image-preview:large","max-video-preview":"max-video-preview:-1"},"canonical":"https:\/\/exemfoam.eu\/it\/programma-di-conformita","og_locale":"it_IT","og_type":"article","og_title":"Programma di conformit\u00e0 - Exemfoam","og_description":"ExEm Foam Inc. Programma completo di conformit\u00e0 della California ExEm Foam Inc. si impegna a stabilire e mantenere un programma di conformit\u00e0 efficace in conformit\u00e0 con la Guida al Programma di Conformit\u00e0 pubblicata dal Dipartimento della Salute e dei Servizi Umani degli Stati Uniti, Ufficio dell&#8217;Ispettore Generale1 (la &#8220;Guida OIG&#8221;). Inoltre, l&#8217;industria sanitaria ha stabilito [&hellip;]","og_url":"https:\/\/exemfoam.eu\/it\/programma-di-conformita","og_site_name":"Exemfoam","article_modified_time":"2023-03-30T11:38:21+00:00","twitter_card":"summary_large_image","twitter_misc":{"Tempo di lettura stimato":"2 minuti"},"schema":{"@context":"https:\/\/schema.org","@graph":[{"@type":"WebPage","@id":"https:\/\/exemfoam.eu\/it\/programma-di-conformita","url":"https:\/\/exemfoam.eu\/it\/programma-di-conformita","name":"Programma di conformit\u00e0 - Exemfoam","isPartOf":{"@id":"https:\/\/exemfoam.eu\/it#website"},"datePublished":"2023-03-08T08:48:25+00:00","dateModified":"2023-03-30T11:38:21+00:00","breadcrumb":{"@id":"https:\/\/exemfoam.eu\/it\/programma-di-conformita#breadcrumb"},"inLanguage":"it-IT","potentialAction":[{"@type":"ReadAction","target":["https:\/\/exemfoam.eu\/it\/programma-di-conformita"]}]},{"@type":"BreadcrumbList","@id":"https:\/\/exemfoam.eu\/it\/programma-di-conformita#breadcrumb","itemListElement":[{"@type":"ListItem","position":1,"name":"Home","item":"https:\/\/exemfoam.eu\/it"},{"@type":"ListItem","position":2,"name":"Programma di conformit\u00e0"}]},{"@type":"WebSite","@id":"https:\/\/exemfoam.eu\/it#website","url":"https:\/\/exemfoam.eu\/it","name":"Exemfoam","description":"","publisher":{"@id":"https:\/\/exemfoam.eu\/it#organization"},"potentialAction":[{"@type":"SearchAction","target":{"@type":"EntryPoint","urlTemplate":"https:\/\/exemfoam.eu\/it?s={search_term_string}"},"query-input":{"@type":"PropertyValueSpecification","valueRequired":true,"valueName":"search_term_string"}}],"inLanguage":"it-IT"},{"@type":"Organization","@id":"https:\/\/exemfoam.eu\/it#organization","name":"Exemfoam","url":"https:\/\/exemfoam.eu\/it","logo":{"@type":"ImageObject","inLanguage":"it-IT","@id":"https:\/\/exemfoam.eu\/it#\/schema\/logo\/image\/","url":"https:\/\/exemfoam.eu\/wp-content\/uploads\/2023\/01\/Logo.png","contentUrl":"https:\/\/exemfoam.eu\/wp-content\/uploads\/2023\/01\/Logo.png","width":205,"height":42,"caption":"Exemfoam"},"image":{"@id":"https:\/\/exemfoam.eu\/it#\/schema\/logo\/image\/"}}]}},"_links":{"self":[{"href":"https:\/\/exemfoam.eu\/it\/wp-json\/wp\/v2\/pages\/2444","targetHints":{"allow":["GET"]}}],"collection":[{"href":"https:\/\/exemfoam.eu\/it\/wp-json\/wp\/v2\/pages"}],"about":[{"href":"https:\/\/exemfoam.eu\/it\/wp-json\/wp\/v2\/types\/page"}],"author":[{"embeddable":true,"href":"https:\/\/exemfoam.eu\/it\/wp-json\/wp\/v2\/users\/1"}],"replies":[{"embeddable":true,"href":"https:\/\/exemfoam.eu\/it\/wp-json\/wp\/v2\/comments?post=2444"}],"version-history":[{"count":2,"href":"https:\/\/exemfoam.eu\/it\/wp-json\/wp\/v2\/pages\/2444\/revisions"}],"predecessor-version":[{"id":2447,"href":"https:\/\/exemfoam.eu\/it\/wp-json\/wp\/v2\/pages\/2444\/revisions\/2447"}],"wp:attachment":[{"href":"https:\/\/exemfoam.eu\/it\/wp-json\/wp\/v2\/media?parent=2444"}],"curies":[{"name":"wp","href":"https:\/\/api.w.org\/{rel}","templated":true}]}}