{"id":2243,"date":"2023-03-08T08:26:53","date_gmt":"2023-03-08T08:26:53","guid":{"rendered":"https:\/\/exemfoamdev.resetwebstudio.nl\/dichiarazione-di-accessibilita"},"modified":"2023-03-30T11:37:34","modified_gmt":"2023-03-30T11:37:34","slug":"dichiarazione-di-accessibilita","status":"publish","type":"page","link":"https:\/\/exemfoam.eu\/it\/dichiarazione-di-accessibilita","title":{"rendered":"Dichiarazione di accessibilit\u00e0"},"content":{"rendered":"\t\t<div data-elementor-type=\"wp-page\" data-elementor-id=\"2243\" class=\"elementor elementor-2243 elementor-1597\" data-elementor-post-type=\"page\">\n\t\t\t\t\t\t<section class=\"elementor-section elementor-top-section elementor-element elementor-element-47a50db elementor-section-boxed elementor-section-height-default elementor-section-height-default\" data-id=\"47a50db\" data-element_type=\"section\" data-e-type=\"section\">\n\t\t\t\t\t\t<div class=\"elementor-container elementor-column-gap-default\">\n\t\t\t\t\t<div class=\"elementor-column elementor-col-100 elementor-top-column elementor-element elementor-element-e00a6cf\" data-id=\"e00a6cf\" data-element_type=\"column\" data-e-type=\"column\">\n\t\t\t<div class=\"elementor-widget-wrap elementor-element-populated\">\n\t\t\t\t\t\t<div class=\"elementor-element elementor-element-0166902 elementor-widget elementor-widget-heading\" data-id=\"0166902\" data-element_type=\"widget\" data-e-type=\"widget\" data-widget_type=\"heading.default\">\n\t\t\t\t<div class=\"elementor-widget-container\">\n\t\t\t\t\t<h1 class=\"elementor-heading-title elementor-size-default\">Dichiarazione di accessibilit\u00e0\n<\/h1>\t\t\t\t<\/div>\n\t\t\t\t<\/div>\n\t\t\t\t\t<\/div>\n\t\t<\/div>\n\t\t\t\t\t<\/div>\n\t\t<\/section>\n\t\t\t\t<section class=\"elementor-section elementor-top-section elementor-element elementor-element-2c4bdb7 elementor-section-boxed elementor-section-height-default elementor-section-height-default\" data-id=\"2c4bdb7\" data-element_type=\"section\" data-e-type=\"section\">\n\t\t\t\t\t\t<div class=\"elementor-container elementor-column-gap-default\">\n\t\t\t\t\t<div class=\"elementor-column elementor-col-100 elementor-top-column elementor-element elementor-element-c39b30f\" data-id=\"c39b30f\" data-element_type=\"column\" data-e-type=\"column\">\n\t\t\t<div class=\"elementor-widget-wrap elementor-element-populated\">\n\t\t\t\t\t\t<div class=\"elementor-element elementor-element-80d9362 elementor-widget elementor-widget-heading\" data-id=\"80d9362\" data-element_type=\"widget\" data-e-type=\"widget\" data-widget_type=\"heading.default\">\n\t\t\t\t<div class=\"elementor-widget-container\">\n\t\t\t\t\t<h2 class=\"elementor-heading-title elementor-size-default\">Generale  <\/h2>\t\t\t\t<\/div>\n\t\t\t\t<\/div>\n\t\t\t\t<div class=\"elementor-element elementor-element-da211b9 elementor-widget elementor-widget-text-editor\" data-id=\"da211b9\" data-element_type=\"widget\" data-e-type=\"widget\" data-widget_type=\"text-editor.default\">\n\t\t\t\t<div class=\"elementor-widget-container\">\n\t\t\t\t\t\t\t\t\t<p>ExEm\u00ae Foam si impegna a garantire che i suoi servizi siano accessibili alle persone con disabilit\u00e0. ExEm\u00ae Foam ha investito una quantit\u00e0 significativa di risorse per garantire che il suo sito web sia pi\u00f9 facile da usare e pi\u00f9 accessibile per le persone con disabilit\u00e0, con la forte convinzione che ogni persona abbia il diritto di vivere con dignit\u00e0, uguaglianza, comfort e indipendenza.<\/p>\n\t\t\t\t\t\t\t\t<\/div>\n\t\t\t\t<\/div>\n\t\t\t\t<div class=\"elementor-element elementor-element-6c5cdea elementor-widget elementor-widget-heading\" data-id=\"6c5cdea\" data-element_type=\"widget\" data-e-type=\"widget\" data-widget_type=\"heading.default\">\n\t\t\t\t<div class=\"elementor-widget-container\">\n\t\t\t\t\t<h2 class=\"elementor-heading-title elementor-size-default\">Accessibilit\u00e0 su Https:\/\/www.exemfoam.com\/<\/h2>\t\t\t\t<\/div>\n\t\t\t\t<\/div>\n\t\t\t\t<div class=\"elementor-element elementor-element-59bd31b elementor-widget elementor-widget-text-editor\" data-id=\"59bd31b\" data-element_type=\"widget\" data-e-type=\"widget\" data-widget_type=\"text-editor.default\">\n\t\t\t\t<div class=\"elementor-widget-container\">\n\t\t\t\t\t\t\t\t\t<p data-fusion-font=\"true\">Https:\/\/www.exemfoam.com\/ rende disponibile il Widget per l&#8217;accessibilit\u00e0 del sito Web di UserWay, alimentato da un server dedicato all&#8217;accessibilit\u00e0. Il software consente a Https:\/\/www.exemfoam.com\/ di migliorare la propria conformit\u00e0 alle linee guida per l&#8217;accessibilit\u00e0 dei contenuti web (WCAG 2.1).<\/p>\n\t\t\t\t\t\t\t\t<\/div>\n\t\t\t\t<\/div>\n\t\t\t\t<div class=\"elementor-element elementor-element-27b9cf7 elementor-widget elementor-widget-heading\" data-id=\"27b9cf7\" data-element_type=\"widget\" data-e-type=\"widget\" data-widget_type=\"heading.default\">\n\t\t\t\t<div class=\"elementor-widget-container\">\n\t\t\t\t\t<h2 class=\"elementor-heading-title elementor-size-default\">Abilitazione del menu Accessibilit\u00e0\n<\/h2>\t\t\t\t<\/div>\n\t\t\t\t<\/div>\n\t\t\t\t<div class=\"elementor-element elementor-element-f420119 elementor-widget elementor-widget-text-editor\" data-id=\"f420119\" data-element_type=\"widget\" data-e-type=\"widget\" data-widget_type=\"text-editor.default\">\n\t\t\t\t<div class=\"elementor-widget-container\">\n\t\t\t\t\t\t\t\t\t<p>Il menu di accessibilit\u00e0 Https:\/\/www.exemfoam.com\/ pu\u00f2 essere attivato premendo il tasto tab al primo caricamento della pagina o facendo clic sull&#8217;icona del menu di accessibilit\u00e0 che appare nell&#8217;angolo della pagina. Dopo aver attivato il menu di accessibilit\u00e0, si prega di attendere un attimo affinch\u00e9 il menu di accessibilit\u00e0 venga caricato interamente.<\/p>\n\t\t\t\t\t\t\t\t<\/div>\n\t\t\t\t<\/div>\n\t\t\t\t<div class=\"elementor-element elementor-element-8c7ac92 elementor-widget elementor-widget-heading\" data-id=\"8c7ac92\" data-element_type=\"widget\" data-e-type=\"widget\" data-widget_type=\"heading.default\">\n\t\t\t\t<div class=\"elementor-widget-container\">\n\t\t\t\t\t<h2 class=\"elementor-heading-title elementor-size-default\">Dichiarazione di non responsabilit\u00e0<\/h2>\t\t\t\t<\/div>\n\t\t\t\t<\/div>\n\t\t\t\t<div class=\"elementor-element elementor-element-8214fd8 elementor-widget elementor-widget-text-editor\" data-id=\"8214fd8\" data-element_type=\"widget\" data-e-type=\"widget\" data-widget_type=\"text-editor.default\">\n\t\t\t\t<div class=\"elementor-widget-container\">\n\t\t\t\t\t\t\t\t\t<p data-fusion-font=\"true\">ExEm\u00ae Foam continua a impegnarsi per migliorare costantemente l&#8217;accessibilit\u00e0 del proprio sito e dei propri servizi, nella convinzione che sia nostro obbligo morale collettivo consentire un utilizzo senza soluzione di continuit\u00e0, accessibile e senza ostacoli anche a coloro che sono affetti da disabilit\u00e0.<\/p>\n<p><span data-fusion-font=\"true\">Nel tentativo di migliorare e correggere continuamente i problemi di accessibilit\u00e0, effettuiamo regolarmente una scansione di Https:\/\/www.exemfoam.com\/ con UserWay per identificare e correggere ogni possibile barriera di accessibilit\u00e0 sul nostro sito.<\/span><br \/><span data-fusion-font=\"true\"><br \/>Nonostante i nostri sforzi per rendere pienamente accessibili tutte le pagine e i contenuti di Https:\/\/www.exemfoam.com\/, alcuni contenuti potrebbero non essere ancora stati adattati ai pi\u00f9 severi standard di accessibilit\u00e0. Questo pu\u00f2 essere il risultato di non aver trovato o identificato la soluzione tecnologica pi\u00f9 appropriata.<\/span><\/p>\n\t\t\t\t\t\t\t\t<\/div>\n\t\t\t\t<\/div>\n\t\t\t\t<div class=\"elementor-element elementor-element-d8cb1c0 elementor-widget elementor-widget-heading\" data-id=\"d8cb1c0\" data-element_type=\"widget\" data-e-type=\"widget\" data-widget_type=\"heading.default\">\n\t\t\t\t<div class=\"elementor-widget-container\">\n\t\t\t\t\t<h2 class=\"elementor-heading-title elementor-size-default\">Qui per voi\n<\/h2>\t\t\t\t<\/div>\n\t\t\t\t<\/div>\n\t\t\t\t<div class=\"elementor-element elementor-element-e520b9b elementor-widget elementor-widget-text-editor\" data-id=\"e520b9b\" data-element_type=\"widget\" data-e-type=\"widget\" data-widget_type=\"text-editor.default\">\n\t\t\t\t<div class=\"elementor-widget-container\">\n\t\t\t\t\t\t\t\t\t<p>In caso di difficolt\u00e0 con qualsiasi contenuto di Https:\/\/www.exemfoam.com\/ o di necessit\u00e0 di assistenza con qualsiasi parte del nostro sito, vi preghiamo di contattarci durante il normale orario di lavoro come indicato di seguito e saremo lieti di assistervi.<\/p>\n\t\t\t\t\t\t\t\t<\/div>\n\t\t\t\t<\/div>\n\t\t\t\t<div class=\"elementor-element elementor-element-42910fa elementor-widget elementor-widget-heading\" data-id=\"42910fa\" data-element_type=\"widget\" data-e-type=\"widget\" data-widget_type=\"heading.default\">\n\t\t\t\t<div class=\"elementor-widget-container\">\n\t\t\t\t\t<h2 class=\"elementor-heading-title elementor-size-default\">Contatto\n<\/h2>\t\t\t\t<\/div>\n\t\t\t\t<\/div>\n\t\t\t\t<div class=\"elementor-element elementor-element-fb6c725 elementor-widget elementor-widget-text-editor\" data-id=\"fb6c725\" data-element_type=\"widget\" data-e-type=\"widget\" data-widget_type=\"text-editor.default\">\n\t\t\t\t<div class=\"elementor-widget-container\">\n\t\t\t\t\t\t\t\t\t<p data-fusion-font=\"true\">Se desiderate segnalare un problema di accessibilit\u00e0, se avete domande o bisogno di assistenza, contattate l&#8217;assistenza clienti ExEm\u00ae Foam come segue:<\/p>\n<p><span data-fusion-font=\"true\">Email: <\/span><a href=\"mailto:henry@iq-medicalventures.com\" data-fusion-font=\"true\">contact@exemfoam.com<\/a><br \/><span data-fusion-font=\"true\"><br \/>Telefono: (888) 963.3936<\/span><\/p>\n\t\t\t\t\t\t\t\t<\/div>\n\t\t\t\t<\/div>\n\t\t\t\t\t<\/div>\n\t\t<\/div>\n\t\t\t\t\t<\/div>\n\t\t<\/section>\n\t\t\t\t<section class=\"elementor-section elementor-top-section elementor-element elementor-element-3a8d1fd elementor-section-boxed elementor-section-height-default elementor-section-height-default\" data-id=\"3a8d1fd\" data-element_type=\"section\" data-e-type=\"section\">\n\t\t\t\t\t\t<div class=\"elementor-container elementor-column-gap-default\">\n\t\t\t\t\t<div class=\"elementor-column elementor-col-100 elementor-top-column elementor-element elementor-element-a064e12\" data-id=\"a064e12\" data-element_type=\"column\" data-e-type=\"column\">\n\t\t\t<div class=\"elementor-widget-wrap\">\n\t\t\t\t\t\t\t<\/div>\n\t\t<\/div>\n\t\t\t\t\t<\/div>\n\t\t<\/section>\n\t\t\t\t<\/div>\n\t\t","protected":false},"excerpt":{"rendered":"<p>Dichiarazione di accessibilit\u00e0 Generale ExEm\u00ae Foam si impegna a garantire che i suoi servizi siano accessibili alle persone con disabilit\u00e0. ExEm\u00ae Foam ha investito una quantit\u00e0 significativa di risorse per garantire che il suo sito web sia pi\u00f9 facile da usare e pi\u00f9 accessibile per le persone con disabilit\u00e0, con la forte convinzione che ogni [&hellip;]<\/p>\n","protected":false},"author":1,"featured_media":0,"parent":0,"menu_order":0,"comment_status":"closed","ping_status":"closed","template":"","meta":{"footnotes":""},"class_list":["post-2243","page","type-page","status-publish","hentry"],"yoast_head":"<!-- This site is optimized with the Yoast SEO plugin v27.3 - https:\/\/yoast.com\/product\/yoast-seo-wordpress\/ -->\n<title>Dichiarazione di accessibilit\u00e0 - Exemfoam<\/title>\n<meta name=\"robots\" content=\"index, follow, max-snippet:-1, max-image-preview:large, max-video-preview:-1\" \/>\n<link rel=\"canonical\" href=\"https:\/\/exemfoam.eu\/it\/dichiarazione-di-accessibilita\" \/>\n<meta property=\"og:locale\" content=\"it_IT\" \/>\n<meta property=\"og:type\" content=\"article\" \/>\n<meta property=\"og:title\" content=\"Dichiarazione di accessibilit\u00e0 - Exemfoam\" \/>\n<meta property=\"og:description\" content=\"Dichiarazione di accessibilit\u00e0 Generale ExEm\u00ae Foam si impegna a garantire che i suoi servizi siano accessibili alle persone con disabilit\u00e0. ExEm\u00ae Foam ha investito una quantit\u00e0 significativa di risorse per garantire che il suo sito web sia pi\u00f9 facile da usare e pi\u00f9 accessibile per le persone con disabilit\u00e0, con la forte convinzione che ogni [&hellip;]\" \/>\n<meta property=\"og:url\" content=\"https:\/\/exemfoam.eu\/it\/dichiarazione-di-accessibilita\" \/>\n<meta property=\"og:site_name\" content=\"Exemfoam\" \/>\n<meta property=\"article:modified_time\" content=\"2023-03-30T11:37:34+00:00\" \/>\n<meta name=\"twitter:card\" content=\"summary_large_image\" \/>\n<meta name=\"twitter:label1\" content=\"Tempo di lettura stimato\" \/>\n\t<meta name=\"twitter:data1\" content=\"2 minuti\" \/>\n<script type=\"application\/ld+json\" class=\"yoast-schema-graph\">{\"@context\":\"https:\\\/\\\/schema.org\",\"@graph\":[{\"@type\":\"WebPage\",\"@id\":\"https:\\\/\\\/exemfoam.eu\\\/it\\\/dichiarazione-di-accessibilita\",\"url\":\"https:\\\/\\\/exemfoam.eu\\\/it\\\/dichiarazione-di-accessibilita\",\"name\":\"Dichiarazione di accessibilit\u00e0 - Exemfoam\",\"isPartOf\":{\"@id\":\"https:\\\/\\\/exemfoam.eu\\\/it#website\"},\"datePublished\":\"2023-03-08T08:26:53+00:00\",\"dateModified\":\"2023-03-30T11:37:34+00:00\",\"breadcrumb\":{\"@id\":\"https:\\\/\\\/exemfoam.eu\\\/it\\\/dichiarazione-di-accessibilita#breadcrumb\"},\"inLanguage\":\"it-IT\",\"potentialAction\":[{\"@type\":\"ReadAction\",\"target\":[\"https:\\\/\\\/exemfoam.eu\\\/it\\\/dichiarazione-di-accessibilita\"]}]},{\"@type\":\"BreadcrumbList\",\"@id\":\"https:\\\/\\\/exemfoam.eu\\\/it\\\/dichiarazione-di-accessibilita#breadcrumb\",\"itemListElement\":[{\"@type\":\"ListItem\",\"position\":1,\"name\":\"Home\",\"item\":\"https:\\\/\\\/exemfoam.eu\\\/it\"},{\"@type\":\"ListItem\",\"position\":2,\"name\":\"Dichiarazione di accessibilit\u00e0\"}]},{\"@type\":\"WebSite\",\"@id\":\"https:\\\/\\\/exemfoam.eu\\\/it#website\",\"url\":\"https:\\\/\\\/exemfoam.eu\\\/it\",\"name\":\"Exemfoam\",\"description\":\"\",\"publisher\":{\"@id\":\"https:\\\/\\\/exemfoam.eu\\\/it#organization\"},\"potentialAction\":[{\"@type\":\"SearchAction\",\"target\":{\"@type\":\"EntryPoint\",\"urlTemplate\":\"https:\\\/\\\/exemfoam.eu\\\/it?s={search_term_string}\"},\"query-input\":{\"@type\":\"PropertyValueSpecification\",\"valueRequired\":true,\"valueName\":\"search_term_string\"}}],\"inLanguage\":\"it-IT\"},{\"@type\":\"Organization\",\"@id\":\"https:\\\/\\\/exemfoam.eu\\\/it#organization\",\"name\":\"Exemfoam\",\"url\":\"https:\\\/\\\/exemfoam.eu\\\/it\",\"logo\":{\"@type\":\"ImageObject\",\"inLanguage\":\"it-IT\",\"@id\":\"https:\\\/\\\/exemfoam.eu\\\/it#\\\/schema\\\/logo\\\/image\\\/\",\"url\":\"https:\\\/\\\/exemfoam.eu\\\/wp-content\\\/uploads\\\/2023\\\/01\\\/Logo.png\",\"contentUrl\":\"https:\\\/\\\/exemfoam.eu\\\/wp-content\\\/uploads\\\/2023\\\/01\\\/Logo.png\",\"width\":205,\"height\":42,\"caption\":\"Exemfoam\"},\"image\":{\"@id\":\"https:\\\/\\\/exemfoam.eu\\\/it#\\\/schema\\\/logo\\\/image\\\/\"}}]}<\/script>\n<!-- \/ Yoast SEO plugin. -->","yoast_head_json":{"title":"Dichiarazione di accessibilit\u00e0 - Exemfoam","robots":{"index":"index","follow":"follow","max-snippet":"max-snippet:-1","max-image-preview":"max-image-preview:large","max-video-preview":"max-video-preview:-1"},"canonical":"https:\/\/exemfoam.eu\/it\/dichiarazione-di-accessibilita","og_locale":"it_IT","og_type":"article","og_title":"Dichiarazione di accessibilit\u00e0 - Exemfoam","og_description":"Dichiarazione di accessibilit\u00e0 Generale ExEm\u00ae Foam si impegna a garantire che i suoi servizi siano accessibili alle persone con disabilit\u00e0. ExEm\u00ae Foam ha investito una quantit\u00e0 significativa di risorse per garantire che il suo sito web sia pi\u00f9 facile da usare e pi\u00f9 accessibile per le persone con disabilit\u00e0, con la forte convinzione che ogni [&hellip;]","og_url":"https:\/\/exemfoam.eu\/it\/dichiarazione-di-accessibilita","og_site_name":"Exemfoam","article_modified_time":"2023-03-30T11:37:34+00:00","twitter_card":"summary_large_image","twitter_misc":{"Tempo di lettura stimato":"2 minuti"},"schema":{"@context":"https:\/\/schema.org","@graph":[{"@type":"WebPage","@id":"https:\/\/exemfoam.eu\/it\/dichiarazione-di-accessibilita","url":"https:\/\/exemfoam.eu\/it\/dichiarazione-di-accessibilita","name":"Dichiarazione di accessibilit\u00e0 - Exemfoam","isPartOf":{"@id":"https:\/\/exemfoam.eu\/it#website"},"datePublished":"2023-03-08T08:26:53+00:00","dateModified":"2023-03-30T11:37:34+00:00","breadcrumb":{"@id":"https:\/\/exemfoam.eu\/it\/dichiarazione-di-accessibilita#breadcrumb"},"inLanguage":"it-IT","potentialAction":[{"@type":"ReadAction","target":["https:\/\/exemfoam.eu\/it\/dichiarazione-di-accessibilita"]}]},{"@type":"BreadcrumbList","@id":"https:\/\/exemfoam.eu\/it\/dichiarazione-di-accessibilita#breadcrumb","itemListElement":[{"@type":"ListItem","position":1,"name":"Home","item":"https:\/\/exemfoam.eu\/it"},{"@type":"ListItem","position":2,"name":"Dichiarazione di accessibilit\u00e0"}]},{"@type":"WebSite","@id":"https:\/\/exemfoam.eu\/it#website","url":"https:\/\/exemfoam.eu\/it","name":"Exemfoam","description":"","publisher":{"@id":"https:\/\/exemfoam.eu\/it#organization"},"potentialAction":[{"@type":"SearchAction","target":{"@type":"EntryPoint","urlTemplate":"https:\/\/exemfoam.eu\/it?s={search_term_string}"},"query-input":{"@type":"PropertyValueSpecification","valueRequired":true,"valueName":"search_term_string"}}],"inLanguage":"it-IT"},{"@type":"Organization","@id":"https:\/\/exemfoam.eu\/it#organization","name":"Exemfoam","url":"https:\/\/exemfoam.eu\/it","logo":{"@type":"ImageObject","inLanguage":"it-IT","@id":"https:\/\/exemfoam.eu\/it#\/schema\/logo\/image\/","url":"https:\/\/exemfoam.eu\/wp-content\/uploads\/2023\/01\/Logo.png","contentUrl":"https:\/\/exemfoam.eu\/wp-content\/uploads\/2023\/01\/Logo.png","width":205,"height":42,"caption":"Exemfoam"},"image":{"@id":"https:\/\/exemfoam.eu\/it#\/schema\/logo\/image\/"}}]}},"_links":{"self":[{"href":"https:\/\/exemfoam.eu\/it\/wp-json\/wp\/v2\/pages\/2243","targetHints":{"allow":["GET"]}}],"collection":[{"href":"https:\/\/exemfoam.eu\/it\/wp-json\/wp\/v2\/pages"}],"about":[{"href":"https:\/\/exemfoam.eu\/it\/wp-json\/wp\/v2\/types\/page"}],"author":[{"embeddable":true,"href":"https:\/\/exemfoam.eu\/it\/wp-json\/wp\/v2\/users\/1"}],"replies":[{"embeddable":true,"href":"https:\/\/exemfoam.eu\/it\/wp-json\/wp\/v2\/comments?post=2243"}],"version-history":[{"count":5,"href":"https:\/\/exemfoam.eu\/it\/wp-json\/wp\/v2\/pages\/2243\/revisions"}],"predecessor-version":[{"id":2396,"href":"https:\/\/exemfoam.eu\/it\/wp-json\/wp\/v2\/pages\/2243\/revisions\/2396"}],"wp:attachment":[{"href":"https:\/\/exemfoam.eu\/it\/wp-json\/wp\/v2\/media?parent=2243"}],"curies":[{"name":"wp","href":"https:\/\/api.w.org\/{rel}","templated":true}]}}