{"id":2448,"date":"2023-01-30T15:10:54","date_gmt":"2023-01-30T15:10:54","guid":{"rendered":"https:\/\/exemfoamdev.resetwebstudio.nl\/informations-sur-la-securite"},"modified":"2025-02-18T19:50:39","modified_gmt":"2025-02-18T19:50:39","slug":"informations-sur-la-securite","status":"publish","type":"page","link":"https:\/\/exemfoam.eu\/fr\/informations-sur-la-securite","title":{"rendered":"Informations sur la s\u00e9curit\u00e9"},"content":{"rendered":"\t\t<div data-elementor-type=\"wp-page\" data-elementor-id=\"2448\" class=\"elementor elementor-2448 elementor-503\" data-elementor-post-type=\"page\">\n\t\t\t\t\t\t<section class=\"elementor-section elementor-top-section elementor-element elementor-element-4d45472 elementor-section-boxed elementor-section-height-default elementor-section-height-default\" data-id=\"4d45472\" data-element_type=\"section\" data-e-type=\"section\">\n\t\t\t\t\t\t<div class=\"elementor-container elementor-column-gap-default\">\n\t\t\t\t\t<div class=\"elementor-column elementor-col-100 elementor-top-column elementor-element elementor-element-269fe7f\" data-id=\"269fe7f\" data-element_type=\"column\" data-e-type=\"column\">\n\t\t\t<div class=\"elementor-widget-wrap elementor-element-populated\">\n\t\t\t\t\t\t<div class=\"elementor-element elementor-element-480dcea elementor-widget elementor-widget-text-editor\" data-id=\"480dcea\" data-element_type=\"widget\" data-e-type=\"widget\" data-widget_type=\"text-editor.default\">\n\t\t\t\t<div class=\"elementor-widget-container\">\n\t\t\t\t\t\t\t\t\t<h2><span style=\"font-size: 2rem; letter-spacing: var( --e-global-typography-text-letter-spacing );\">Informations importantes en mati\u00e8re de s\u00e9curit\u00e9 :<\/span><span style=\"font-family: inherit; font-size: 2rem; letter-spacing: var( --e-global-typography-text-letter-spacing );\"> <\/span><\/h2>\n<p>Le kit ExEm\u00ae Foam est destin\u00e9 \u00e0 \u00eatre utilis\u00e9 par des professionnels de la sant\u00e9 comp\u00e9tents en mati\u00e8re de test de perm\u00e9abilit\u00e9 des trompes par ultrasons. Le kit de mousse ExEm\u00ae est destin\u00e9 \u00e0 un usage unique.<br \/>Contre-indications<br \/>&#8211; Ne pas utiliser la mousse pendant la grossesse.<br \/>&#8211; Ne pas utiliser la mousse si la patiente est susceptible d&rsquo;\u00eatre enceinte.<br \/>&#8211; Ne pas utiliser la mousse entre l&rsquo;ovulation et la menstruation.<br \/>&#8211; Ne pas utiliser la mousse en pr\u00e9sence d&rsquo;une infection pelvienne active, de maladies sexuellement transmissibles et de saignements abondants.<br \/>&#8211; Ne pas utiliser la mousse en cas d&rsquo;allergie \u00e0 l&rsquo;un des composants du gel ExEm\u00ae (hydroxy\u00e9thylcellulose, glyc\u00e9rol et l&rsquo;eau purifi\u00e9e).<\/p>\n<h2>Pr\u00e9cautions et avertissements<\/h2>\n<p>&#8211; Le kit de mousse ExEm\u00ae doit \u00eatre consid\u00e9r\u00e9 comme un d\u00e9chet m\u00e9dical contamin\u00e9 apr\u00e8s utilisation.<br \/>&#8211; Ne pas utiliser si l&#8217;emballage a \u00e9t\u00e9 ouvert ou endommag\u00e9.<br \/>&#8211; Ce dispositif est destin\u00e9 \u00e0 un usage unique. Toute mousse non utilis\u00e9e au cours d&rsquo;une session d&rsquo;examen doit \u00eatre jet\u00e9e.<br \/>&#8211; Ne pas r\u00e9utiliser, st\u00e9riliser \u00e0 nouveau ou st\u00e9riliser \u00e0 l&rsquo;autoclave. La r\u00e9utilisation de dispositifs \u00e0 usage unique cr\u00e9e un risque potentiel d&rsquo;infection du patient ou de l&rsquo;utilisateur.<br \/>La contamination du dispositif peut entra\u00eener une blessure, une maladie ou le d\u00e9c\u00e8s du patient. Le nettoyage, la d\u00e9sinfection et la st\u00e9rilisation<br \/>peuvent compromettre les caract\u00e9ristiques essentielles des mat\u00e9riaux et de la conception, entra\u00eenant une d\u00e9faillance du dispositif. Le fabricant ne sera pas responsable des dommages directs, accessoires ou indirects r\u00e9sultant de la re-st\u00e9rilisation ou de la r\u00e9utilisation.<br \/>&#8211; Ne pas utiliser le kit ExEm\u00ae Foam apr\u00e8s la date de p\u00e9remption du gel ExEm\u00ae, de l&rsquo;eau ExEm\u00ae, du dispositif de couplage et\/ou du cath\u00e9ter GIS.<br \/>le cath\u00e9ter GIS.<br \/>&#8211; Ne pas utiliser le gel ExEm\u00ae et l&rsquo;eau ExEm\u00ae s\u00e9par\u00e9ment pour l&rsquo;\u00e9chographie hyst\u00e9rosalpingo.<br \/>&#8211; Le gel ExEm\u00ae et l&rsquo;eau ExEm\u00ae ne doivent pas \u00eatre utilis\u00e9s pour des injections.<br \/>Remarque Certaines patientes peuvent pr\u00e9senter des contractions ut\u00e9rines douloureuses, une r\u00e9action vaso-vagale, des douleurs abdominales, une perte de liquide ou des pertes de sang. Ces sympt\u00f4mes sont bien connus et li\u00e9s \u00e0 toutes les proc\u00e9dures de test de perm\u00e9abilit\u00e9 intra-ut\u00e9rine et tubaire. La douleur<br \/>le traitement doit \u00eatre conforme au protocole local.<\/p>\n<h2 style=\"font-family: Poppins, sans-serif; color: #324a6d;\">Rapport de s\u00e9curit\u00e9<\/h2>\n<p>\u00ab En cas d&rsquo;incident survenu pendant l&rsquo;utilisation ou li\u00e9 \u00e0 l&rsquo;utilisation du dispositif m\u00e9dical Exem Foam, nous vous demandons de contacter imm\u00e9diatement votre conseiller m\u00e9dical et notre \u00e9quipe de s\u00e9curit\u00e9.<\/p>\n<p>Pour obtenir de l&rsquo;aide, veuillez envoyer un courriel contenant une description d\u00e9taill\u00e9e de l&rsquo;incident ainsi que vos coordonn\u00e9es aux adresses \u00e9lectroniques suivantes :<\/p>\n<p><a href=\"safety@giskitmd.com\">safety@giskitmd.com<\/a>, or <a href=\"md_vigilance@richter.hu\">md_vigilance@richter.hu<\/a>\u201d<\/p>\n<h2 style=\"font-family: Poppins, sans-serif; color: #324a6d;\"><a style=\"font-family: var( --e-global-typography-text-font-family ), Sans-serif; font-size: var( --e-global-typography-text-font-size ); letter-spacing: var( --e-global-typography-text-letter-spacing );\" href=\"https:\/\/exemfoam.eu\/wp-content\/uploads\/2023\/10\/ExEm-Foam.IFU_.Universal.Version-2.3_2023-05-01.pdf\"><u>Cliquez ici pour plus d&rsquo;informations<\/u><\/a><\/h2>\n\t\t\t\t\t\t\t\t<\/div>\n\t\t\t\t<\/div>\n\t\t\t\t\t<\/div>\n\t\t<\/div>\n\t\t\t\t\t<\/div>\n\t\t<\/section>\n\t\t\t\t<\/div>\n\t\t","protected":false},"excerpt":{"rendered":"<p>Informations importantes en mati\u00e8re de s\u00e9curit\u00e9 : Le kit ExEm\u00ae Foam est destin\u00e9 \u00e0 \u00eatre utilis\u00e9 par des professionnels de la sant\u00e9 comp\u00e9tents en mati\u00e8re de test de perm\u00e9abilit\u00e9 des trompes par ultrasons. Le kit de mousse ExEm\u00ae est destin\u00e9 \u00e0 un usage unique.Contre-indications&#8211; Ne pas utiliser la mousse pendant la grossesse.&#8211; Ne pas utiliser [&hellip;]<\/p>\n","protected":false},"author":1,"featured_media":0,"parent":0,"menu_order":0,"comment_status":"closed","ping_status":"closed","template":"","meta":{"footnotes":""},"class_list":["post-2448","page","type-page","status-publish","hentry"],"yoast_head":"<!-- This site is optimized with the Yoast SEO plugin v27.4 - https:\/\/yoast.com\/product\/yoast-seo-wordpress\/ -->\n<title>Informations sur la s\u00e9curit\u00e9 - Exemfoam<\/title>\n<meta name=\"robots\" content=\"index, follow, max-snippet:-1, max-image-preview:large, max-video-preview:-1\" \/>\n<link rel=\"canonical\" href=\"https:\/\/exemfoam.eu\/fr\/informations-sur-la-securite\" \/>\n<meta property=\"og:locale\" content=\"fr_FR\" \/>\n<meta property=\"og:type\" content=\"article\" \/>\n<meta property=\"og:title\" content=\"Informations sur la s\u00e9curit\u00e9 - Exemfoam\" \/>\n<meta property=\"og:description\" content=\"Informations importantes en mati\u00e8re de s\u00e9curit\u00e9 : Le kit ExEm\u00ae Foam est destin\u00e9 \u00e0 \u00eatre utilis\u00e9 par des professionnels de la sant\u00e9 comp\u00e9tents en mati\u00e8re de test de perm\u00e9abilit\u00e9 des trompes par ultrasons. Le kit de mousse ExEm\u00ae est destin\u00e9 \u00e0 un usage unique.Contre-indications&#8211; Ne pas utiliser la mousse pendant la grossesse.&#8211; Ne pas utiliser [&hellip;]\" \/>\n<meta property=\"og:url\" content=\"https:\/\/exemfoam.eu\/fr\/informations-sur-la-securite\" \/>\n<meta property=\"og:site_name\" content=\"Exemfoam\" \/>\n<meta property=\"article:modified_time\" content=\"2025-02-18T19:50:39+00:00\" \/>\n<meta name=\"twitter:card\" content=\"summary_large_image\" \/>\n<meta name=\"twitter:label1\" content=\"Dur\u00e9e de lecture estim\u00e9e\" \/>\n\t<meta name=\"twitter:data1\" content=\"2 minutes\" \/>\n<script type=\"application\/ld+json\" class=\"yoast-schema-graph\">{\"@context\":\"https:\\\/\\\/schema.org\",\"@graph\":[{\"@type\":\"WebPage\",\"@id\":\"https:\\\/\\\/exemfoam.eu\\\/fr\\\/informations-sur-la-securite\",\"url\":\"https:\\\/\\\/exemfoam.eu\\\/fr\\\/informations-sur-la-securite\",\"name\":\"Informations sur la s\u00e9curit\u00e9 - Exemfoam\",\"isPartOf\":{\"@id\":\"https:\\\/\\\/exemfoam.eu\\\/fr#website\"},\"datePublished\":\"2023-01-30T15:10:54+00:00\",\"dateModified\":\"2025-02-18T19:50:39+00:00\",\"breadcrumb\":{\"@id\":\"https:\\\/\\\/exemfoam.eu\\\/fr\\\/informations-sur-la-securite#breadcrumb\"},\"inLanguage\":\"fr-FR\",\"potentialAction\":[{\"@type\":\"ReadAction\",\"target\":[\"https:\\\/\\\/exemfoam.eu\\\/fr\\\/informations-sur-la-securite\"]}]},{\"@type\":\"BreadcrumbList\",\"@id\":\"https:\\\/\\\/exemfoam.eu\\\/fr\\\/informations-sur-la-securite#breadcrumb\",\"itemListElement\":[{\"@type\":\"ListItem\",\"position\":1,\"name\":\"Home\",\"item\":\"https:\\\/\\\/exemfoam.eu\\\/fr\\\/accueil\"},{\"@type\":\"ListItem\",\"position\":2,\"name\":\"Informations sur la s\u00e9curit\u00e9\"}]},{\"@type\":\"WebSite\",\"@id\":\"https:\\\/\\\/exemfoam.eu\\\/fr#website\",\"url\":\"https:\\\/\\\/exemfoam.eu\\\/fr\",\"name\":\"Exemfoam\",\"description\":\"\",\"publisher\":{\"@id\":\"https:\\\/\\\/exemfoam.eu\\\/fr#organization\"},\"potentialAction\":[{\"@type\":\"SearchAction\",\"target\":{\"@type\":\"EntryPoint\",\"urlTemplate\":\"https:\\\/\\\/exemfoam.eu\\\/fr?s={search_term_string}\"},\"query-input\":{\"@type\":\"PropertyValueSpecification\",\"valueRequired\":true,\"valueName\":\"search_term_string\"}}],\"inLanguage\":\"fr-FR\"},{\"@type\":\"Organization\",\"@id\":\"https:\\\/\\\/exemfoam.eu\\\/fr#organization\",\"name\":\"Exemfoam\",\"url\":\"https:\\\/\\\/exemfoam.eu\\\/fr\",\"logo\":{\"@type\":\"ImageObject\",\"inLanguage\":\"fr-FR\",\"@id\":\"https:\\\/\\\/exemfoam.eu\\\/fr#\\\/schema\\\/logo\\\/image\\\/\",\"url\":\"https:\\\/\\\/exemfoam.eu\\\/wp-content\\\/uploads\\\/2023\\\/01\\\/Logo.png\",\"contentUrl\":\"https:\\\/\\\/exemfoam.eu\\\/wp-content\\\/uploads\\\/2023\\\/01\\\/Logo.png\",\"width\":205,\"height\":42,\"caption\":\"Exemfoam\"},\"image\":{\"@id\":\"https:\\\/\\\/exemfoam.eu\\\/fr#\\\/schema\\\/logo\\\/image\\\/\"}}]}<\/script>\n<!-- \/ Yoast SEO plugin. -->","yoast_head_json":{"title":"Informations sur la s\u00e9curit\u00e9 - Exemfoam","robots":{"index":"index","follow":"follow","max-snippet":"max-snippet:-1","max-image-preview":"max-image-preview:large","max-video-preview":"max-video-preview:-1"},"canonical":"https:\/\/exemfoam.eu\/fr\/informations-sur-la-securite","og_locale":"fr_FR","og_type":"article","og_title":"Informations sur la s\u00e9curit\u00e9 - Exemfoam","og_description":"Informations importantes en mati\u00e8re de s\u00e9curit\u00e9 : Le kit ExEm\u00ae Foam est destin\u00e9 \u00e0 \u00eatre utilis\u00e9 par des professionnels de la sant\u00e9 comp\u00e9tents en mati\u00e8re de test de perm\u00e9abilit\u00e9 des trompes par ultrasons. Le kit de mousse ExEm\u00ae est destin\u00e9 \u00e0 un usage unique.Contre-indications&#8211; Ne pas utiliser la mousse pendant la grossesse.&#8211; Ne pas utiliser [&hellip;]","og_url":"https:\/\/exemfoam.eu\/fr\/informations-sur-la-securite","og_site_name":"Exemfoam","article_modified_time":"2025-02-18T19:50:39+00:00","twitter_card":"summary_large_image","twitter_misc":{"Dur\u00e9e de lecture estim\u00e9e":"2 minutes"},"schema":{"@context":"https:\/\/schema.org","@graph":[{"@type":"WebPage","@id":"https:\/\/exemfoam.eu\/fr\/informations-sur-la-securite","url":"https:\/\/exemfoam.eu\/fr\/informations-sur-la-securite","name":"Informations sur la s\u00e9curit\u00e9 - Exemfoam","isPartOf":{"@id":"https:\/\/exemfoam.eu\/fr#website"},"datePublished":"2023-01-30T15:10:54+00:00","dateModified":"2025-02-18T19:50:39+00:00","breadcrumb":{"@id":"https:\/\/exemfoam.eu\/fr\/informations-sur-la-securite#breadcrumb"},"inLanguage":"fr-FR","potentialAction":[{"@type":"ReadAction","target":["https:\/\/exemfoam.eu\/fr\/informations-sur-la-securite"]}]},{"@type":"BreadcrumbList","@id":"https:\/\/exemfoam.eu\/fr\/informations-sur-la-securite#breadcrumb","itemListElement":[{"@type":"ListItem","position":1,"name":"Home","item":"https:\/\/exemfoam.eu\/fr\/accueil"},{"@type":"ListItem","position":2,"name":"Informations sur la s\u00e9curit\u00e9"}]},{"@type":"WebSite","@id":"https:\/\/exemfoam.eu\/fr#website","url":"https:\/\/exemfoam.eu\/fr","name":"Exemfoam","description":"","publisher":{"@id":"https:\/\/exemfoam.eu\/fr#organization"},"potentialAction":[{"@type":"SearchAction","target":{"@type":"EntryPoint","urlTemplate":"https:\/\/exemfoam.eu\/fr?s={search_term_string}"},"query-input":{"@type":"PropertyValueSpecification","valueRequired":true,"valueName":"search_term_string"}}],"inLanguage":"fr-FR"},{"@type":"Organization","@id":"https:\/\/exemfoam.eu\/fr#organization","name":"Exemfoam","url":"https:\/\/exemfoam.eu\/fr","logo":{"@type":"ImageObject","inLanguage":"fr-FR","@id":"https:\/\/exemfoam.eu\/fr#\/schema\/logo\/image\/","url":"https:\/\/exemfoam.eu\/wp-content\/uploads\/2023\/01\/Logo.png","contentUrl":"https:\/\/exemfoam.eu\/wp-content\/uploads\/2023\/01\/Logo.png","width":205,"height":42,"caption":"Exemfoam"},"image":{"@id":"https:\/\/exemfoam.eu\/fr#\/schema\/logo\/image\/"}}]}},"_links":{"self":[{"href":"https:\/\/exemfoam.eu\/fr\/wp-json\/wp\/v2\/pages\/2448","targetHints":{"allow":["GET"]}}],"collection":[{"href":"https:\/\/exemfoam.eu\/fr\/wp-json\/wp\/v2\/pages"}],"about":[{"href":"https:\/\/exemfoam.eu\/fr\/wp-json\/wp\/v2\/types\/page"}],"author":[{"embeddable":true,"href":"https:\/\/exemfoam.eu\/fr\/wp-json\/wp\/v2\/users\/1"}],"replies":[{"embeddable":true,"href":"https:\/\/exemfoam.eu\/fr\/wp-json\/wp\/v2\/comments?post=2448"}],"version-history":[{"count":3,"href":"https:\/\/exemfoam.eu\/fr\/wp-json\/wp\/v2\/pages\/2448\/revisions"}],"predecessor-version":[{"id":4431,"href":"https:\/\/exemfoam.eu\/fr\/wp-json\/wp\/v2\/pages\/2448\/revisions\/4431"}],"wp:attachment":[{"href":"https:\/\/exemfoam.eu\/fr\/wp-json\/wp\/v2\/media?parent=2448"}],"curies":[{"name":"wp","href":"https:\/\/api.w.org\/{rel}","templated":true}]}}