{"id":2437,"date":"2023-03-08T08:48:25","date_gmt":"2023-03-08T08:48:25","guid":{"rendered":"https:\/\/exemfoamdev.resetwebstudio.nl\/programme-de-conformite"},"modified":"2023-03-30T11:38:21","modified_gmt":"2023-03-30T11:38:21","slug":"programme-de-conformite","status":"publish","type":"page","link":"https:\/\/exemfoam.eu\/fr\/programme-de-conformite","title":{"rendered":"Programme de conformit\u00e9"},"content":{"rendered":"\t\t<div data-elementor-type=\"wp-page\" data-elementor-id=\"2437\" class=\"elementor elementor-2437 elementor-1602\" data-elementor-post-type=\"page\">\n\t\t\t\t\t\t<section class=\"elementor-section elementor-top-section elementor-element elementor-element-ffe45ba elementor-section-boxed elementor-section-height-default elementor-section-height-default\" data-id=\"ffe45ba\" data-element_type=\"section\" data-e-type=\"section\">\n\t\t\t\t\t\t<div class=\"elementor-container elementor-column-gap-default\">\n\t\t\t\t\t<div class=\"elementor-column elementor-col-100 elementor-top-column elementor-element elementor-element-dc40085\" data-id=\"dc40085\" data-element_type=\"column\" data-e-type=\"column\">\n\t\t\t<div class=\"elementor-widget-wrap elementor-element-populated\">\n\t\t\t\t\t\t<div class=\"elementor-element elementor-element-f569dd1 elementor-widget elementor-widget-heading\" data-id=\"f569dd1\" data-element_type=\"widget\" data-e-type=\"widget\" data-widget_type=\"heading.default\">\n\t\t\t\t<div class=\"elementor-widget-container\">\n\t\t\t\t\t<h1 class=\"elementor-heading-title elementor-size-default\">ExEm Foam Inc.  <\/h1>\t\t\t\t<\/div>\n\t\t\t\t<\/div>\n\t\t\t\t\t<\/div>\n\t\t<\/div>\n\t\t\t\t\t<\/div>\n\t\t<\/section>\n\t\t\t\t<section class=\"elementor-section elementor-top-section elementor-element elementor-element-10cc657 elementor-section-boxed elementor-section-height-default elementor-section-height-default\" data-id=\"10cc657\" data-element_type=\"section\" data-e-type=\"section\">\n\t\t\t\t\t\t<div class=\"elementor-container elementor-column-gap-default\">\n\t\t\t\t\t<div class=\"elementor-column elementor-col-100 elementor-top-column elementor-element elementor-element-85e8fbe\" data-id=\"85e8fbe\" data-element_type=\"column\" data-e-type=\"column\">\n\t\t\t<div class=\"elementor-widget-wrap elementor-element-populated\">\n\t\t\t\t\t\t<div class=\"elementor-element elementor-element-642b3cc elementor-widget elementor-widget-heading\" data-id=\"642b3cc\" data-element_type=\"widget\" data-e-type=\"widget\" data-widget_type=\"heading.default\">\n\t\t\t\t<div class=\"elementor-widget-container\">\n\t\t\t\t\t<h3 class=\"elementor-heading-title elementor-size-default\">Programme de conformit\u00e9 globale de la Californie<\/h3>\t\t\t\t<\/div>\n\t\t\t\t<\/div>\n\t\t\t\t<div class=\"elementor-element elementor-element-a5004c0 elementor-widget elementor-widget-text-editor\" data-id=\"a5004c0\" data-element_type=\"widget\" data-e-type=\"widget\" data-widget_type=\"text-editor.default\">\n\t\t\t\t<div class=\"elementor-widget-container\">\n\t\t\t\t\t\t\t\t\t<p><span data-fusion-font=\"true\">ExEm Foam Inc. s&rsquo;engage \u00e0 \u00e9tablir et \u00e0 maintenir un programme de conformit\u00e9 efficace conform\u00e9ment aux lignes directrices sur les programmes de conformit\u00e9 publi\u00e9es par le Bureau de l&rsquo;inspecteur g\u00e9n\u00e9ral du minist\u00e8re am\u00e9ricain de la Sant\u00e9 et des Services sociaux1 (les \u00a0\u00bb lignes directrices de l&rsquo;OIG \u00ab\u00a0). En outre, l&rsquo;industrie des soins de sant\u00e9 a \u00e9tabli le Code PhRMA sur les interactions avec les professionnels de la sant\u00e9 (PhRMA)2 et le programme de conformit\u00e9 complet d&rsquo;ExEm Foam Inc. est con\u00e7u conform\u00e9ment \u00e0 ce code. Conform\u00e9ment aux normes volontaires \u00e9tablies par le guide de l&rsquo;OIG et comme le reconna\u00eet explicitement le guide de l&rsquo;OIG, nous avons adapt\u00e9 notre programme de conformit\u00e9 \u00e0 l&rsquo;environnement unique et \u00e0 la taille d&rsquo;ExEm Foam Inc. Nous r\u00e9visons r\u00e9guli\u00e8rement notre programme de conformit\u00e9 afin de r\u00e9pondre \u00e0 l&rsquo;\u00e9volution des directives de l&rsquo;industrie et aux besoins de notre entreprise en mati\u00e8re de conformit\u00e9.<\/span><br \/><span data-fusion-font=\"true\"><br \/><\/span><br \/><span data-fusion-font=\"true\"><br \/>Notre programme de conformit\u00e9 \u00e9tabli par notre conseil d&rsquo;administration est con\u00e7u pour pr\u00e9venir et d\u00e9tecter les violations de la loi ou des politiques d&rsquo;ExEm Foam Inc. ; toutefois, comme le reconnaissent les lignes directrices de l&rsquo;OIG, la mise en \u0153uvre d&rsquo;un programme de conformit\u00e9 ne peut garantir que les comportements inappropri\u00e9s seront enti\u00e8rement \u00e9limin\u00e9s. ExEm Foam Inc. s&rsquo;attend \u00e0 ce que ses employ\u00e9s et ses repr\u00e9sentants se conforment \u00e0 sa politique sur les interactions avec les professionnels de la sant\u00e9 et aux autres politiques \u00e9tablies \u00e0 l&rsquo;appui de son programme de conformit\u00e9. Si ExEm Foam Inc. a connaissance de violations potentielles de la loi ou de la politique de l&rsquo;entreprise, l&rsquo;entreprise enqu\u00eatera sur la question, prendra les mesures disciplinaires qui s&rsquo;imposent et mettra en \u0153uvre des mesures correctives afin d&rsquo;\u00e9viter de nouvelles violations.<\/span><br \/><span data-fusion-font=\"true\"><br \/><\/span><br \/><span data-fusion-font=\"true\"><br \/>Comme l&rsquo;exige le California Health &amp; Safety Code \u00a7119402(d), ExEm Foam Inc. a mis en place une limite de d\u00e9penses annuelles de 2 000 $ pour les articles \u00e9ducatifs, les articles promotionnels ou les activit\u00e9s qu&rsquo;ExEm Foam Inc. peut fournir aux professionnels de la sant\u00e9 californiens agr\u00e9\u00e9s. Ces articles et activit\u00e9s promotionnels sont \u00e9galement soumis aux restrictions \u00e9nonc\u00e9es dans notre politique d&rsquo;interaction avec les HCP (conforme au code PhRMA) et dans d&rsquo;autres politiques et proc\u00e9dures du programme de conformit\u00e9.<\/span><\/p>\n\t\t\t\t\t\t\t\t<\/div>\n\t\t\t\t<\/div>\n\t\t\t\t<div class=\"elementor-element elementor-element-358f187 elementor-widget elementor-widget-heading\" data-id=\"358f187\" data-element_type=\"widget\" data-e-type=\"widget\" data-widget_type=\"heading.default\">\n\t\t\t\t<div class=\"elementor-widget-container\">\n\t\t\t\t\t<h2 class=\"elementor-heading-title elementor-size-default\">Company, Inc. 2021 D\u00e9claration de conformit\u00e9<\/h2>\t\t\t\t<\/div>\n\t\t\t\t<\/div>\n\t\t\t\t<div class=\"elementor-element elementor-element-69c8901 elementor-widget elementor-widget-text-editor\" data-id=\"69c8901\" data-element_type=\"widget\" data-e-type=\"widget\" data-widget_type=\"text-editor.default\">\n\t\t\t\t<div class=\"elementor-widget-container\">\n\t\t\t\t\t\t\t\t\t<p>ExEm Foam Inc. d\u00e9clare par la pr\u00e9sente qu&rsquo;en l&rsquo;\u00e9tat actuel de ses connaissances et de ses convictions, elle est en conformit\u00e9 avec son programme global de conformit\u00e9 et avec les exigences pertinentes du California Health &amp; Safety Code \u00a7\u00a7119400-119402.<\/p>\n\t\t\t\t\t\t\t\t<\/div>\n\t\t\t\t<\/div>\n\t\t\t\t<div class=\"elementor-element elementor-element-e4eda47 elementor-widget elementor-widget-heading\" data-id=\"e4eda47\" data-element_type=\"widget\" data-e-type=\"widget\" data-widget_type=\"heading.default\">\n\t\t\t\t<div class=\"elementor-widget-container\">\n\t\t\t\t\t<h2 class=\"elementor-heading-title elementor-size-default\">Informations de contact<\/h2>\t\t\t\t<\/div>\n\t\t\t\t<\/div>\n\t\t\t\t<div class=\"elementor-element elementor-element-9a09266 elementor-widget elementor-widget-text-editor\" data-id=\"9a09266\" data-element_type=\"widget\" data-e-type=\"widget\" data-widget_type=\"text-editor.default\">\n\t\t\t\t<div class=\"elementor-widget-container\">\n\t\t\t\t\t\t\t\t\t<p><span data-fusion-font=\"true\">Pour obtenir une copie de cette d\u00e9claration ou pour plus d&rsquo;informations concernant notre programme de conformit\u00e9, veuillez contacter ExEm Foam Inc. en envoyant un courriel \u00e0 l&rsquo;adresse suivante <\/span><a class=\"in-text-link\" href=\"mailto:compliance@exem-foam.com\" data-uw-styling-context=\"true\" data-uw-rm-brl=\"exc\" aria-label=\"send an email to compliance@exem-foam.com \" data-uw-rm-vglnk=\"\" data-fusion-font=\"true\">compliance@exem-foam.com<\/a><\/p>\n\t\t\t\t\t\t\t\t<\/div>\n\t\t\t\t<\/div>\n\t\t\t\t<div class=\"elementor-element elementor-element-173e916 elementor-widget elementor-widget-text-editor\" data-id=\"173e916\" data-element_type=\"widget\" data-e-type=\"widget\" data-widget_type=\"text-editor.default\">\n\t\t\t\t<div class=\"elementor-widget-container\">\n\t\t\t\t\t\t\t\t\t<p class=\"paragraph\" data-uw-styling-context=\"true\"><span class=\"target space\" data-uw-styling-context=\"true\" data-fusion-font=\"true\">1 <\/span><span data-fusion-font=\"true\">Programme de conformit\u00e9 pour les fabricants de produits pharmaceutiques.<\/span><\/p>\n<div class=\"c-citations-container\">\n<p><span class=\"target space\" data-uw-styling-context=\"true\" data-fusion-font=\"true\">2 <\/span><a class=\"in-text-link\" href=\"https:\/\/www.phrma.org\/en\/Codes-and-guidelines\/Code-on-Interactions-with-Health-Care-Professionals\" target=\"_blank\" rel=\"noopener\" data-uw-styling-context=\"true\" data-uw-rm-brl=\"false\" aria-label=\"https:\/\/www.phrma.org\/en\/Codes-and-guidelines\/Code-on-Interactions-with-Health-Care-Professionals - opens in new tab\" data-uw-rm-ext-link=\"\" data-fusion-font=\"true\">https:\/\/www.phrma.org\/en\/Codes-and-guidelines\/Code-on-Interactions-with-Health-Care-Professionals<\/a><\/p>\n<\/div>\n\t\t\t\t\t\t\t\t<\/div>\n\t\t\t\t<\/div>\n\t\t\t\t\t<\/div>\n\t\t<\/div>\n\t\t\t\t\t<\/div>\n\t\t<\/section>\n\t\t\t\t<\/div>\n\t\t","protected":false},"excerpt":{"rendered":"<p>ExEm Foam Inc. Programme de conformit\u00e9 globale de la Californie ExEm Foam Inc. s&rsquo;engage \u00e0 \u00e9tablir et \u00e0 maintenir un programme de conformit\u00e9 efficace conform\u00e9ment aux lignes directrices sur les programmes de conformit\u00e9 publi\u00e9es par le Bureau de l&rsquo;inspecteur g\u00e9n\u00e9ral du minist\u00e8re am\u00e9ricain de la Sant\u00e9 et des Services sociaux1 (les \u00a0\u00bb lignes directrices de [&hellip;]<\/p>\n","protected":false},"author":1,"featured_media":0,"parent":0,"menu_order":0,"comment_status":"closed","ping_status":"closed","template":"","meta":{"footnotes":""},"class_list":["post-2437","page","type-page","status-publish","hentry"],"yoast_head":"<!-- This site is optimized with the Yoast SEO plugin v27.4 - https:\/\/yoast.com\/product\/yoast-seo-wordpress\/ -->\n<title>Programme de conformit\u00e9 - Exemfoam<\/title>\n<meta name=\"robots\" content=\"index, follow, max-snippet:-1, max-image-preview:large, max-video-preview:-1\" \/>\n<link rel=\"canonical\" href=\"https:\/\/exemfoam.eu\/fr\/programme-de-conformite\" \/>\n<meta property=\"og:locale\" content=\"fr_FR\" \/>\n<meta property=\"og:type\" content=\"article\" \/>\n<meta property=\"og:title\" content=\"Programme de conformit\u00e9 - Exemfoam\" \/>\n<meta property=\"og:description\" content=\"ExEm Foam Inc. Programme de conformit\u00e9 globale de la Californie ExEm Foam Inc. s&rsquo;engage \u00e0 \u00e9tablir et \u00e0 maintenir un programme de conformit\u00e9 efficace conform\u00e9ment aux lignes directrices sur les programmes de conformit\u00e9 publi\u00e9es par le Bureau de l&rsquo;inspecteur g\u00e9n\u00e9ral du minist\u00e8re am\u00e9ricain de la Sant\u00e9 et des Services sociaux1 (les \u00a0\u00bb lignes directrices de [&hellip;]\" \/>\n<meta property=\"og:url\" content=\"https:\/\/exemfoam.eu\/fr\/programme-de-conformite\" \/>\n<meta property=\"og:site_name\" content=\"Exemfoam\" \/>\n<meta property=\"article:modified_time\" content=\"2023-03-30T11:38:21+00:00\" \/>\n<meta name=\"twitter:card\" content=\"summary_large_image\" \/>\n<meta name=\"twitter:label1\" content=\"Dur\u00e9e de lecture estim\u00e9e\" \/>\n\t<meta name=\"twitter:data1\" content=\"2 minutes\" \/>\n<script type=\"application\/ld+json\" class=\"yoast-schema-graph\">{\"@context\":\"https:\\\/\\\/schema.org\",\"@graph\":[{\"@type\":\"WebPage\",\"@id\":\"https:\\\/\\\/exemfoam.eu\\\/fr\\\/programme-de-conformite\",\"url\":\"https:\\\/\\\/exemfoam.eu\\\/fr\\\/programme-de-conformite\",\"name\":\"Programme de conformit\u00e9 - Exemfoam\",\"isPartOf\":{\"@id\":\"https:\\\/\\\/exemfoam.eu\\\/fr#website\"},\"datePublished\":\"2023-03-08T08:48:25+00:00\",\"dateModified\":\"2023-03-30T11:38:21+00:00\",\"breadcrumb\":{\"@id\":\"https:\\\/\\\/exemfoam.eu\\\/fr\\\/programme-de-conformite#breadcrumb\"},\"inLanguage\":\"fr-FR\",\"potentialAction\":[{\"@type\":\"ReadAction\",\"target\":[\"https:\\\/\\\/exemfoam.eu\\\/fr\\\/programme-de-conformite\"]}]},{\"@type\":\"BreadcrumbList\",\"@id\":\"https:\\\/\\\/exemfoam.eu\\\/fr\\\/programme-de-conformite#breadcrumb\",\"itemListElement\":[{\"@type\":\"ListItem\",\"position\":1,\"name\":\"Home\",\"item\":\"https:\\\/\\\/exemfoam.eu\\\/fr\\\/accueil\"},{\"@type\":\"ListItem\",\"position\":2,\"name\":\"Programme de conformit\u00e9\"}]},{\"@type\":\"WebSite\",\"@id\":\"https:\\\/\\\/exemfoam.eu\\\/fr#website\",\"url\":\"https:\\\/\\\/exemfoam.eu\\\/fr\",\"name\":\"Exemfoam\",\"description\":\"\",\"publisher\":{\"@id\":\"https:\\\/\\\/exemfoam.eu\\\/fr#organization\"},\"potentialAction\":[{\"@type\":\"SearchAction\",\"target\":{\"@type\":\"EntryPoint\",\"urlTemplate\":\"https:\\\/\\\/exemfoam.eu\\\/fr?s={search_term_string}\"},\"query-input\":{\"@type\":\"PropertyValueSpecification\",\"valueRequired\":true,\"valueName\":\"search_term_string\"}}],\"inLanguage\":\"fr-FR\"},{\"@type\":\"Organization\",\"@id\":\"https:\\\/\\\/exemfoam.eu\\\/fr#organization\",\"name\":\"Exemfoam\",\"url\":\"https:\\\/\\\/exemfoam.eu\\\/fr\",\"logo\":{\"@type\":\"ImageObject\",\"inLanguage\":\"fr-FR\",\"@id\":\"https:\\\/\\\/exemfoam.eu\\\/fr#\\\/schema\\\/logo\\\/image\\\/\",\"url\":\"https:\\\/\\\/exemfoam.eu\\\/wp-content\\\/uploads\\\/2023\\\/01\\\/Logo.png\",\"contentUrl\":\"https:\\\/\\\/exemfoam.eu\\\/wp-content\\\/uploads\\\/2023\\\/01\\\/Logo.png\",\"width\":205,\"height\":42,\"caption\":\"Exemfoam\"},\"image\":{\"@id\":\"https:\\\/\\\/exemfoam.eu\\\/fr#\\\/schema\\\/logo\\\/image\\\/\"}}]}<\/script>\n<!-- \/ Yoast SEO plugin. -->","yoast_head_json":{"title":"Programme de conformit\u00e9 - Exemfoam","robots":{"index":"index","follow":"follow","max-snippet":"max-snippet:-1","max-image-preview":"max-image-preview:large","max-video-preview":"max-video-preview:-1"},"canonical":"https:\/\/exemfoam.eu\/fr\/programme-de-conformite","og_locale":"fr_FR","og_type":"article","og_title":"Programme de conformit\u00e9 - Exemfoam","og_description":"ExEm Foam Inc. Programme de conformit\u00e9 globale de la Californie ExEm Foam Inc. s&rsquo;engage \u00e0 \u00e9tablir et \u00e0 maintenir un programme de conformit\u00e9 efficace conform\u00e9ment aux lignes directrices sur les programmes de conformit\u00e9 publi\u00e9es par le Bureau de l&rsquo;inspecteur g\u00e9n\u00e9ral du minist\u00e8re am\u00e9ricain de la Sant\u00e9 et des Services sociaux1 (les \u00a0\u00bb lignes directrices de [&hellip;]","og_url":"https:\/\/exemfoam.eu\/fr\/programme-de-conformite","og_site_name":"Exemfoam","article_modified_time":"2023-03-30T11:38:21+00:00","twitter_card":"summary_large_image","twitter_misc":{"Dur\u00e9e de lecture estim\u00e9e":"2 minutes"},"schema":{"@context":"https:\/\/schema.org","@graph":[{"@type":"WebPage","@id":"https:\/\/exemfoam.eu\/fr\/programme-de-conformite","url":"https:\/\/exemfoam.eu\/fr\/programme-de-conformite","name":"Programme de conformit\u00e9 - Exemfoam","isPartOf":{"@id":"https:\/\/exemfoam.eu\/fr#website"},"datePublished":"2023-03-08T08:48:25+00:00","dateModified":"2023-03-30T11:38:21+00:00","breadcrumb":{"@id":"https:\/\/exemfoam.eu\/fr\/programme-de-conformite#breadcrumb"},"inLanguage":"fr-FR","potentialAction":[{"@type":"ReadAction","target":["https:\/\/exemfoam.eu\/fr\/programme-de-conformite"]}]},{"@type":"BreadcrumbList","@id":"https:\/\/exemfoam.eu\/fr\/programme-de-conformite#breadcrumb","itemListElement":[{"@type":"ListItem","position":1,"name":"Home","item":"https:\/\/exemfoam.eu\/fr\/accueil"},{"@type":"ListItem","position":2,"name":"Programme de conformit\u00e9"}]},{"@type":"WebSite","@id":"https:\/\/exemfoam.eu\/fr#website","url":"https:\/\/exemfoam.eu\/fr","name":"Exemfoam","description":"","publisher":{"@id":"https:\/\/exemfoam.eu\/fr#organization"},"potentialAction":[{"@type":"SearchAction","target":{"@type":"EntryPoint","urlTemplate":"https:\/\/exemfoam.eu\/fr?s={search_term_string}"},"query-input":{"@type":"PropertyValueSpecification","valueRequired":true,"valueName":"search_term_string"}}],"inLanguage":"fr-FR"},{"@type":"Organization","@id":"https:\/\/exemfoam.eu\/fr#organization","name":"Exemfoam","url":"https:\/\/exemfoam.eu\/fr","logo":{"@type":"ImageObject","inLanguage":"fr-FR","@id":"https:\/\/exemfoam.eu\/fr#\/schema\/logo\/image\/","url":"https:\/\/exemfoam.eu\/wp-content\/uploads\/2023\/01\/Logo.png","contentUrl":"https:\/\/exemfoam.eu\/wp-content\/uploads\/2023\/01\/Logo.png","width":205,"height":42,"caption":"Exemfoam"},"image":{"@id":"https:\/\/exemfoam.eu\/fr#\/schema\/logo\/image\/"}}]}},"_links":{"self":[{"href":"https:\/\/exemfoam.eu\/fr\/wp-json\/wp\/v2\/pages\/2437","targetHints":{"allow":["GET"]}}],"collection":[{"href":"https:\/\/exemfoam.eu\/fr\/wp-json\/wp\/v2\/pages"}],"about":[{"href":"https:\/\/exemfoam.eu\/fr\/wp-json\/wp\/v2\/types\/page"}],"author":[{"embeddable":true,"href":"https:\/\/exemfoam.eu\/fr\/wp-json\/wp\/v2\/users\/1"}],"replies":[{"embeddable":true,"href":"https:\/\/exemfoam.eu\/fr\/wp-json\/wp\/v2\/comments?post=2437"}],"version-history":[{"count":2,"href":"https:\/\/exemfoam.eu\/fr\/wp-json\/wp\/v2\/pages\/2437\/revisions"}],"predecessor-version":[{"id":2443,"href":"https:\/\/exemfoam.eu\/fr\/wp-json\/wp\/v2\/pages\/2437\/revisions\/2443"}],"wp:attachment":[{"href":"https:\/\/exemfoam.eu\/fr\/wp-json\/wp\/v2\/media?parent=2437"}],"curies":[{"name":"wp","href":"https:\/\/api.w.org\/{rel}","templated":true}]}}