{"id":2330,"date":"2023-03-08T09:21:10","date_gmt":"2023-03-08T09:21:10","guid":{"rendered":"https:\/\/exemfoamdev.resetwebstudio.nl\/politique-de-confidentialite"},"modified":"2023-03-30T11:37:26","modified_gmt":"2023-03-30T11:37:26","slug":"politique-de-confidentialite","status":"publish","type":"page","link":"https:\/\/exemfoam.eu\/fr\/politique-de-confidentialite","title":{"rendered":"Politique de confidentialit\u00e9"},"content":{"rendered":"\t\t<div data-elementor-type=\"wp-page\" data-elementor-id=\"2330\" class=\"elementor elementor-2330 elementor-1608\" data-elementor-post-type=\"page\">\n\t\t\t\t\t\t<section class=\"elementor-section elementor-top-section elementor-element elementor-element-9e9b6d8 elementor-section-boxed elementor-section-height-default elementor-section-height-default\" data-id=\"9e9b6d8\" data-element_type=\"section\" data-e-type=\"section\">\n\t\t\t\t\t\t<div class=\"elementor-container elementor-column-gap-default\">\n\t\t\t\t\t<div class=\"elementor-column elementor-col-100 elementor-top-column elementor-element elementor-element-a2280ef\" data-id=\"a2280ef\" data-element_type=\"column\" data-e-type=\"column\">\n\t\t\t<div class=\"elementor-widget-wrap elementor-element-populated\">\n\t\t\t\t\t\t<div class=\"elementor-element elementor-element-2b72274 elementor-widget elementor-widget-heading\" data-id=\"2b72274\" data-element_type=\"widget\" data-e-type=\"widget\" data-widget_type=\"heading.default\">\n\t\t\t\t<div class=\"elementor-widget-container\">\n\t\t\t\t\t<h2 class=\"elementor-heading-title elementor-size-default\">Politique de confidentialit\u00e9 de www.exemfoam.com<\/h2>\t\t\t\t<\/div>\n\t\t\t\t<\/div>\n\t\t\t\t<div class=\"elementor-element elementor-element-19afc84 elementor-widget elementor-widget-text-editor\" data-id=\"19afc84\" data-element_type=\"widget\" data-e-type=\"widget\" data-widget_type=\"text-editor.default\">\n\t\t\t\t<div class=\"elementor-widget-container\">\n\t\t\t\t\t\t\t\t\t<p>Cette application recueille certaines donn\u00e9es personnelles aupr\u00e8s de ses utilisateurs.<\/p>\n\t\t\t\t\t\t\t\t<\/div>\n\t\t\t\t<\/div>\n\t\t\t\t\t<\/div>\n\t\t<\/div>\n\t\t\t\t\t<\/div>\n\t\t<\/section>\n\t\t\t\t<section class=\"elementor-section elementor-top-section elementor-element elementor-element-0c1cd46 elementor-section-boxed elementor-section-height-default elementor-section-height-default\" data-id=\"0c1cd46\" data-element_type=\"section\" data-e-type=\"section\">\n\t\t\t\t\t\t<div class=\"elementor-container elementor-column-gap-default\">\n\t\t\t\t\t<div class=\"elementor-column elementor-col-100 elementor-top-column elementor-element elementor-element-c3be3d5\" data-id=\"c3be3d5\" data-element_type=\"column\" data-e-type=\"column\">\n\t\t\t<div class=\"elementor-widget-wrap elementor-element-populated\">\n\t\t\t\t\t\t<div class=\"elementor-element elementor-element-33ef209 elementor-widget elementor-widget-text-editor\" data-id=\"33ef209\" data-element_type=\"widget\" data-e-type=\"widget\" data-widget_type=\"text-editor.default\">\n\t\t\t\t<div class=\"elementor-widget-container\">\n\t\t\t\t\t\t\t\t\t<h4 id=\"purposes_data\">Les donn\u00e9es \u00e0 caract\u00e8re personnel sont trait\u00e9es aux fins suivantes et en utilisant les services suivants :<\/h4>\n\t\t\t\t\t\t\t\t<\/div>\n\t\t\t\t<\/div>\n\t\t\t\t<section class=\"elementor-section elementor-inner-section elementor-element elementor-element-23232ba elementor-section-boxed elementor-section-height-default elementor-section-height-default\" data-id=\"23232ba\" data-element_type=\"section\" data-e-type=\"section\">\n\t\t\t\t\t\t<div class=\"elementor-container elementor-column-gap-default\">\n\t\t\t\t\t<div class=\"elementor-column elementor-col-25 elementor-inner-column elementor-element elementor-element-e4c0466\" data-id=\"e4c0466\" data-element_type=\"column\" data-e-type=\"column\">\n\t\t\t<div class=\"elementor-widget-wrap elementor-element-populated\">\n\t\t\t\t\t\t<div class=\"elementor-element elementor-element-4c4d253 elementor-view-default elementor-widget elementor-widget-icon\" data-id=\"4c4d253\" data-element_type=\"widget\" data-e-type=\"widget\" data-widget_type=\"icon.default\">\n\t\t\t\t<div class=\"elementor-widget-container\">\n\t\t\t\t\t\t\t<div class=\"elementor-icon-wrapper\">\n\t\t\t<div class=\"elementor-icon\">\n\t\t\t<svg aria-hidden=\"true\" class=\"e-font-icon-svg e-fas-chart-bar\" viewBox=\"0 0 512 512\" xmlns=\"http:\/\/www.w3.org\/2000\/svg\"><path d=\"M332.8 320h38.4c6.4 0 12.8-6.4 12.8-12.8V172.8c0-6.4-6.4-12.8-12.8-12.8h-38.4c-6.4 0-12.8 6.4-12.8 12.8v134.4c0 6.4 6.4 12.8 12.8 12.8zm96 0h38.4c6.4 0 12.8-6.4 12.8-12.8V76.8c0-6.4-6.4-12.8-12.8-12.8h-38.4c-6.4 0-12.8 6.4-12.8 12.8v230.4c0 6.4 6.4 12.8 12.8 12.8zm-288 0h38.4c6.4 0 12.8-6.4 12.8-12.8v-70.4c0-6.4-6.4-12.8-12.8-12.8h-38.4c-6.4 0-12.8 6.4-12.8 12.8v70.4c0 6.4 6.4 12.8 12.8 12.8zm96 0h38.4c6.4 0 12.8-6.4 12.8-12.8V108.8c0-6.4-6.4-12.8-12.8-12.8h-38.4c-6.4 0-12.8 6.4-12.8 12.8v198.4c0 6.4 6.4 12.8 12.8 12.8zM496 384H64V80c0-8.84-7.16-16-16-16H16C7.16 64 0 71.16 0 80v336c0 17.67 14.33 32 32 32h464c8.84 0 16-7.16 16-16v-32c0-8.84-7.16-16-16-16z\"><\/path><\/svg>\t\t\t<\/div>\n\t\t<\/div>\n\t\t\t\t\t\t<\/div>\n\t\t\t\t<\/div>\n\t\t\t\t\t<\/div>\n\t\t<\/div>\n\t\t\t\t<div class=\"elementor-column elementor-col-25 elementor-inner-column elementor-element elementor-element-50d804e\" data-id=\"50d804e\" data-element_type=\"column\" data-e-type=\"column\">\n\t\t\t<div class=\"elementor-widget-wrap elementor-element-populated\">\n\t\t\t\t\t\t<div class=\"elementor-element elementor-element-1383d9a elementor-widget elementor-widget-text-editor\" data-id=\"1383d9a\" data-element_type=\"widget\" data-e-type=\"widget\" data-widget_type=\"text-editor.default\">\n\t\t\t\t<div class=\"elementor-widget-container\">\n\t\t\t\t\t\t\t\t\t<div class=\"iconed policyicon_purpose_5\">\n<p><strong>Analytique<\/strong><\/p>\n<p><strong>Google Analytics avec IP anonyme et HubSpot Analytics<\/strong><\/p>\n<p>Donn\u00e9es personnelles : Traceur ; donn\u00e9es d&rsquo;utilisation&nbsp;<\/p>\n<\/div>\t\t\t\t\t\t\t\t<\/div>\n\t\t\t\t<\/div>\n\t\t\t\t\t<\/div>\n\t\t<\/div>\n\t\t\t\t<div class=\"elementor-column elementor-col-25 elementor-inner-column elementor-element elementor-element-9f183f7\" data-id=\"9f183f7\" data-element_type=\"column\" data-e-type=\"column\">\n\t\t\t<div class=\"elementor-widget-wrap elementor-element-populated\">\n\t\t\t\t\t\t<div class=\"elementor-element elementor-element-155e8f8 elementor-view-default elementor-widget elementor-widget-icon\" data-id=\"155e8f8\" data-element_type=\"widget\" data-e-type=\"widget\" data-widget_type=\"icon.default\">\n\t\t\t\t<div class=\"elementor-widget-container\">\n\t\t\t\t\t\t\t<div class=\"elementor-icon-wrapper\">\n\t\t\t<div class=\"elementor-icon\">\n\t\t\t<svg aria-hidden=\"true\" class=\"e-font-icon-svg e-fas-envelope-open\" viewBox=\"0 0 512 512\" xmlns=\"http:\/\/www.w3.org\/2000\/svg\"><path d=\"M512 464c0 26.51-21.49 48-48 48H48c-26.51 0-48-21.49-48-48V200.724a48 48 0 0 1 18.387-37.776c24.913-19.529 45.501-35.365 164.2-121.511C199.412 29.17 232.797-.347 256 .003c23.198-.354 56.596 29.172 73.413 41.433 118.687 86.137 139.303 101.995 164.2 121.512A48 48 0 0 1 512 200.724V464zm-65.666-196.605c-2.563-3.728-7.7-4.595-11.339-1.907-22.845 16.873-55.462 40.705-105.582 77.079-16.825 12.266-50.21 41.781-73.413 41.43-23.211.344-56.559-29.143-73.413-41.43-50.114-36.37-82.734-60.204-105.582-77.079-3.639-2.688-8.776-1.821-11.339 1.907l-9.072 13.196a7.998 7.998 0 0 0 1.839 10.967c22.887 16.899 55.454 40.69 105.303 76.868 20.274 14.781 56.524 47.813 92.264 47.573 35.724.242 71.961-32.771 92.263-47.573 49.85-36.179 82.418-59.97 105.303-76.868a7.998 7.998 0 0 0 1.839-10.967l-9.071-13.196z\"><\/path><\/svg>\t\t\t<\/div>\n\t\t<\/div>\n\t\t\t\t\t\t<\/div>\n\t\t\t\t<\/div>\n\t\t\t\t\t<\/div>\n\t\t<\/div>\n\t\t\t\t<div class=\"elementor-column elementor-col-25 elementor-inner-column elementor-element elementor-element-1680f1d\" data-id=\"1680f1d\" data-element_type=\"column\" data-e-type=\"column\">\n\t\t\t<div class=\"elementor-widget-wrap elementor-element-populated\">\n\t\t\t\t\t\t<div class=\"elementor-element elementor-element-8b2203b elementor-widget elementor-widget-text-editor\" data-id=\"8b2203b\" data-element_type=\"widget\" data-e-type=\"widget\" data-widget_type=\"text-editor.default\">\n\t\t\t\t<div class=\"elementor-widget-container\">\n\t\t\t\t\t\t\t\t\t<div class=\"iconed policyicon_purpose_10\">\n<p><strong>Contacter l&rsquo;utilisateur<\/strong><\/p>\n<p><strong>Formulaire de contact<\/strong><\/p>\n<p>Donn\u00e9es personnelles : nom de l&rsquo;entreprise ; adresse \u00e9lectronique ; pr\u00e9nom ; nom de famille ; num\u00e9ro de t\u00e9l\u00e9phone ; \u00e9tat ; divers types de donn\u00e9es ; code postal\/ZIP<\/p>\n<\/div>\n\t\t\t\t\t\t\t\t<\/div>\n\t\t\t\t<\/div>\n\t\t\t\t\t<\/div>\n\t\t<\/div>\n\t\t\t\t\t<\/div>\n\t\t<\/section>\n\t\t\t\t<section class=\"elementor-section elementor-inner-section elementor-element elementor-element-bc20df1 elementor-section-boxed elementor-section-height-default elementor-section-height-default\" data-id=\"bc20df1\" data-element_type=\"section\" data-e-type=\"section\">\n\t\t\t\t\t\t<div class=\"elementor-container elementor-column-gap-default\">\n\t\t\t\t\t<div class=\"elementor-column elementor-col-25 elementor-inner-column elementor-element elementor-element-7c49b3c\" data-id=\"7c49b3c\" data-element_type=\"column\" data-e-type=\"column\">\n\t\t\t<div class=\"elementor-widget-wrap elementor-element-populated\">\n\t\t\t\t\t\t<div class=\"elementor-element elementor-element-aee8d8d elementor-view-default elementor-widget elementor-widget-icon\" data-id=\"aee8d8d\" data-element_type=\"widget\" data-e-type=\"widget\" data-widget_type=\"icon.default\">\n\t\t\t\t<div class=\"elementor-widget-container\">\n\t\t\t\t\t\t\t<div class=\"elementor-icon-wrapper\">\n\t\t\t<div class=\"elementor-icon\">\n\t\t\t<svg aria-hidden=\"true\" class=\"e-font-icon-svg e-fas-file\" viewBox=\"0 0 384 512\" xmlns=\"http:\/\/www.w3.org\/2000\/svg\"><path d=\"M224 136V0H24C10.7 0 0 10.7 0 24v464c0 13.3 10.7 24 24 24h336c13.3 0 24-10.7 24-24V160H248c-13.2 0-24-10.8-24-24zm160-14.1v6.1H256V0h6.1c6.4 0 12.5 2.5 17 7l97.9 98c4.5 4.5 7 10.6 7 16.9z\"><\/path><\/svg>\t\t\t<\/div>\n\t\t<\/div>\n\t\t\t\t\t\t<\/div>\n\t\t\t\t<\/div>\n\t\t\t\t\t<\/div>\n\t\t<\/div>\n\t\t\t\t<div class=\"elementor-column elementor-col-25 elementor-inner-column elementor-element elementor-element-92b9688\" data-id=\"92b9688\" data-element_type=\"column\" data-e-type=\"column\">\n\t\t\t<div class=\"elementor-widget-wrap elementor-element-populated\">\n\t\t\t\t\t\t<div class=\"elementor-element elementor-element-d532a9d elementor-widget elementor-widget-text-editor\" data-id=\"d532a9d\" data-element_type=\"widget\" data-e-type=\"widget\" data-widget_type=\"text-editor.default\">\n\t\t\t\t<div class=\"elementor-widget-container\">\n\t\t\t\t\t\t\t\t\t<div class=\"iconed policyicon_purpose_5\">\n<div class=\"iconed policyicon_purpose_18\">\n<p><strong>Gestion des contacts et envoi de messages<\/strong><\/p>\n<p><strong>HubSpot Email<\/strong><\/p>\n<p>Donn\u00e9es personnelles : adresse \u00e9lectronique ; donn\u00e9es d&rsquo;utilisation<\/p>\n<\/div>\n<\/div>\n\t\t\t\t\t\t\t\t<\/div>\n\t\t\t\t<\/div>\n\t\t\t\t\t<\/div>\n\t\t<\/div>\n\t\t\t\t<div class=\"elementor-column elementor-col-25 elementor-inner-column elementor-element elementor-element-71d5726\" data-id=\"71d5726\" data-element_type=\"column\" data-e-type=\"column\">\n\t\t\t<div class=\"elementor-widget-wrap elementor-element-populated\">\n\t\t\t\t\t\t<div class=\"elementor-element elementor-element-ae307e4 elementor-view-default elementor-widget elementor-widget-icon\" data-id=\"ae307e4\" data-element_type=\"widget\" data-e-type=\"widget\" data-widget_type=\"icon.default\">\n\t\t\t\t<div class=\"elementor-widget-container\">\n\t\t\t\t\t\t\t<div class=\"elementor-icon-wrapper\">\n\t\t\t<div class=\"elementor-icon\">\n\t\t\t<svg aria-hidden=\"true\" class=\"e-font-icon-svg e-fas-file\" viewBox=\"0 0 384 512\" xmlns=\"http:\/\/www.w3.org\/2000\/svg\"><path d=\"M224 136V0H24C10.7 0 0 10.7 0 24v464c0 13.3 10.7 24 24 24h336c13.3 0 24-10.7 24-24V160H248c-13.2 0-24-10.8-24-24zm160-14.1v6.1H256V0h6.1c6.4 0 12.5 2.5 17 7l97.9 98c4.5 4.5 7 10.6 7 16.9z\"><\/path><\/svg>\t\t\t<\/div>\n\t\t<\/div>\n\t\t\t\t\t\t<\/div>\n\t\t\t\t<\/div>\n\t\t\t\t\t<\/div>\n\t\t<\/div>\n\t\t\t\t<div class=\"elementor-column elementor-col-25 elementor-inner-column elementor-element elementor-element-3cd6a37\" data-id=\"3cd6a37\" data-element_type=\"column\" data-e-type=\"column\">\n\t\t\t<div class=\"elementor-widget-wrap elementor-element-populated\">\n\t\t\t\t\t\t<div class=\"elementor-element elementor-element-103abd5 elementor-widget elementor-widget-text-editor\" data-id=\"103abd5\" data-element_type=\"widget\" data-e-type=\"widget\" data-widget_type=\"text-editor.default\">\n\t\t\t\t<div class=\"elementor-widget-container\">\n\t\t\t\t\t\t\t\t\t<div class=\"iconed policyicon_purpose_10\">\n<div class=\"iconed policyicon_purpose_35\">\n<p><strong>Gestion de la base de donn\u00e9es des utilisateurs<\/strong><\/p>\n<p><strong>HubSpot CRM<\/strong><\/p>\n<p>Donn\u00e9es personnelles : adresse \u00e9lectronique ; num\u00e9ro de t\u00e9l\u00e9phone ; divers types de donn\u00e9es tels que sp\u00e9cifi\u00e9s dans la politique de confidentialit\u00e9 du service.<\/p>\n<p>HubSpot Lead Management<\/p>\n<p>Donn\u00e9es personnelles : divers types de donn\u00e9es tels que sp\u00e9cifi\u00e9s dans la politique de confidentialit\u00e9 du service.<\/p>\n<\/div>\n<\/div>\n\t\t\t\t\t\t\t\t<\/div>\n\t\t\t\t<\/div>\n\t\t\t\t\t<\/div>\n\t\t<\/div>\n\t\t\t\t\t<\/div>\n\t\t<\/section>\n\t\t\t\t<div class=\"elementor-element elementor-element-da18722 elementor-widget elementor-widget-heading\" data-id=\"da18722\" data-element_type=\"widget\" data-e-type=\"widget\" data-widget_type=\"heading.default\">\n\t\t\t\t<div class=\"elementor-widget-container\">\n\t\t\t\t\t<h4 class=\"elementor-heading-title elementor-size-default\">Informations de contact<\/h4>\t\t\t\t<\/div>\n\t\t\t\t<\/div>\n\t\t\t\t<section class=\"elementor-section elementor-inner-section elementor-element elementor-element-fd776f6 elementor-section-boxed elementor-section-height-default elementor-section-height-default\" data-id=\"fd776f6\" data-element_type=\"section\" data-e-type=\"section\">\n\t\t\t\t\t\t<div class=\"elementor-container elementor-column-gap-default\">\n\t\t\t\t\t<div class=\"elementor-column elementor-col-50 elementor-inner-column elementor-element elementor-element-ebccb3c\" data-id=\"ebccb3c\" data-element_type=\"column\" data-e-type=\"column\">\n\t\t\t<div class=\"elementor-widget-wrap elementor-element-populated\">\n\t\t\t\t\t\t<div class=\"elementor-element elementor-element-b9a1135 elementor-view-default elementor-widget elementor-widget-icon\" data-id=\"b9a1135\" data-element_type=\"widget\" data-e-type=\"widget\" data-widget_type=\"icon.default\">\n\t\t\t\t<div class=\"elementor-widget-container\">\n\t\t\t\t\t\t\t<div class=\"elementor-icon-wrapper\">\n\t\t\t<div class=\"elementor-icon\">\n\t\t\t<svg aria-hidden=\"true\" class=\"e-font-icon-svg e-fas-user\" viewBox=\"0 0 448 512\" xmlns=\"http:\/\/www.w3.org\/2000\/svg\"><path d=\"M224 256c70.7 0 128-57.3 128-128S294.7 0 224 0 96 57.3 96 128s57.3 128 128 128zm89.6 32h-16.7c-22.2 10.2-46.9 16-72.9 16s-50.6-5.8-72.9-16h-16.7C60.2 288 0 348.2 0 422.4V464c0 26.5 21.5 48 48 48h352c26.5 0 48-21.5 48-48v-41.6c0-74.2-60.2-134.4-134.4-134.4z\"><\/path><\/svg>\t\t\t<\/div>\n\t\t<\/div>\n\t\t\t\t\t\t<\/div>\n\t\t\t\t<\/div>\n\t\t\t\t\t<\/div>\n\t\t<\/div>\n\t\t\t\t<div class=\"elementor-column elementor-col-50 elementor-inner-column elementor-element elementor-element-df88471\" data-id=\"df88471\" data-element_type=\"column\" data-e-type=\"column\">\n\t\t\t<div class=\"elementor-widget-wrap elementor-element-populated\">\n\t\t\t\t\t\t<div class=\"elementor-element elementor-element-75b3bc2 elementor-widget elementor-widget-text-editor\" data-id=\"75b3bc2\" data-element_type=\"widget\" data-e-type=\"widget\" data-widget_type=\"text-editor.default\">\n\t\t\t\t<div class=\"elementor-widget-container\">\n\t\t\t\t\t\t\t\t\t<div class=\"iconed policyicon_purpose_5\">\n<div class=\"iconed policyicon_purpose_18\">\n<div class=\"iconed icon_owner\">\n<p><strong>Propri\u00e9taire et contr\u00f4leur des donn\u00e9es<\/strong><\/p>\n<p>ExEm Foam Inc.<br \/>424, rue de l&rsquo;\u00c9glise<br \/>Suite 2000, salle 2044<br \/>Nashville TN 37219<\/p>\n<p><strong>Courriel de contact du propri\u00e9taire :<\/strong> contact@exem-foam.com<\/p>\n<\/div>\n<\/div>\n<\/div>\n\t\t\t\t\t\t\t\t<\/div>\n\t\t\t\t<\/div>\n\t\t\t\t\t<\/div>\n\t\t<\/div>\n\t\t\t\t\t<\/div>\n\t\t<\/section>\n\t\t\t\t\t<\/div>\n\t\t<\/div>\n\t\t\t\t\t<\/div>\n\t\t<\/section>\n\t\t\t\t<section class=\"elementor-section elementor-top-section elementor-element elementor-element-167072c elementor-section-boxed elementor-section-height-default elementor-section-height-default\" data-id=\"167072c\" data-element_type=\"section\" data-e-type=\"section\">\n\t\t\t\t\t\t<div class=\"elementor-container elementor-column-gap-default\">\n\t\t\t\t\t<div class=\"elementor-column elementor-col-50 elementor-top-column elementor-element elementor-element-c282773\" data-id=\"c282773\" data-element_type=\"column\" data-e-type=\"column\">\n\t\t\t<div class=\"elementor-widget-wrap elementor-element-populated\">\n\t\t\t\t\t\t<div class=\"elementor-element elementor-element-4167344 elementor-widget elementor-widget-text-editor\" data-id=\"4167344\" data-element_type=\"widget\" data-e-type=\"widget\" data-widget_type=\"text-editor.default\">\n\t\t\t\t<div class=\"elementor-widget-container\">\n\t\t\t\t\t\t\t\t\t<p>Derni\u00e8re mise \u00e0 jour : 27 septembre 2021<\/p>\n<p><a title=\"iubenda - G\u00e9n\u00e9rateur de politique de confidentialit\u00e9\" href=\"https:\/\/www.iubenda.com\/en\/privacy-and-cookie-policy-generator\" target=\"_top\">iubenda<\/a> h\u00e9berge ce contenu et ne collecte que <a href=\"https:\/\/www.iubenda.com\/privacy-policy\/65675001\" target=\"_top\">les donn\u00e9es personnelles strictement n\u00e9cessaires<\/a> \u00e0 sa mise \u00e0 disposition.<\/p>\n<p>.<\/p>\n\t\t\t\t\t\t\t\t<\/div>\n\t\t\t\t<\/div>\n\t\t\t\t\t<\/div>\n\t\t<\/div>\n\t\t\t\t<div class=\"elementor-column elementor-col-50 elementor-top-column elementor-element elementor-element-f00dc31\" data-id=\"f00dc31\" data-element_type=\"column\" data-e-type=\"column\">\n\t\t\t<div class=\"elementor-widget-wrap elementor-element-populated\">\n\t\t\t\t\t\t<div class=\"elementor-element elementor-element-f2f3acc elementor-widget elementor-widget-text-editor\" data-id=\"f2f3acc\" data-element_type=\"widget\" data-e-type=\"widget\" data-widget_type=\"text-editor.default\">\n\t\t\t\t<div class=\"elementor-widget-container\">\n\t\t\t\t\t\t\t\t\t<p>Afficher la politique de confidentialit\u00e9 compl\u00e8te<\/p>\n\t\t\t\t\t\t\t\t<\/div>\n\t\t\t\t<\/div>\n\t\t\t\t\t<\/div>\n\t\t<\/div>\n\t\t\t\t\t<\/div>\n\t\t<\/section>\n\t\t\t\t<\/div>\n\t\t","protected":false},"excerpt":{"rendered":"<p>Politique de confidentialit\u00e9 de www.exemfoam.com Cette application recueille certaines donn\u00e9es personnelles aupr\u00e8s de ses utilisateurs. Les donn\u00e9es \u00e0 caract\u00e8re personnel sont trait\u00e9es aux fins suivantes et en utilisant les services suivants : Analytique Google Analytics avec IP anonyme et HubSpot Analytics Donn\u00e9es personnelles : Traceur ; donn\u00e9es d&rsquo;utilisation&nbsp; Contacter l&rsquo;utilisateur Formulaire de contact Donn\u00e9es personnelles [&hellip;]<\/p>\n","protected":false},"author":1,"featured_media":0,"parent":0,"menu_order":0,"comment_status":"closed","ping_status":"closed","template":"","meta":{"footnotes":""},"class_list":["post-2330","page","type-page","status-publish","hentry"],"yoast_head":"<!-- This site is optimized with the Yoast SEO plugin v27.3 - https:\/\/yoast.com\/product\/yoast-seo-wordpress\/ -->\n<title>Politique de confidentialit\u00e9 - Exemfoam<\/title>\n<meta name=\"robots\" content=\"index, follow, max-snippet:-1, max-image-preview:large, max-video-preview:-1\" \/>\n<link rel=\"canonical\" href=\"https:\/\/exemfoam.eu\/fr\/politique-de-confidentialite\" \/>\n<meta property=\"og:locale\" content=\"fr_FR\" \/>\n<meta property=\"og:type\" content=\"article\" \/>\n<meta property=\"og:title\" content=\"Politique de confidentialit\u00e9 - Exemfoam\" \/>\n<meta property=\"og:description\" content=\"Politique de confidentialit\u00e9 de www.exemfoam.com Cette application recueille certaines donn\u00e9es personnelles aupr\u00e8s de ses utilisateurs. Les donn\u00e9es \u00e0 caract\u00e8re personnel sont trait\u00e9es aux fins suivantes et en utilisant les services suivants : Analytique Google Analytics avec IP anonyme et HubSpot Analytics Donn\u00e9es personnelles : Traceur ; donn\u00e9es d&rsquo;utilisation&nbsp; Contacter l&rsquo;utilisateur Formulaire de contact Donn\u00e9es personnelles [&hellip;]\" \/>\n<meta property=\"og:url\" content=\"https:\/\/exemfoam.eu\/fr\/politique-de-confidentialite\" \/>\n<meta property=\"og:site_name\" content=\"Exemfoam\" \/>\n<meta property=\"article:modified_time\" content=\"2023-03-30T11:37:26+00:00\" \/>\n<meta name=\"twitter:card\" content=\"summary_large_image\" \/>\n<meta name=\"twitter:label1\" content=\"Dur\u00e9e de lecture estim\u00e9e\" \/>\n\t<meta name=\"twitter:data1\" content=\"1 minute\" \/>\n<script type=\"application\/ld+json\" class=\"yoast-schema-graph\">{\"@context\":\"https:\\\/\\\/schema.org\",\"@graph\":[{\"@type\":\"WebPage\",\"@id\":\"https:\\\/\\\/exemfoam.eu\\\/fr\\\/politique-de-confidentialite\",\"url\":\"https:\\\/\\\/exemfoam.eu\\\/fr\\\/politique-de-confidentialite\",\"name\":\"Politique de confidentialit\u00e9 - Exemfoam\",\"isPartOf\":{\"@id\":\"https:\\\/\\\/exemfoam.eu\\\/fr#website\"},\"datePublished\":\"2023-03-08T09:21:10+00:00\",\"dateModified\":\"2023-03-30T11:37:26+00:00\",\"breadcrumb\":{\"@id\":\"https:\\\/\\\/exemfoam.eu\\\/fr\\\/politique-de-confidentialite#breadcrumb\"},\"inLanguage\":\"fr-FR\",\"potentialAction\":[{\"@type\":\"ReadAction\",\"target\":[\"https:\\\/\\\/exemfoam.eu\\\/fr\\\/politique-de-confidentialite\"]}]},{\"@type\":\"BreadcrumbList\",\"@id\":\"https:\\\/\\\/exemfoam.eu\\\/fr\\\/politique-de-confidentialite#breadcrumb\",\"itemListElement\":[{\"@type\":\"ListItem\",\"position\":1,\"name\":\"Home\",\"item\":\"https:\\\/\\\/exemfoam.eu\\\/fr\\\/accueil\"},{\"@type\":\"ListItem\",\"position\":2,\"name\":\"Politique de confidentialit\u00e9\"}]},{\"@type\":\"WebSite\",\"@id\":\"https:\\\/\\\/exemfoam.eu\\\/fr#website\",\"url\":\"https:\\\/\\\/exemfoam.eu\\\/fr\",\"name\":\"Exemfoam\",\"description\":\"\",\"publisher\":{\"@id\":\"https:\\\/\\\/exemfoam.eu\\\/fr#organization\"},\"potentialAction\":[{\"@type\":\"SearchAction\",\"target\":{\"@type\":\"EntryPoint\",\"urlTemplate\":\"https:\\\/\\\/exemfoam.eu\\\/fr?s={search_term_string}\"},\"query-input\":{\"@type\":\"PropertyValueSpecification\",\"valueRequired\":true,\"valueName\":\"search_term_string\"}}],\"inLanguage\":\"fr-FR\"},{\"@type\":\"Organization\",\"@id\":\"https:\\\/\\\/exemfoam.eu\\\/fr#organization\",\"name\":\"Exemfoam\",\"url\":\"https:\\\/\\\/exemfoam.eu\\\/fr\",\"logo\":{\"@type\":\"ImageObject\",\"inLanguage\":\"fr-FR\",\"@id\":\"https:\\\/\\\/exemfoam.eu\\\/fr#\\\/schema\\\/logo\\\/image\\\/\",\"url\":\"https:\\\/\\\/exemfoam.eu\\\/wp-content\\\/uploads\\\/2023\\\/01\\\/Logo.png\",\"contentUrl\":\"https:\\\/\\\/exemfoam.eu\\\/wp-content\\\/uploads\\\/2023\\\/01\\\/Logo.png\",\"width\":205,\"height\":42,\"caption\":\"Exemfoam\"},\"image\":{\"@id\":\"https:\\\/\\\/exemfoam.eu\\\/fr#\\\/schema\\\/logo\\\/image\\\/\"}}]}<\/script>\n<!-- \/ Yoast SEO plugin. -->","yoast_head_json":{"title":"Politique de confidentialit\u00e9 - Exemfoam","robots":{"index":"index","follow":"follow","max-snippet":"max-snippet:-1","max-image-preview":"max-image-preview:large","max-video-preview":"max-video-preview:-1"},"canonical":"https:\/\/exemfoam.eu\/fr\/politique-de-confidentialite","og_locale":"fr_FR","og_type":"article","og_title":"Politique de confidentialit\u00e9 - Exemfoam","og_description":"Politique de confidentialit\u00e9 de www.exemfoam.com Cette application recueille certaines donn\u00e9es personnelles aupr\u00e8s de ses utilisateurs. Les donn\u00e9es \u00e0 caract\u00e8re personnel sont trait\u00e9es aux fins suivantes et en utilisant les services suivants : Analytique Google Analytics avec IP anonyme et HubSpot Analytics Donn\u00e9es personnelles : Traceur ; donn\u00e9es d&rsquo;utilisation&nbsp; Contacter l&rsquo;utilisateur Formulaire de contact Donn\u00e9es personnelles [&hellip;]","og_url":"https:\/\/exemfoam.eu\/fr\/politique-de-confidentialite","og_site_name":"Exemfoam","article_modified_time":"2023-03-30T11:37:26+00:00","twitter_card":"summary_large_image","twitter_misc":{"Dur\u00e9e de lecture estim\u00e9e":"1 minute"},"schema":{"@context":"https:\/\/schema.org","@graph":[{"@type":"WebPage","@id":"https:\/\/exemfoam.eu\/fr\/politique-de-confidentialite","url":"https:\/\/exemfoam.eu\/fr\/politique-de-confidentialite","name":"Politique de confidentialit\u00e9 - Exemfoam","isPartOf":{"@id":"https:\/\/exemfoam.eu\/fr#website"},"datePublished":"2023-03-08T09:21:10+00:00","dateModified":"2023-03-30T11:37:26+00:00","breadcrumb":{"@id":"https:\/\/exemfoam.eu\/fr\/politique-de-confidentialite#breadcrumb"},"inLanguage":"fr-FR","potentialAction":[{"@type":"ReadAction","target":["https:\/\/exemfoam.eu\/fr\/politique-de-confidentialite"]}]},{"@type":"BreadcrumbList","@id":"https:\/\/exemfoam.eu\/fr\/politique-de-confidentialite#breadcrumb","itemListElement":[{"@type":"ListItem","position":1,"name":"Home","item":"https:\/\/exemfoam.eu\/fr\/accueil"},{"@type":"ListItem","position":2,"name":"Politique de confidentialit\u00e9"}]},{"@type":"WebSite","@id":"https:\/\/exemfoam.eu\/fr#website","url":"https:\/\/exemfoam.eu\/fr","name":"Exemfoam","description":"","publisher":{"@id":"https:\/\/exemfoam.eu\/fr#organization"},"potentialAction":[{"@type":"SearchAction","target":{"@type":"EntryPoint","urlTemplate":"https:\/\/exemfoam.eu\/fr?s={search_term_string}"},"query-input":{"@type":"PropertyValueSpecification","valueRequired":true,"valueName":"search_term_string"}}],"inLanguage":"fr-FR"},{"@type":"Organization","@id":"https:\/\/exemfoam.eu\/fr#organization","name":"Exemfoam","url":"https:\/\/exemfoam.eu\/fr","logo":{"@type":"ImageObject","inLanguage":"fr-FR","@id":"https:\/\/exemfoam.eu\/fr#\/schema\/logo\/image\/","url":"https:\/\/exemfoam.eu\/wp-content\/uploads\/2023\/01\/Logo.png","contentUrl":"https:\/\/exemfoam.eu\/wp-content\/uploads\/2023\/01\/Logo.png","width":205,"height":42,"caption":"Exemfoam"},"image":{"@id":"https:\/\/exemfoam.eu\/fr#\/schema\/logo\/image\/"}}]}},"_links":{"self":[{"href":"https:\/\/exemfoam.eu\/fr\/wp-json\/wp\/v2\/pages\/2330","targetHints":{"allow":["GET"]}}],"collection":[{"href":"https:\/\/exemfoam.eu\/fr\/wp-json\/wp\/v2\/pages"}],"about":[{"href":"https:\/\/exemfoam.eu\/fr\/wp-json\/wp\/v2\/types\/page"}],"author":[{"embeddable":true,"href":"https:\/\/exemfoam.eu\/fr\/wp-json\/wp\/v2\/users\/1"}],"replies":[{"embeddable":true,"href":"https:\/\/exemfoam.eu\/fr\/wp-json\/wp\/v2\/comments?post=2330"}],"version-history":[{"count":2,"href":"https:\/\/exemfoam.eu\/fr\/wp-json\/wp\/v2\/pages\/2330\/revisions"}],"predecessor-version":[{"id":2342,"href":"https:\/\/exemfoam.eu\/fr\/wp-json\/wp\/v2\/pages\/2330\/revisions\/2342"}],"wp:attachment":[{"href":"https:\/\/exemfoam.eu\/fr\/wp-json\/wp\/v2\/media?parent=2330"}],"curies":[{"name":"wp","href":"https:\/\/api.w.org\/{rel}","templated":true}]}}