{"id":2257,"date":"2023-03-08T08:26:53","date_gmt":"2023-03-08T08:26:53","guid":{"rendered":"https:\/\/exemfoamdev.resetwebstudio.nl\/declaration-daccessibilite"},"modified":"2023-03-30T11:37:33","modified_gmt":"2023-03-30T11:37:33","slug":"declaration-daccessibilite","status":"publish","type":"page","link":"https:\/\/exemfoam.eu\/fr\/declaration-daccessibilite","title":{"rendered":"D\u00e9claration d&rsquo;accessibilit\u00e9"},"content":{"rendered":"\t\t<div data-elementor-type=\"wp-page\" data-elementor-id=\"2257\" class=\"elementor elementor-2257 elementor-1597\" data-elementor-post-type=\"page\">\n\t\t\t\t\t\t<section class=\"elementor-section elementor-top-section elementor-element elementor-element-47a50db elementor-section-boxed elementor-section-height-default elementor-section-height-default\" data-id=\"47a50db\" data-element_type=\"section\" data-e-type=\"section\">\n\t\t\t\t\t\t<div class=\"elementor-container elementor-column-gap-default\">\n\t\t\t\t\t<div class=\"elementor-column elementor-col-100 elementor-top-column elementor-element elementor-element-e00a6cf\" data-id=\"e00a6cf\" data-element_type=\"column\" data-e-type=\"column\">\n\t\t\t<div class=\"elementor-widget-wrap elementor-element-populated\">\n\t\t\t\t\t\t<div class=\"elementor-element elementor-element-0166902 elementor-widget elementor-widget-heading\" data-id=\"0166902\" data-element_type=\"widget\" data-e-type=\"widget\" data-widget_type=\"heading.default\">\n\t\t\t\t<div class=\"elementor-widget-container\">\n\t\t\t\t\t<h1 class=\"elementor-heading-title elementor-size-default\">D\u00e9claration d'accessibilit\u00e9\n<\/h1>\t\t\t\t<\/div>\n\t\t\t\t<\/div>\n\t\t\t\t\t<\/div>\n\t\t<\/div>\n\t\t\t\t\t<\/div>\n\t\t<\/section>\n\t\t\t\t<section class=\"elementor-section elementor-top-section elementor-element elementor-element-2c4bdb7 elementor-section-boxed elementor-section-height-default elementor-section-height-default\" data-id=\"2c4bdb7\" data-element_type=\"section\" data-e-type=\"section\">\n\t\t\t\t\t\t<div class=\"elementor-container elementor-column-gap-default\">\n\t\t\t\t\t<div class=\"elementor-column elementor-col-100 elementor-top-column elementor-element elementor-element-c39b30f\" data-id=\"c39b30f\" data-element_type=\"column\" data-e-type=\"column\">\n\t\t\t<div class=\"elementor-widget-wrap elementor-element-populated\">\n\t\t\t\t\t\t<div class=\"elementor-element elementor-element-80d9362 elementor-widget elementor-widget-heading\" data-id=\"80d9362\" data-element_type=\"widget\" data-e-type=\"widget\" data-widget_type=\"heading.default\">\n\t\t\t\t<div class=\"elementor-widget-container\">\n\t\t\t\t\t<h2 class=\"elementor-heading-title elementor-size-default\">G\u00e9n\u00e9ral  <\/h2>\t\t\t\t<\/div>\n\t\t\t\t<\/div>\n\t\t\t\t<div class=\"elementor-element elementor-element-da211b9 elementor-widget elementor-widget-text-editor\" data-id=\"da211b9\" data-element_type=\"widget\" data-e-type=\"widget\" data-widget_type=\"text-editor.default\">\n\t\t\t\t<div class=\"elementor-widget-container\">\n\t\t\t\t\t\t\t\t\t<p>ExEm\u00ae Foam s&rsquo;efforce de veiller \u00e0 ce que ses services soient accessibles aux personnes handicap\u00e9es. ExEm\u00ae Foam a investi des ressources consid\u00e9rables pour faciliter l&rsquo;utilisation de son site web et le rendre plus accessible aux personnes handicap\u00e9es, avec la ferme conviction que chaque personne a le droit de vivre dans la dignit\u00e9, l&rsquo;\u00e9galit\u00e9, le confort et l&rsquo;ind\u00e9pendance.<\/p>\n\t\t\t\t\t\t\t\t<\/div>\n\t\t\t\t<\/div>\n\t\t\t\t<div class=\"elementor-element elementor-element-6c5cdea elementor-widget elementor-widget-heading\" data-id=\"6c5cdea\" data-element_type=\"widget\" data-e-type=\"widget\" data-widget_type=\"heading.default\">\n\t\t\t\t<div class=\"elementor-widget-container\">\n\t\t\t\t\t<h2 class=\"elementor-heading-title elementor-size-default\">Accessibilit\u00e9 sur Https:\/\/www.exemfoam.com\/<\/h2>\t\t\t\t<\/div>\n\t\t\t\t<\/div>\n\t\t\t\t<div class=\"elementor-element elementor-element-59bd31b elementor-widget elementor-widget-text-editor\" data-id=\"59bd31b\" data-element_type=\"widget\" data-e-type=\"widget\" data-widget_type=\"text-editor.default\">\n\t\t\t\t<div class=\"elementor-widget-container\">\n\t\t\t\t\t\t\t\t\t<p data-fusion-font=\"true\">Https:\/\/www.exemfoam.com\/ met \u00e0 disposition le UserWay Website Accessibility Widget qui est aliment\u00e9 par un serveur d&rsquo;accessibilit\u00e9 d\u00e9di\u00e9. Le logiciel permet \u00e0 Https:\/\/www.exemfoam.com\/ d&rsquo;am\u00e9liorer sa conformit\u00e9 avec les lignes directrices pour l&rsquo;accessibilit\u00e9 des contenus web (WCAG 2.1).<\/p>\n\t\t\t\t\t\t\t\t<\/div>\n\t\t\t\t<\/div>\n\t\t\t\t<div class=\"elementor-element elementor-element-27b9cf7 elementor-widget elementor-widget-heading\" data-id=\"27b9cf7\" data-element_type=\"widget\" data-e-type=\"widget\" data-widget_type=\"heading.default\">\n\t\t\t\t<div class=\"elementor-widget-container\">\n\t\t\t\t\t<h2 class=\"elementor-heading-title elementor-size-default\">Activation du menu d'accessibilit\u00e9\n<\/h2>\t\t\t\t<\/div>\n\t\t\t\t<\/div>\n\t\t\t\t<div class=\"elementor-element elementor-element-f420119 elementor-widget elementor-widget-text-editor\" data-id=\"f420119\" data-element_type=\"widget\" data-e-type=\"widget\" data-widget_type=\"text-editor.default\">\n\t\t\t\t<div class=\"elementor-widget-container\">\n\t\t\t\t\t\t\t\t\t<p>Le menu d&rsquo;accessibilit\u00e9 Https:\/\/www.exemfoam.com\/ peut \u00eatre activ\u00e9 soit en appuyant sur la touche de tabulation lors du premier chargement de la page, soit en cliquant sur l&rsquo;ic\u00f4ne du menu d&rsquo;accessibilit\u00e9 qui appara\u00eet dans le coin de la page. Apr\u00e8s avoir d\u00e9clench\u00e9 le menu d&rsquo;accessibilit\u00e9, veuillez patienter quelques instants pour que le menu d&rsquo;accessibilit\u00e9 soit enti\u00e8rement charg\u00e9.<\/p>\n\t\t\t\t\t\t\t\t<\/div>\n\t\t\t\t<\/div>\n\t\t\t\t<div class=\"elementor-element elementor-element-8c7ac92 elementor-widget elementor-widget-heading\" data-id=\"8c7ac92\" data-element_type=\"widget\" data-e-type=\"widget\" data-widget_type=\"heading.default\">\n\t\t\t\t<div class=\"elementor-widget-container\">\n\t\t\t\t\t<h2 class=\"elementor-heading-title elementor-size-default\">Avis de non-responsabilit\u00e9<\/h2>\t\t\t\t<\/div>\n\t\t\t\t<\/div>\n\t\t\t\t<div class=\"elementor-element elementor-element-8214fd8 elementor-widget elementor-widget-text-editor\" data-id=\"8214fd8\" data-element_type=\"widget\" data-e-type=\"widget\" data-widget_type=\"text-editor.default\">\n\t\t\t\t<div class=\"elementor-widget-container\">\n\t\t\t\t\t\t\t\t\t<p data-fusion-font=\"true\">ExEm\u00ae Foam poursuit ses efforts pour am\u00e9liorer constamment l&rsquo;accessibilit\u00e9 de son site et de ses services, convaincu qu&rsquo;il est de notre obligation morale collective de permettre une utilisation transparente, accessible et sans entrave, y compris pour ceux d&rsquo;entre nous qui sont handicap\u00e9s.<\/p>\n<p><span data-fusion-font=\"true\">Dans un souci constant d&rsquo;am\u00e9lioration et de correction des probl\u00e8mes d&rsquo;accessibilit\u00e9, nous analysons r\u00e9guli\u00e8rement Https:\/\/www.exemfoam.com\/ avec UserWay&rsquo;s afin d&rsquo;identifier et de corriger tous les obstacles possibles \u00e0 l&rsquo;accessibilit\u00e9 de notre site.<\/span><br \/><span data-fusion-font=\"true\"><br \/>Malgr\u00e9 nos efforts pour rendre toutes les pages et tous les contenus de Https:\/\/www.exemfoam.com\/ enti\u00e8rement accessibles, il se peut que certains contenus n&rsquo;aient pas encore \u00e9t\u00e9 enti\u00e8rement adapt\u00e9s aux normes d&rsquo;accessibilit\u00e9 les plus strictes. Cela peut \u00eatre d\u00fb au fait que l&rsquo;on n&rsquo;a pas trouv\u00e9 ou identifi\u00e9 la solution technologique la plus appropri\u00e9e.<\/span><\/p>\n\t\t\t\t\t\t\t\t<\/div>\n\t\t\t\t<\/div>\n\t\t\t\t<div class=\"elementor-element elementor-element-d8cb1c0 elementor-widget elementor-widget-heading\" data-id=\"d8cb1c0\" data-element_type=\"widget\" data-e-type=\"widget\" data-widget_type=\"heading.default\">\n\t\t\t\t<div class=\"elementor-widget-container\">\n\t\t\t\t\t<h2 class=\"elementor-heading-title elementor-size-default\">Ici pour vous\n<\/h2>\t\t\t\t<\/div>\n\t\t\t\t<\/div>\n\t\t\t\t<div class=\"elementor-element elementor-element-e520b9b elementor-widget elementor-widget-text-editor\" data-id=\"e520b9b\" data-element_type=\"widget\" data-e-type=\"widget\" data-widget_type=\"text-editor.default\">\n\t\t\t\t<div class=\"elementor-widget-container\">\n\t\t\t\t\t\t\t\t\t<p>Si vous rencontrez des difficult\u00e9s avec le contenu de Https:\/\/www.exemfoam.com\/ ou si vous avez besoin d&rsquo;aide avec n&rsquo;importe quelle partie de notre site, veuillez nous contacter pendant les heures d&rsquo;ouverture indiqu\u00e9es ci-dessous et nous serons heureux de vous aider.<\/p>\n\t\t\t\t\t\t\t\t<\/div>\n\t\t\t\t<\/div>\n\t\t\t\t<div class=\"elementor-element elementor-element-42910fa elementor-widget elementor-widget-heading\" data-id=\"42910fa\" data-element_type=\"widget\" data-e-type=\"widget\" data-widget_type=\"heading.default\">\n\t\t\t\t<div class=\"elementor-widget-container\">\n\t\t\t\t\t<h2 class=\"elementor-heading-title elementor-size-default\">Nous contacter\n<\/h2>\t\t\t\t<\/div>\n\t\t\t\t<\/div>\n\t\t\t\t<div class=\"elementor-element elementor-element-fb6c725 elementor-widget elementor-widget-text-editor\" data-id=\"fb6c725\" data-element_type=\"widget\" data-e-type=\"widget\" data-widget_type=\"text-editor.default\">\n\t\t\t\t<div class=\"elementor-widget-container\">\n\t\t\t\t\t\t\t\t\t<p data-fusion-font=\"true\">Si vous souhaitez signaler un probl\u00e8me d&rsquo;accessibilit\u00e9, si vous avez des questions ou si vous avez besoin d&rsquo;aide, veuillez contacter le service client\u00e8le d&rsquo;ExEm\u00ae Foam comme suit :<\/p>\n<p><span data-fusion-font=\"true\">Courriel : <\/span><a href=\"mailto:henry@iq-medicalventures.com\" data-fusion-font=\"true\">contact@exemfoam.com<\/a><br \/><span data-fusion-font=\"true\"><br \/>T\u00e9l\u00e9phone : (888) 963.3936<\/span><\/p>\n\t\t\t\t\t\t\t\t<\/div>\n\t\t\t\t<\/div>\n\t\t\t\t\t<\/div>\n\t\t<\/div>\n\t\t\t\t\t<\/div>\n\t\t<\/section>\n\t\t\t\t<section class=\"elementor-section elementor-top-section elementor-element elementor-element-3a8d1fd elementor-section-boxed elementor-section-height-default elementor-section-height-default\" data-id=\"3a8d1fd\" data-element_type=\"section\" data-e-type=\"section\">\n\t\t\t\t\t\t<div class=\"elementor-container elementor-column-gap-default\">\n\t\t\t\t\t<div class=\"elementor-column elementor-col-100 elementor-top-column elementor-element elementor-element-a064e12\" data-id=\"a064e12\" data-element_type=\"column\" data-e-type=\"column\">\n\t\t\t<div class=\"elementor-widget-wrap\">\n\t\t\t\t\t\t\t<\/div>\n\t\t<\/div>\n\t\t\t\t\t<\/div>\n\t\t<\/section>\n\t\t\t\t<\/div>\n\t\t","protected":false},"excerpt":{"rendered":"<p>D\u00e9claration d&rsquo;accessibilit\u00e9 G\u00e9n\u00e9ral ExEm\u00ae Foam s&rsquo;efforce de veiller \u00e0 ce que ses services soient accessibles aux personnes handicap\u00e9es. ExEm\u00ae Foam a investi des ressources consid\u00e9rables pour faciliter l&rsquo;utilisation de son site web et le rendre plus accessible aux personnes handicap\u00e9es, avec la ferme conviction que chaque personne a le droit de vivre dans la dignit\u00e9, [&hellip;]<\/p>\n","protected":false},"author":1,"featured_media":0,"parent":0,"menu_order":0,"comment_status":"closed","ping_status":"closed","template":"","meta":{"footnotes":""},"class_list":["post-2257","page","type-page","status-publish","hentry"],"yoast_head":"<!-- This site is optimized with the Yoast SEO plugin v27.4 - https:\/\/yoast.com\/product\/yoast-seo-wordpress\/ -->\n<title>D\u00e9claration d&#039;accessibilit\u00e9 - Exemfoam<\/title>\n<meta name=\"robots\" content=\"index, follow, max-snippet:-1, max-image-preview:large, max-video-preview:-1\" \/>\n<link rel=\"canonical\" href=\"https:\/\/exemfoam.eu\/fr\/declaration-daccessibilite\" \/>\n<meta property=\"og:locale\" content=\"fr_FR\" \/>\n<meta property=\"og:type\" content=\"article\" \/>\n<meta property=\"og:title\" content=\"D\u00e9claration d&#039;accessibilit\u00e9 - Exemfoam\" \/>\n<meta property=\"og:description\" content=\"D\u00e9claration d&rsquo;accessibilit\u00e9 G\u00e9n\u00e9ral ExEm\u00ae Foam s&rsquo;efforce de veiller \u00e0 ce que ses services soient accessibles aux personnes handicap\u00e9es. ExEm\u00ae Foam a investi des ressources consid\u00e9rables pour faciliter l&rsquo;utilisation de son site web et le rendre plus accessible aux personnes handicap\u00e9es, avec la ferme conviction que chaque personne a le droit de vivre dans la dignit\u00e9, [&hellip;]\" \/>\n<meta property=\"og:url\" content=\"https:\/\/exemfoam.eu\/fr\/declaration-daccessibilite\" \/>\n<meta property=\"og:site_name\" content=\"Exemfoam\" \/>\n<meta property=\"article:modified_time\" content=\"2023-03-30T11:37:33+00:00\" \/>\n<meta name=\"twitter:card\" content=\"summary_large_image\" \/>\n<meta name=\"twitter:label1\" content=\"Dur\u00e9e de lecture estim\u00e9e\" \/>\n\t<meta name=\"twitter:data1\" content=\"2 minutes\" \/>\n<script type=\"application\/ld+json\" class=\"yoast-schema-graph\">{\"@context\":\"https:\\\/\\\/schema.org\",\"@graph\":[{\"@type\":\"WebPage\",\"@id\":\"https:\\\/\\\/exemfoam.eu\\\/fr\\\/declaration-daccessibilite\",\"url\":\"https:\\\/\\\/exemfoam.eu\\\/fr\\\/declaration-daccessibilite\",\"name\":\"D\u00e9claration d'accessibilit\u00e9 - Exemfoam\",\"isPartOf\":{\"@id\":\"https:\\\/\\\/exemfoam.eu\\\/fr#website\"},\"datePublished\":\"2023-03-08T08:26:53+00:00\",\"dateModified\":\"2023-03-30T11:37:33+00:00\",\"breadcrumb\":{\"@id\":\"https:\\\/\\\/exemfoam.eu\\\/fr\\\/declaration-daccessibilite#breadcrumb\"},\"inLanguage\":\"fr-FR\",\"potentialAction\":[{\"@type\":\"ReadAction\",\"target\":[\"https:\\\/\\\/exemfoam.eu\\\/fr\\\/declaration-daccessibilite\"]}]},{\"@type\":\"BreadcrumbList\",\"@id\":\"https:\\\/\\\/exemfoam.eu\\\/fr\\\/declaration-daccessibilite#breadcrumb\",\"itemListElement\":[{\"@type\":\"ListItem\",\"position\":1,\"name\":\"Home\",\"item\":\"https:\\\/\\\/exemfoam.eu\\\/fr\\\/accueil\"},{\"@type\":\"ListItem\",\"position\":2,\"name\":\"D\u00e9claration d&#8217;accessibilit\u00e9\"}]},{\"@type\":\"WebSite\",\"@id\":\"https:\\\/\\\/exemfoam.eu\\\/fr#website\",\"url\":\"https:\\\/\\\/exemfoam.eu\\\/fr\",\"name\":\"Exemfoam\",\"description\":\"\",\"publisher\":{\"@id\":\"https:\\\/\\\/exemfoam.eu\\\/fr#organization\"},\"potentialAction\":[{\"@type\":\"SearchAction\",\"target\":{\"@type\":\"EntryPoint\",\"urlTemplate\":\"https:\\\/\\\/exemfoam.eu\\\/fr?s={search_term_string}\"},\"query-input\":{\"@type\":\"PropertyValueSpecification\",\"valueRequired\":true,\"valueName\":\"search_term_string\"}}],\"inLanguage\":\"fr-FR\"},{\"@type\":\"Organization\",\"@id\":\"https:\\\/\\\/exemfoam.eu\\\/fr#organization\",\"name\":\"Exemfoam\",\"url\":\"https:\\\/\\\/exemfoam.eu\\\/fr\",\"logo\":{\"@type\":\"ImageObject\",\"inLanguage\":\"fr-FR\",\"@id\":\"https:\\\/\\\/exemfoam.eu\\\/fr#\\\/schema\\\/logo\\\/image\\\/\",\"url\":\"https:\\\/\\\/exemfoam.eu\\\/wp-content\\\/uploads\\\/2023\\\/01\\\/Logo.png\",\"contentUrl\":\"https:\\\/\\\/exemfoam.eu\\\/wp-content\\\/uploads\\\/2023\\\/01\\\/Logo.png\",\"width\":205,\"height\":42,\"caption\":\"Exemfoam\"},\"image\":{\"@id\":\"https:\\\/\\\/exemfoam.eu\\\/fr#\\\/schema\\\/logo\\\/image\\\/\"}}]}<\/script>\n<!-- \/ Yoast SEO plugin. -->","yoast_head_json":{"title":"D\u00e9claration d'accessibilit\u00e9 - Exemfoam","robots":{"index":"index","follow":"follow","max-snippet":"max-snippet:-1","max-image-preview":"max-image-preview:large","max-video-preview":"max-video-preview:-1"},"canonical":"https:\/\/exemfoam.eu\/fr\/declaration-daccessibilite","og_locale":"fr_FR","og_type":"article","og_title":"D\u00e9claration d'accessibilit\u00e9 - Exemfoam","og_description":"D\u00e9claration d&rsquo;accessibilit\u00e9 G\u00e9n\u00e9ral ExEm\u00ae Foam s&rsquo;efforce de veiller \u00e0 ce que ses services soient accessibles aux personnes handicap\u00e9es. ExEm\u00ae Foam a investi des ressources consid\u00e9rables pour faciliter l&rsquo;utilisation de son site web et le rendre plus accessible aux personnes handicap\u00e9es, avec la ferme conviction que chaque personne a le droit de vivre dans la dignit\u00e9, [&hellip;]","og_url":"https:\/\/exemfoam.eu\/fr\/declaration-daccessibilite","og_site_name":"Exemfoam","article_modified_time":"2023-03-30T11:37:33+00:00","twitter_card":"summary_large_image","twitter_misc":{"Dur\u00e9e de lecture estim\u00e9e":"2 minutes"},"schema":{"@context":"https:\/\/schema.org","@graph":[{"@type":"WebPage","@id":"https:\/\/exemfoam.eu\/fr\/declaration-daccessibilite","url":"https:\/\/exemfoam.eu\/fr\/declaration-daccessibilite","name":"D\u00e9claration d'accessibilit\u00e9 - Exemfoam","isPartOf":{"@id":"https:\/\/exemfoam.eu\/fr#website"},"datePublished":"2023-03-08T08:26:53+00:00","dateModified":"2023-03-30T11:37:33+00:00","breadcrumb":{"@id":"https:\/\/exemfoam.eu\/fr\/declaration-daccessibilite#breadcrumb"},"inLanguage":"fr-FR","potentialAction":[{"@type":"ReadAction","target":["https:\/\/exemfoam.eu\/fr\/declaration-daccessibilite"]}]},{"@type":"BreadcrumbList","@id":"https:\/\/exemfoam.eu\/fr\/declaration-daccessibilite#breadcrumb","itemListElement":[{"@type":"ListItem","position":1,"name":"Home","item":"https:\/\/exemfoam.eu\/fr\/accueil"},{"@type":"ListItem","position":2,"name":"D\u00e9claration d&#8217;accessibilit\u00e9"}]},{"@type":"WebSite","@id":"https:\/\/exemfoam.eu\/fr#website","url":"https:\/\/exemfoam.eu\/fr","name":"Exemfoam","description":"","publisher":{"@id":"https:\/\/exemfoam.eu\/fr#organization"},"potentialAction":[{"@type":"SearchAction","target":{"@type":"EntryPoint","urlTemplate":"https:\/\/exemfoam.eu\/fr?s={search_term_string}"},"query-input":{"@type":"PropertyValueSpecification","valueRequired":true,"valueName":"search_term_string"}}],"inLanguage":"fr-FR"},{"@type":"Organization","@id":"https:\/\/exemfoam.eu\/fr#organization","name":"Exemfoam","url":"https:\/\/exemfoam.eu\/fr","logo":{"@type":"ImageObject","inLanguage":"fr-FR","@id":"https:\/\/exemfoam.eu\/fr#\/schema\/logo\/image\/","url":"https:\/\/exemfoam.eu\/wp-content\/uploads\/2023\/01\/Logo.png","contentUrl":"https:\/\/exemfoam.eu\/wp-content\/uploads\/2023\/01\/Logo.png","width":205,"height":42,"caption":"Exemfoam"},"image":{"@id":"https:\/\/exemfoam.eu\/fr#\/schema\/logo\/image\/"}}]}},"_links":{"self":[{"href":"https:\/\/exemfoam.eu\/fr\/wp-json\/wp\/v2\/pages\/2257","targetHints":{"allow":["GET"]}}],"collection":[{"href":"https:\/\/exemfoam.eu\/fr\/wp-json\/wp\/v2\/pages"}],"about":[{"href":"https:\/\/exemfoam.eu\/fr\/wp-json\/wp\/v2\/types\/page"}],"author":[{"embeddable":true,"href":"https:\/\/exemfoam.eu\/fr\/wp-json\/wp\/v2\/users\/1"}],"replies":[{"embeddable":true,"href":"https:\/\/exemfoam.eu\/fr\/wp-json\/wp\/v2\/comments?post=2257"}],"version-history":[{"count":4,"href":"https:\/\/exemfoam.eu\/fr\/wp-json\/wp\/v2\/pages\/2257\/revisions"}],"predecessor-version":[{"id":2392,"href":"https:\/\/exemfoam.eu\/fr\/wp-json\/wp\/v2\/pages\/2257\/revisions\/2392"}],"wp:attachment":[{"href":"https:\/\/exemfoam.eu\/fr\/wp-json\/wp\/v2\/media?parent=2257"}],"curies":[{"name":"wp","href":"https:\/\/api.w.org\/{rel}","templated":true}]}}