{"id":2452,"date":"2023-03-08T08:48:25","date_gmt":"2023-03-08T08:48:25","guid":{"rendered":"https:\/\/exemfoamdev.resetwebstudio.nl\/programa-de-conformidad"},"modified":"2023-03-30T11:38:21","modified_gmt":"2023-03-30T11:38:21","slug":"programa-de-conformidad","status":"publish","type":"page","link":"https:\/\/exemfoam.eu\/es\/programa-de-conformidad","title":{"rendered":"Programa de conformidad"},"content":{"rendered":"\t\t<div data-elementor-type=\"wp-page\" data-elementor-id=\"2452\" class=\"elementor elementor-2452 elementor-1602\" data-elementor-post-type=\"page\">\n\t\t\t\t\t\t<section class=\"elementor-section elementor-top-section elementor-element elementor-element-ffe45ba elementor-section-boxed elementor-section-height-default elementor-section-height-default\" data-id=\"ffe45ba\" data-element_type=\"section\" data-e-type=\"section\">\n\t\t\t\t\t\t<div class=\"elementor-container elementor-column-gap-default\">\n\t\t\t\t\t<div class=\"elementor-column elementor-col-100 elementor-top-column elementor-element elementor-element-dc40085\" data-id=\"dc40085\" data-element_type=\"column\" data-e-type=\"column\">\n\t\t\t<div class=\"elementor-widget-wrap elementor-element-populated\">\n\t\t\t\t\t\t<div class=\"elementor-element elementor-element-f569dd1 elementor-widget elementor-widget-heading\" data-id=\"f569dd1\" data-element_type=\"widget\" data-e-type=\"widget\" data-widget_type=\"heading.default\">\n\t\t\t\t<div class=\"elementor-widget-container\">\n\t\t\t\t\t<h1 class=\"elementor-heading-title elementor-size-default\">ExEm Foam Inc.  <\/h1>\t\t\t\t<\/div>\n\t\t\t\t<\/div>\n\t\t\t\t\t<\/div>\n\t\t<\/div>\n\t\t\t\t\t<\/div>\n\t\t<\/section>\n\t\t\t\t<section class=\"elementor-section elementor-top-section elementor-element elementor-element-10cc657 elementor-section-boxed elementor-section-height-default elementor-section-height-default\" data-id=\"10cc657\" data-element_type=\"section\" data-e-type=\"section\">\n\t\t\t\t\t\t<div class=\"elementor-container elementor-column-gap-default\">\n\t\t\t\t\t<div class=\"elementor-column elementor-col-100 elementor-top-column elementor-element elementor-element-85e8fbe\" data-id=\"85e8fbe\" data-element_type=\"column\" data-e-type=\"column\">\n\t\t\t<div class=\"elementor-widget-wrap elementor-element-populated\">\n\t\t\t\t\t\t<div class=\"elementor-element elementor-element-642b3cc elementor-widget elementor-widget-heading\" data-id=\"642b3cc\" data-element_type=\"widget\" data-e-type=\"widget\" data-widget_type=\"heading.default\">\n\t\t\t\t<div class=\"elementor-widget-container\">\n\t\t\t\t\t<h3 class=\"elementor-heading-title elementor-size-default\">Programa integral de cumplimiento de California<\/h3>\t\t\t\t<\/div>\n\t\t\t\t<\/div>\n\t\t\t\t<div class=\"elementor-element elementor-element-a5004c0 elementor-widget elementor-widget-text-editor\" data-id=\"a5004c0\" data-element_type=\"widget\" data-e-type=\"widget\" data-widget_type=\"text-editor.default\">\n\t\t\t\t<div class=\"elementor-widget-container\">\n\t\t\t\t\t\t\t\t\t<p><span data-fusion-font=\"true\">ExEm Foam Inc. se compromete a establecer y mantener un programa de cumplimiento eficaz de acuerdo con las Directrices del Programa de Cumplimiento publicadas por la Oficina del Inspector General del Departamento de Salud y Servicios Humanos de EE.UU.1 (las \u00abDirectrices de la OIG\u00bb). Adem\u00e1s, el sector sanitario ha establecido y el Programa de Cumplimiento Integral de ExEm Foam Inc. est\u00e1 dise\u00f1ado de acuerdo con el C\u00f3digo PhRMA sobre Interacciones con Profesionales Sanitarios (PhRMA)2. De acuerdo con las normas voluntarias establecidas por la Gu\u00eda de la OIG y como se reconoce expl\u00edcitamente en la Gu\u00eda de la OIG, hemos adaptado nuestro Programa de Cumplimiento para ajustarlo al entorno y tama\u00f1o \u00fanicos de ExEm Foam Inc. Revisamos peri\u00f3dicamente nuestro Programa de Cumplimiento para adaptarlo a la evoluci\u00f3n de las directrices del sector y a las necesidades de cumplimiento de nuestra empresa.<\/span><br \/><span data-fusion-font=\"true\"><br \/><\/span><br \/><span data-fusion-font=\"true\"><br \/>Nuestro Programa de Cumplimiento establecido por nuestro Consejo de Administraci\u00f3n est\u00e1 dise\u00f1ado para prevenir y detectar violaciones de la ley o de las pol\u00edticas de ExEm Foam Inc.; sin embargo, tal y como reconoce la Gu\u00eda de la OIG, la implementaci\u00f3n de un Programa de Cumplimiento no puede garantizar que se eliminen por completo las conductas inapropiadas. ExEm Foam Inc. espera que los empleados y nuestros representantes cumplan con nuestra Pol\u00edtica de Interacciones con el HCP y las dem\u00e1s pol\u00edticas establecidas en apoyo de nuestro Programa de Cumplimiento. En caso de que ExEm Foam Inc. tenga conocimiento de posibles infracciones de la ley o de la pol\u00edtica de la empresa, la empresa investigar\u00e1 el asunto y tomar\u00e1 las medidas disciplinarias pertinentes e implementar\u00e1 medidas correctivas para evitar futuras infracciones.<\/span><br \/><span data-fusion-font=\"true\"><br \/><\/span><br \/><span data-fusion-font=\"true\"><br \/>Tal y como exige el C\u00f3digo de Salud y Seguridad de California \u00a7119402(d), ExEm Foam Inc. ha implementado un l\u00edmite de gasto anual de 2.000 d\u00f3lares en art\u00edculos educativos, promocionales o actividades que ExEm Foam Inc. pueda proporcionar a los profesionales sanitarios autorizados de California. Estos art\u00edculos y actividades promocionales tambi\u00e9n est\u00e1n sujetos a las restricciones establecidas en nuestra Pol\u00edtica de interacciones con el HCP (coherente con el C\u00f3digo de PhRMA) y otras pol\u00edticas y procedimientos del Programa de Cumplimiento.<\/span><\/p>\n\t\t\t\t\t\t\t\t<\/div>\n\t\t\t\t<\/div>\n\t\t\t\t<div class=\"elementor-element elementor-element-358f187 elementor-widget elementor-widget-heading\" data-id=\"358f187\" data-element_type=\"widget\" data-e-type=\"widget\" data-widget_type=\"heading.default\">\n\t\t\t\t<div class=\"elementor-widget-container\">\n\t\t\t\t\t<h2 class=\"elementor-heading-title elementor-size-default\">Company, Inc. 2021 Declaraci\u00f3n de conformidad<\/h2>\t\t\t\t<\/div>\n\t\t\t\t<\/div>\n\t\t\t\t<div class=\"elementor-element elementor-element-69c8901 elementor-widget elementor-widget-text-editor\" data-id=\"69c8901\" data-element_type=\"widget\" data-e-type=\"widget\" data-widget_type=\"text-editor.default\">\n\t\t\t\t<div class=\"elementor-widget-container\">\n\t\t\t\t\t\t\t\t\t<p>ExEm Foam Inc. declara por la presente que, a su leal saber y entender, cumple con su Programa de Cumplimiento Integral y con los requisitos pertinentes del C\u00f3digo de Salud y Seguridad de California \u00a7\u00a7119400-119402.<\/p>\n\t\t\t\t\t\t\t\t<\/div>\n\t\t\t\t<\/div>\n\t\t\t\t<div class=\"elementor-element elementor-element-e4eda47 elementor-widget elementor-widget-heading\" data-id=\"e4eda47\" data-element_type=\"widget\" data-e-type=\"widget\" data-widget_type=\"heading.default\">\n\t\t\t\t<div class=\"elementor-widget-container\">\n\t\t\t\t\t<h2 class=\"elementor-heading-title elementor-size-default\">Informaci\u00f3n de contacto<\/h2>\t\t\t\t<\/div>\n\t\t\t\t<\/div>\n\t\t\t\t<div class=\"elementor-element elementor-element-9a09266 elementor-widget elementor-widget-text-editor\" data-id=\"9a09266\" data-element_type=\"widget\" data-e-type=\"widget\" data-widget_type=\"text-editor.default\">\n\t\t\t\t<div class=\"elementor-widget-container\">\n\t\t\t\t\t\t\t\t\t<p><span data-fusion-font=\"true\">Para obtener una copia de esta Declaraci\u00f3n o m\u00e1s informaci\u00f3n sobre nuestro Programa de Cumplimiento, p\u00f3ngase en contacto con ExEm Foam Inc. enviando un correo electr\u00f3nico a <\/span><a class=\"in-text-link\" href=\"mailto:compliance@exem-foam.com\" data-uw-styling-context=\"true\" data-uw-rm-brl=\"exc\" aria-label=\"send an email to compliance@exem-foam.com \" data-uw-rm-vglnk=\"\" data-fusion-font=\"true\">compliance@exem-foam.com<\/a><\/p>\n\t\t\t\t\t\t\t\t<\/div>\n\t\t\t\t<\/div>\n\t\t\t\t<div class=\"elementor-element elementor-element-173e916 elementor-widget elementor-widget-text-editor\" data-id=\"173e916\" data-element_type=\"widget\" data-e-type=\"widget\" data-widget_type=\"text-editor.default\">\n\t\t\t\t<div class=\"elementor-widget-container\">\n\t\t\t\t\t\t\t\t\t<p class=\"paragraph\" data-uw-styling-context=\"true\"><span class=\"target space\" data-uw-styling-context=\"true\" data-fusion-font=\"true\">1 <\/span><span data-fusion-font=\"true\">Gu\u00eda del Programa de Cumplimiento para Fabricantes Farmac\u00e9uticos.<\/span><\/p>\n<div class=\"c-citations-container\">\n<p><span class=\"target space\" data-uw-styling-context=\"true\" data-fusion-font=\"true\">2 <\/span><a class=\"in-text-link\" href=\"https:\/\/www.phrma.org\/en\/Codes-and-guidelines\/Code-on-Interactions-with-Health-Care-Professionals\" target=\"_blank\" rel=\"noopener\" data-uw-styling-context=\"true\" data-uw-rm-brl=\"false\" aria-label=\"https:\/\/www.phrma.org\/en\/Codes-and-guidelines\/Code-on-Interactions-with-Health-Care-Professionals - opens in new tab\" data-uw-rm-ext-link=\"\" data-fusion-font=\"true\">https:\/\/www.phrma.org\/en\/Codes-and-guidelines\/Code-on-Interactions-with-Health-Care-Professionals<\/a><\/p>\n<\/div>\n\t\t\t\t\t\t\t\t<\/div>\n\t\t\t\t<\/div>\n\t\t\t\t\t<\/div>\n\t\t<\/div>\n\t\t\t\t\t<\/div>\n\t\t<\/section>\n\t\t\t\t<\/div>\n\t\t","protected":false},"excerpt":{"rendered":"<p>ExEm Foam Inc. Programa integral de cumplimiento de California ExEm Foam Inc. se compromete a establecer y mantener un programa de cumplimiento eficaz de acuerdo con las Directrices del Programa de Cumplimiento publicadas por la Oficina del Inspector General del Departamento de Salud y Servicios Humanos de EE.UU.1 (las \u00abDirectrices de la OIG\u00bb). Adem\u00e1s, el [&hellip;]<\/p>\n","protected":false},"author":1,"featured_media":0,"parent":0,"menu_order":0,"comment_status":"closed","ping_status":"closed","template":"","meta":{"footnotes":""},"class_list":["post-2452","page","type-page","status-publish","hentry"],"yoast_head":"<!-- This site is optimized with the Yoast SEO plugin v27.4 - https:\/\/yoast.com\/product\/yoast-seo-wordpress\/ -->\n<title>Programa de conformidad - Exemfoam<\/title>\n<meta name=\"robots\" content=\"index, follow, max-snippet:-1, max-image-preview:large, max-video-preview:-1\" \/>\n<link rel=\"canonical\" href=\"https:\/\/exemfoam.eu\/es\/programa-de-conformidad\" \/>\n<meta property=\"og:locale\" content=\"es_ES\" \/>\n<meta property=\"og:type\" content=\"article\" \/>\n<meta property=\"og:title\" content=\"Programa de conformidad - Exemfoam\" \/>\n<meta property=\"og:description\" content=\"ExEm Foam Inc. Programa integral de cumplimiento de California ExEm Foam Inc. se compromete a establecer y mantener un programa de cumplimiento eficaz de acuerdo con las Directrices del Programa de Cumplimiento publicadas por la Oficina del Inspector General del Departamento de Salud y Servicios Humanos de EE.UU.1 (las \u00abDirectrices de la OIG\u00bb). Adem\u00e1s, el [&hellip;]\" \/>\n<meta property=\"og:url\" content=\"https:\/\/exemfoam.eu\/es\/programa-de-conformidad\" \/>\n<meta property=\"og:site_name\" content=\"Exemfoam\" \/>\n<meta property=\"article:modified_time\" content=\"2023-03-30T11:38:21+00:00\" \/>\n<meta name=\"twitter:card\" content=\"summary_large_image\" \/>\n<meta name=\"twitter:label1\" content=\"Tiempo de lectura\" \/>\n\t<meta name=\"twitter:data1\" content=\"2 minutos\" \/>\n<script type=\"application\/ld+json\" class=\"yoast-schema-graph\">{\"@context\":\"https:\\\/\\\/schema.org\",\"@graph\":[{\"@type\":\"WebPage\",\"@id\":\"https:\\\/\\\/exemfoam.eu\\\/es\\\/programa-de-conformidad\",\"url\":\"https:\\\/\\\/exemfoam.eu\\\/es\\\/programa-de-conformidad\",\"name\":\"Programa de conformidad - Exemfoam\",\"isPartOf\":{\"@id\":\"https:\\\/\\\/exemfoam.eu\\\/es#website\"},\"datePublished\":\"2023-03-08T08:48:25+00:00\",\"dateModified\":\"2023-03-30T11:38:21+00:00\",\"breadcrumb\":{\"@id\":\"https:\\\/\\\/exemfoam.eu\\\/es\\\/programa-de-conformidad#breadcrumb\"},\"inLanguage\":\"es\",\"potentialAction\":[{\"@type\":\"ReadAction\",\"target\":[\"https:\\\/\\\/exemfoam.eu\\\/es\\\/programa-de-conformidad\"]}]},{\"@type\":\"BreadcrumbList\",\"@id\":\"https:\\\/\\\/exemfoam.eu\\\/es\\\/programa-de-conformidad#breadcrumb\",\"itemListElement\":[{\"@type\":\"ListItem\",\"position\":1,\"name\":\"Home\",\"item\":\"https:\\\/\\\/exemfoam.eu\\\/es\"},{\"@type\":\"ListItem\",\"position\":2,\"name\":\"Programa de conformidad\"}]},{\"@type\":\"WebSite\",\"@id\":\"https:\\\/\\\/exemfoam.eu\\\/es#website\",\"url\":\"https:\\\/\\\/exemfoam.eu\\\/es\",\"name\":\"Exemfoam\",\"description\":\"\",\"publisher\":{\"@id\":\"https:\\\/\\\/exemfoam.eu\\\/es#organization\"},\"potentialAction\":[{\"@type\":\"SearchAction\",\"target\":{\"@type\":\"EntryPoint\",\"urlTemplate\":\"https:\\\/\\\/exemfoam.eu\\\/es?s={search_term_string}\"},\"query-input\":{\"@type\":\"PropertyValueSpecification\",\"valueRequired\":true,\"valueName\":\"search_term_string\"}}],\"inLanguage\":\"es\"},{\"@type\":\"Organization\",\"@id\":\"https:\\\/\\\/exemfoam.eu\\\/es#organization\",\"name\":\"Exemfoam\",\"url\":\"https:\\\/\\\/exemfoam.eu\\\/es\",\"logo\":{\"@type\":\"ImageObject\",\"inLanguage\":\"es\",\"@id\":\"https:\\\/\\\/exemfoam.eu\\\/es#\\\/schema\\\/logo\\\/image\\\/\",\"url\":\"https:\\\/\\\/exemfoam.eu\\\/wp-content\\\/uploads\\\/2023\\\/01\\\/Logo.png\",\"contentUrl\":\"https:\\\/\\\/exemfoam.eu\\\/wp-content\\\/uploads\\\/2023\\\/01\\\/Logo.png\",\"width\":205,\"height\":42,\"caption\":\"Exemfoam\"},\"image\":{\"@id\":\"https:\\\/\\\/exemfoam.eu\\\/es#\\\/schema\\\/logo\\\/image\\\/\"}}]}<\/script>\n<!-- \/ Yoast SEO plugin. -->","yoast_head_json":{"title":"Programa de conformidad - Exemfoam","robots":{"index":"index","follow":"follow","max-snippet":"max-snippet:-1","max-image-preview":"max-image-preview:large","max-video-preview":"max-video-preview:-1"},"canonical":"https:\/\/exemfoam.eu\/es\/programa-de-conformidad","og_locale":"es_ES","og_type":"article","og_title":"Programa de conformidad - Exemfoam","og_description":"ExEm Foam Inc. Programa integral de cumplimiento de California ExEm Foam Inc. se compromete a establecer y mantener un programa de cumplimiento eficaz de acuerdo con las Directrices del Programa de Cumplimiento publicadas por la Oficina del Inspector General del Departamento de Salud y Servicios Humanos de EE.UU.1 (las \u00abDirectrices de la OIG\u00bb). Adem\u00e1s, el [&hellip;]","og_url":"https:\/\/exemfoam.eu\/es\/programa-de-conformidad","og_site_name":"Exemfoam","article_modified_time":"2023-03-30T11:38:21+00:00","twitter_card":"summary_large_image","twitter_misc":{"Tiempo de lectura":"2 minutos"},"schema":{"@context":"https:\/\/schema.org","@graph":[{"@type":"WebPage","@id":"https:\/\/exemfoam.eu\/es\/programa-de-conformidad","url":"https:\/\/exemfoam.eu\/es\/programa-de-conformidad","name":"Programa de conformidad - Exemfoam","isPartOf":{"@id":"https:\/\/exemfoam.eu\/es#website"},"datePublished":"2023-03-08T08:48:25+00:00","dateModified":"2023-03-30T11:38:21+00:00","breadcrumb":{"@id":"https:\/\/exemfoam.eu\/es\/programa-de-conformidad#breadcrumb"},"inLanguage":"es","potentialAction":[{"@type":"ReadAction","target":["https:\/\/exemfoam.eu\/es\/programa-de-conformidad"]}]},{"@type":"BreadcrumbList","@id":"https:\/\/exemfoam.eu\/es\/programa-de-conformidad#breadcrumb","itemListElement":[{"@type":"ListItem","position":1,"name":"Home","item":"https:\/\/exemfoam.eu\/es"},{"@type":"ListItem","position":2,"name":"Programa de conformidad"}]},{"@type":"WebSite","@id":"https:\/\/exemfoam.eu\/es#website","url":"https:\/\/exemfoam.eu\/es","name":"Exemfoam","description":"","publisher":{"@id":"https:\/\/exemfoam.eu\/es#organization"},"potentialAction":[{"@type":"SearchAction","target":{"@type":"EntryPoint","urlTemplate":"https:\/\/exemfoam.eu\/es?s={search_term_string}"},"query-input":{"@type":"PropertyValueSpecification","valueRequired":true,"valueName":"search_term_string"}}],"inLanguage":"es"},{"@type":"Organization","@id":"https:\/\/exemfoam.eu\/es#organization","name":"Exemfoam","url":"https:\/\/exemfoam.eu\/es","logo":{"@type":"ImageObject","inLanguage":"es","@id":"https:\/\/exemfoam.eu\/es#\/schema\/logo\/image\/","url":"https:\/\/exemfoam.eu\/wp-content\/uploads\/2023\/01\/Logo.png","contentUrl":"https:\/\/exemfoam.eu\/wp-content\/uploads\/2023\/01\/Logo.png","width":205,"height":42,"caption":"Exemfoam"},"image":{"@id":"https:\/\/exemfoam.eu\/es#\/schema\/logo\/image\/"}}]}},"_links":{"self":[{"href":"https:\/\/exemfoam.eu\/es\/wp-json\/wp\/v2\/pages\/2452","targetHints":{"allow":["GET"]}}],"collection":[{"href":"https:\/\/exemfoam.eu\/es\/wp-json\/wp\/v2\/pages"}],"about":[{"href":"https:\/\/exemfoam.eu\/es\/wp-json\/wp\/v2\/types\/page"}],"author":[{"embeddable":true,"href":"https:\/\/exemfoam.eu\/es\/wp-json\/wp\/v2\/users\/1"}],"replies":[{"embeddable":true,"href":"https:\/\/exemfoam.eu\/es\/wp-json\/wp\/v2\/comments?post=2452"}],"version-history":[{"count":2,"href":"https:\/\/exemfoam.eu\/es\/wp-json\/wp\/v2\/pages\/2452\/revisions"}],"predecessor-version":[{"id":2454,"href":"https:\/\/exemfoam.eu\/es\/wp-json\/wp\/v2\/pages\/2452\/revisions\/2454"}],"wp:attachment":[{"href":"https:\/\/exemfoam.eu\/es\/wp-json\/wp\/v2\/media?parent=2452"}],"curies":[{"name":"wp","href":"https:\/\/api.w.org\/{rel}","templated":true}]}}