{"id":2263,"date":"2023-01-30T15:10:54","date_gmt":"2023-01-30T15:10:54","guid":{"rendered":"https:\/\/exemfoamdev.resetwebstudio.nl\/informacion-de-seguridad"},"modified":"2025-02-18T20:02:42","modified_gmt":"2025-02-18T20:02:42","slug":"informacion-de-seguridad","status":"publish","type":"page","link":"https:\/\/exemfoam.eu\/es\/informacion-de-seguridad","title":{"rendered":"Informaci\u00f3n de seguridad"},"content":{"rendered":"\t\t<div data-elementor-type=\"wp-page\" data-elementor-id=\"2263\" class=\"elementor elementor-2263 elementor-503\" data-elementor-post-type=\"page\">\n\t\t\t\t\t\t<section class=\"elementor-section elementor-top-section elementor-element elementor-element-4d45472 elementor-section-boxed elementor-section-height-default elementor-section-height-default\" data-id=\"4d45472\" data-element_type=\"section\" data-e-type=\"section\">\n\t\t\t\t\t\t<div class=\"elementor-container elementor-column-gap-default\">\n\t\t\t\t\t<div class=\"elementor-column elementor-col-100 elementor-top-column elementor-element elementor-element-269fe7f\" data-id=\"269fe7f\" data-element_type=\"column\" data-e-type=\"column\">\n\t\t\t<div class=\"elementor-widget-wrap elementor-element-populated\">\n\t\t\t\t\t\t<div class=\"elementor-element elementor-element-480dcea elementor-widget elementor-widget-text-editor\" data-id=\"480dcea\" data-element_type=\"widget\" data-e-type=\"widget\" data-widget_type=\"text-editor.default\">\n\t\t\t\t<div class=\"elementor-widget-container\">\n\t\t\t\t\t\t\t\t\t<h2><span style=\"font-size: 2rem; letter-spacing: var( --e-global-typography-text-letter-spacing );\">Informaci\u00f3n de seguridad importante:<\/span><span style=\"font-family: inherit; font-size: 2rem; letter-spacing: var( --e-global-typography-text-letter-spacing );\"> <\/span><\/h2>\n<p>El kit de espuma ExEm\u00ae est\u00e1 destinado a profesionales m\u00e9dicos expertos en pruebas de permeabilidad tub\u00e1rica por ultrasonidos. El kit de espuma ExEm\u00ae est\u00e1 destinado a un solo uso.<br \/>Contraindicaciones<br \/>&#8211; No utilizar la espuma durante el embarazo.<br \/>&#8211; No utilizar la espuma si la paciente puede estar embarazada.<br \/>&#8211; No utilice la espuma entre la ovulaci\u00f3n y la menstruaci\u00f3n.<br \/>&#8211; No utilizar la espuma en caso de infecci\u00f3n p\u00e9lvica activa, enfermedades de transmisi\u00f3n sexual y hemorragias profusas.<br \/>&#8211; No utilice la espuma en caso de alergia a alguno de los componentes de ExEm\u00ae Gel (hidroxietilcelulosa, glicerol y agua purificada).<\/p>\n<h2>Precauciones y advertencias<\/h2>\n<p>&#8211; El kit de espuma ExEm\u00ae debe considerarse un residuo m\u00e9dico contaminado despu\u00e9s de su uso.<br \/>&#8211; No utilizar si el envase ha sido previamente abierto o da\u00f1ado.<br \/>&#8211; Este dispositivo est\u00e1 destinado a un solo uso. Toda espuma que no se utilice en una sesi\u00f3n de examen deber\u00e1 desecharse.<br \/>&#8211; No reutilizar, reesterilizar ni esterilizar en autoclave. La reutilizaci\u00f3n de dispositivos de un solo uso crea un riesgo potencial de infecciones para el paciente o el usuario.<br \/>La contaminaci\u00f3n del dispositivo puede provocar lesiones, enfermedades o la muerte del paciente. La limpieza, desinfecci\u00f3n y esterilizaci\u00f3n<br \/>pueden comprometer las caracter\u00edsticas esenciales del material y del dise\u00f1o y provocar el fallo del dispositivo. El fabricante no ser\u00e1 responsable de ning\u00fan da\u00f1o directo, incidental o consecuente resultante de la reesterilizaci\u00f3n o reutilizaci\u00f3n.<br \/>&#8211; No utilice el Kit de Espuma ExEm\u00ae despu\u00e9s de la fecha de caducidad del Gel ExEm\u00ae, el Agua ExEm\u00ae, el dispositivo de acoplamiento y\/o<br \/>el cat\u00e9ter GIS.<br \/>&#8211; No utilice el Gel ExEm\u00ae y el Agua ExEm\u00ae por separado para la ecograf\u00eda histerosalpingo.<br \/>&#8211; El Gel ExEm\u00ae y el Agua ExEm\u00ae no deben utilizarse para inyecciones.<br \/>Nota Algunas pacientes pueden experimentar contracciones uterinas dolorosas, reacci\u00f3n vasovagal, dolor abdominal, p\u00e9rdida de l\u00edquido o manchado. Estos s\u00edntomas son bien conocidos y est\u00e1n relacionados con todos los procedimientos de pruebas de permeabilidad intrauterina y tub\u00e1rica. Dolor<br \/>El tratamiento debe seguir el protocolo local.<\/p>\n<h2 style=\"font-family: Poppins, sans-serif; color: #324a6d;\">Informe de seguridad<\/h2>\n<p>\u00abEn caso de cualquier incidente ocurrido durante el uso o relacionado con el uso del producto sanitario Exem Foam, le rogamos que se ponga en contacto -inmediatamente- con su asesor m\u00e9dico y con nuestro equipo de seguridad.<\/p>\n<p>Por favor, env\u00ede un correo electr\u00f3nico con una descripci\u00f3n detallada del incidente incluyendo su informaci\u00f3n de contacto a las siguientes direcciones de correo electr\u00f3nico para recibir asistencia:<\/p>\n<p><a href=\"safety@giskitmd.com\">safety@giskitmd.com<\/a>, or <a href=\"md_vigilance@richter.hu\">md_vigilance@richter.hu<\/a>\u201d<\/p>\n<h2 style=\"font-family: Poppins, sans-serif; color: #324a6d;\"><a style=\"font-family: var( --e-global-typography-text-font-family ), Sans-serif; font-size: var( --e-global-typography-text-font-size ); letter-spacing: var( --e-global-typography-text-letter-spacing );\" href=\"https:\/\/exemfoam.eu\/wp-content\/uploads\/2023\/10\/ExEm-Foam.IFU_.Universal.Version-2.3_2023-05-01.pdf\"><u>M\u00e1s informaci\u00f3n<\/u><\/a><\/h2>\n\t\t\t\t\t\t\t\t<\/div>\n\t\t\t\t<\/div>\n\t\t\t\t\t<\/div>\n\t\t<\/div>\n\t\t\t\t\t<\/div>\n\t\t<\/section>\n\t\t\t\t<\/div>\n\t\t","protected":false},"excerpt":{"rendered":"<p>Informaci\u00f3n de seguridad importante: El kit de espuma ExEm\u00ae est\u00e1 destinado a profesionales m\u00e9dicos expertos en pruebas de permeabilidad tub\u00e1rica por ultrasonidos. El kit de espuma ExEm\u00ae est\u00e1 destinado a un solo uso.Contraindicaciones&#8211; No utilizar la espuma durante el embarazo.&#8211; No utilizar la espuma si la paciente puede estar embarazada.&#8211; No utilice la espuma entre [&hellip;]<\/p>\n","protected":false},"author":1,"featured_media":0,"parent":0,"menu_order":0,"comment_status":"closed","ping_status":"closed","template":"","meta":{"footnotes":""},"class_list":["post-2263","page","type-page","status-publish","hentry"],"yoast_head":"<!-- This site is optimized with the Yoast SEO plugin v27.6 - https:\/\/yoast.com\/product\/yoast-seo-wordpress\/ -->\n<title>Informaci\u00f3n de seguridad - Exemfoam<\/title>\n<meta name=\"robots\" content=\"index, follow, max-snippet:-1, max-image-preview:large, max-video-preview:-1\" \/>\n<link rel=\"canonical\" href=\"https:\/\/exemfoam.eu\/es\/informacion-de-seguridad\" \/>\n<meta property=\"og:locale\" content=\"es_ES\" \/>\n<meta property=\"og:type\" content=\"article\" \/>\n<meta property=\"og:title\" content=\"Informaci\u00f3n de seguridad - Exemfoam\" \/>\n<meta property=\"og:description\" content=\"Informaci\u00f3n de seguridad importante: El kit de espuma ExEm\u00ae est\u00e1 destinado a profesionales m\u00e9dicos expertos en pruebas de permeabilidad tub\u00e1rica por ultrasonidos. El kit de espuma ExEm\u00ae est\u00e1 destinado a un solo uso.Contraindicaciones&#8211; No utilizar la espuma durante el embarazo.&#8211; No utilizar la espuma si la paciente puede estar embarazada.&#8211; No utilice la espuma entre [&hellip;]\" \/>\n<meta property=\"og:url\" content=\"https:\/\/exemfoam.eu\/es\/informacion-de-seguridad\" \/>\n<meta property=\"og:site_name\" content=\"Exemfoam\" \/>\n<meta property=\"article:modified_time\" content=\"2025-02-18T20:02:42+00:00\" \/>\n<meta name=\"twitter:card\" content=\"summary_large_image\" \/>\n<meta name=\"twitter:label1\" content=\"Tiempo de lectura\" \/>\n\t<meta name=\"twitter:data1\" content=\"2 minutos\" \/>\n<script type=\"application\/ld+json\" class=\"yoast-schema-graph\">{\"@context\":\"https:\\\/\\\/schema.org\",\"@graph\":[{\"@type\":\"WebPage\",\"@id\":\"https:\\\/\\\/exemfoam.eu\\\/es\\\/informacion-de-seguridad\",\"url\":\"https:\\\/\\\/exemfoam.eu\\\/es\\\/informacion-de-seguridad\",\"name\":\"Informaci\u00f3n de seguridad - Exemfoam\",\"isPartOf\":{\"@id\":\"https:\\\/\\\/exemfoam.eu\\\/es#website\"},\"datePublished\":\"2023-01-30T15:10:54+00:00\",\"dateModified\":\"2025-02-18T20:02:42+00:00\",\"breadcrumb\":{\"@id\":\"https:\\\/\\\/exemfoam.eu\\\/es\\\/informacion-de-seguridad#breadcrumb\"},\"inLanguage\":\"es\",\"potentialAction\":[{\"@type\":\"ReadAction\",\"target\":[\"https:\\\/\\\/exemfoam.eu\\\/es\\\/informacion-de-seguridad\"]}]},{\"@type\":\"BreadcrumbList\",\"@id\":\"https:\\\/\\\/exemfoam.eu\\\/es\\\/informacion-de-seguridad#breadcrumb\",\"itemListElement\":[{\"@type\":\"ListItem\",\"position\":1,\"name\":\"Home\",\"item\":\"https:\\\/\\\/exemfoam.eu\\\/es\"},{\"@type\":\"ListItem\",\"position\":2,\"name\":\"Informaci\u00f3n de seguridad\"}]},{\"@type\":\"WebSite\",\"@id\":\"https:\\\/\\\/exemfoam.eu\\\/es#website\",\"url\":\"https:\\\/\\\/exemfoam.eu\\\/es\",\"name\":\"Exemfoam\",\"description\":\"\",\"publisher\":{\"@id\":\"https:\\\/\\\/exemfoam.eu\\\/es#organization\"},\"potentialAction\":[{\"@type\":\"SearchAction\",\"target\":{\"@type\":\"EntryPoint\",\"urlTemplate\":\"https:\\\/\\\/exemfoam.eu\\\/es?s={search_term_string}\"},\"query-input\":{\"@type\":\"PropertyValueSpecification\",\"valueRequired\":true,\"valueName\":\"search_term_string\"}}],\"inLanguage\":\"es\"},{\"@type\":\"Organization\",\"@id\":\"https:\\\/\\\/exemfoam.eu\\\/es#organization\",\"name\":\"Exemfoam\",\"url\":\"https:\\\/\\\/exemfoam.eu\\\/es\",\"logo\":{\"@type\":\"ImageObject\",\"inLanguage\":\"es\",\"@id\":\"https:\\\/\\\/exemfoam.eu\\\/es#\\\/schema\\\/logo\\\/image\\\/\",\"url\":\"https:\\\/\\\/exemfoam.eu\\\/wp-content\\\/uploads\\\/2023\\\/01\\\/Logo.png\",\"contentUrl\":\"https:\\\/\\\/exemfoam.eu\\\/wp-content\\\/uploads\\\/2023\\\/01\\\/Logo.png\",\"width\":205,\"height\":42,\"caption\":\"Exemfoam\"},\"image\":{\"@id\":\"https:\\\/\\\/exemfoam.eu\\\/es#\\\/schema\\\/logo\\\/image\\\/\"}}]}<\/script>\n<!-- \/ Yoast SEO plugin. -->","yoast_head_json":{"title":"Informaci\u00f3n de seguridad - Exemfoam","robots":{"index":"index","follow":"follow","max-snippet":"max-snippet:-1","max-image-preview":"max-image-preview:large","max-video-preview":"max-video-preview:-1"},"canonical":"https:\/\/exemfoam.eu\/es\/informacion-de-seguridad","og_locale":"es_ES","og_type":"article","og_title":"Informaci\u00f3n de seguridad - Exemfoam","og_description":"Informaci\u00f3n de seguridad importante: El kit de espuma ExEm\u00ae est\u00e1 destinado a profesionales m\u00e9dicos expertos en pruebas de permeabilidad tub\u00e1rica por ultrasonidos. El kit de espuma ExEm\u00ae est\u00e1 destinado a un solo uso.Contraindicaciones&#8211; No utilizar la espuma durante el embarazo.&#8211; No utilizar la espuma si la paciente puede estar embarazada.&#8211; No utilice la espuma entre [&hellip;]","og_url":"https:\/\/exemfoam.eu\/es\/informacion-de-seguridad","og_site_name":"Exemfoam","article_modified_time":"2025-02-18T20:02:42+00:00","twitter_card":"summary_large_image","twitter_misc":{"Tiempo de lectura":"2 minutos"},"schema":{"@context":"https:\/\/schema.org","@graph":[{"@type":"WebPage","@id":"https:\/\/exemfoam.eu\/es\/informacion-de-seguridad","url":"https:\/\/exemfoam.eu\/es\/informacion-de-seguridad","name":"Informaci\u00f3n de seguridad - Exemfoam","isPartOf":{"@id":"https:\/\/exemfoam.eu\/es#website"},"datePublished":"2023-01-30T15:10:54+00:00","dateModified":"2025-02-18T20:02:42+00:00","breadcrumb":{"@id":"https:\/\/exemfoam.eu\/es\/informacion-de-seguridad#breadcrumb"},"inLanguage":"es","potentialAction":[{"@type":"ReadAction","target":["https:\/\/exemfoam.eu\/es\/informacion-de-seguridad"]}]},{"@type":"BreadcrumbList","@id":"https:\/\/exemfoam.eu\/es\/informacion-de-seguridad#breadcrumb","itemListElement":[{"@type":"ListItem","position":1,"name":"Home","item":"https:\/\/exemfoam.eu\/es"},{"@type":"ListItem","position":2,"name":"Informaci\u00f3n de seguridad"}]},{"@type":"WebSite","@id":"https:\/\/exemfoam.eu\/es#website","url":"https:\/\/exemfoam.eu\/es","name":"Exemfoam","description":"","publisher":{"@id":"https:\/\/exemfoam.eu\/es#organization"},"potentialAction":[{"@type":"SearchAction","target":{"@type":"EntryPoint","urlTemplate":"https:\/\/exemfoam.eu\/es?s={search_term_string}"},"query-input":{"@type":"PropertyValueSpecification","valueRequired":true,"valueName":"search_term_string"}}],"inLanguage":"es"},{"@type":"Organization","@id":"https:\/\/exemfoam.eu\/es#organization","name":"Exemfoam","url":"https:\/\/exemfoam.eu\/es","logo":{"@type":"ImageObject","inLanguage":"es","@id":"https:\/\/exemfoam.eu\/es#\/schema\/logo\/image\/","url":"https:\/\/exemfoam.eu\/wp-content\/uploads\/2023\/01\/Logo.png","contentUrl":"https:\/\/exemfoam.eu\/wp-content\/uploads\/2023\/01\/Logo.png","width":205,"height":42,"caption":"Exemfoam"},"image":{"@id":"https:\/\/exemfoam.eu\/es#\/schema\/logo\/image\/"}}]}},"_links":{"self":[{"href":"https:\/\/exemfoam.eu\/es\/wp-json\/wp\/v2\/pages\/2263","targetHints":{"allow":["GET"]}}],"collection":[{"href":"https:\/\/exemfoam.eu\/es\/wp-json\/wp\/v2\/pages"}],"about":[{"href":"https:\/\/exemfoam.eu\/es\/wp-json\/wp\/v2\/types\/page"}],"author":[{"embeddable":true,"href":"https:\/\/exemfoam.eu\/es\/wp-json\/wp\/v2\/users\/1"}],"replies":[{"embeddable":true,"href":"https:\/\/exemfoam.eu\/es\/wp-json\/wp\/v2\/comments?post=2263"}],"version-history":[{"count":3,"href":"https:\/\/exemfoam.eu\/es\/wp-json\/wp\/v2\/pages\/2263\/revisions"}],"predecessor-version":[{"id":4434,"href":"https:\/\/exemfoam.eu\/es\/wp-json\/wp\/v2\/pages\/2263\/revisions\/4434"}],"wp:attachment":[{"href":"https:\/\/exemfoam.eu\/es\/wp-json\/wp\/v2\/media?parent=2263"}],"curies":[{"name":"wp","href":"https:\/\/api.w.org\/{rel}","templated":true}]}}