{"id":2248,"date":"2023-03-08T08:26:53","date_gmt":"2023-03-08T08:26:53","guid":{"rendered":"https:\/\/exemfoamdev.resetwebstudio.nl\/declaracion-de-accesibilidad"},"modified":"2023-03-30T11:37:33","modified_gmt":"2023-03-30T11:37:33","slug":"declaracion-de-accesibilidad","status":"publish","type":"page","link":"https:\/\/exemfoam.eu\/es\/declaracion-de-accesibilidad","title":{"rendered":"Declaraci\u00f3n de accesibilidad"},"content":{"rendered":"\t\t<div data-elementor-type=\"wp-page\" data-elementor-id=\"2248\" class=\"elementor elementor-2248 elementor-1597\" data-elementor-post-type=\"page\">\n\t\t\t\t\t\t<section class=\"elementor-section elementor-top-section elementor-element elementor-element-47a50db elementor-section-boxed elementor-section-height-default elementor-section-height-default\" data-id=\"47a50db\" data-element_type=\"section\" data-e-type=\"section\">\n\t\t\t\t\t\t<div class=\"elementor-container elementor-column-gap-default\">\n\t\t\t\t\t<div class=\"elementor-column elementor-col-100 elementor-top-column elementor-element elementor-element-e00a6cf\" data-id=\"e00a6cf\" data-element_type=\"column\" data-e-type=\"column\">\n\t\t\t<div class=\"elementor-widget-wrap elementor-element-populated\">\n\t\t\t\t\t\t<div class=\"elementor-element elementor-element-0166902 elementor-widget elementor-widget-heading\" data-id=\"0166902\" data-element_type=\"widget\" data-e-type=\"widget\" data-widget_type=\"heading.default\">\n\t\t\t\t<div class=\"elementor-widget-container\">\n\t\t\t\t\t<h1 class=\"elementor-heading-title elementor-size-default\">Declaraci\u00f3n de accesibilidad\n<\/h1>\t\t\t\t<\/div>\n\t\t\t\t<\/div>\n\t\t\t\t\t<\/div>\n\t\t<\/div>\n\t\t\t\t\t<\/div>\n\t\t<\/section>\n\t\t\t\t<section class=\"elementor-section elementor-top-section elementor-element elementor-element-2c4bdb7 elementor-section-boxed elementor-section-height-default elementor-section-height-default\" data-id=\"2c4bdb7\" data-element_type=\"section\" data-e-type=\"section\">\n\t\t\t\t\t\t<div class=\"elementor-container elementor-column-gap-default\">\n\t\t\t\t\t<div class=\"elementor-column elementor-col-100 elementor-top-column elementor-element elementor-element-c39b30f\" data-id=\"c39b30f\" data-element_type=\"column\" data-e-type=\"column\">\n\t\t\t<div class=\"elementor-widget-wrap elementor-element-populated\">\n\t\t\t\t\t\t<div class=\"elementor-element elementor-element-80d9362 elementor-widget elementor-widget-heading\" data-id=\"80d9362\" data-element_type=\"widget\" data-e-type=\"widget\" data-widget_type=\"heading.default\">\n\t\t\t\t<div class=\"elementor-widget-container\">\n\t\t\t\t\t<h2 class=\"elementor-heading-title elementor-size-default\">General  <\/h2>\t\t\t\t<\/div>\n\t\t\t\t<\/div>\n\t\t\t\t<div class=\"elementor-element elementor-element-da211b9 elementor-widget elementor-widget-text-editor\" data-id=\"da211b9\" data-element_type=\"widget\" data-e-type=\"widget\" data-widget_type=\"text-editor.default\">\n\t\t\t\t<div class=\"elementor-widget-container\">\n\t\t\t\t\t\t\t\t\t<p>ExEm\u00ae Espuma se esfuerza por garantizar que sus servicios sean accesibles a las personas con discapacidad. ExEm\u00ae Foam ha invertido una cantidad significativa de recursos para garantizar que su sitio web sea m\u00e1s f\u00e1cil de usar y m\u00e1s accesible para las personas con discapacidad, con la firme convicci\u00f3n de que toda persona tiene derecho a vivir con dignidad, igualdad, comodidad e independencia.<\/p>\n\t\t\t\t\t\t\t\t<\/div>\n\t\t\t\t<\/div>\n\t\t\t\t<div class=\"elementor-element elementor-element-6c5cdea elementor-widget elementor-widget-heading\" data-id=\"6c5cdea\" data-element_type=\"widget\" data-e-type=\"widget\" data-widget_type=\"heading.default\">\n\t\t\t\t<div class=\"elementor-widget-container\">\n\t\t\t\t\t<h2 class=\"elementor-heading-title elementor-size-default\">Accesibilidad en Https:\/\/www.exemfoam.com\/<\/h2>\t\t\t\t<\/div>\n\t\t\t\t<\/div>\n\t\t\t\t<div class=\"elementor-element elementor-element-59bd31b elementor-widget elementor-widget-text-editor\" data-id=\"59bd31b\" data-element_type=\"widget\" data-e-type=\"widget\" data-widget_type=\"text-editor.default\">\n\t\t\t\t<div class=\"elementor-widget-container\">\n\t\t\t\t\t\t\t\t\t<p data-fusion-font=\"true\">Https:\/\/www.exemfoam.com\/ pone a su disposici\u00f3n el widget de accesibilidad del sitio web UserWay, que funciona con un servidor de accesibilidad dedicado. El programa permite a Https:\/\/www.exemfoam.com\/ mejorar su conformidad con las Pautas de Accesibilidad al Contenido en la Web (WCAG 2.1).<\/p>\n\t\t\t\t\t\t\t\t<\/div>\n\t\t\t\t<\/div>\n\t\t\t\t<div class=\"elementor-element elementor-element-27b9cf7 elementor-widget elementor-widget-heading\" data-id=\"27b9cf7\" data-element_type=\"widget\" data-e-type=\"widget\" data-widget_type=\"heading.default\">\n\t\t\t\t<div class=\"elementor-widget-container\">\n\t\t\t\t\t<h2 class=\"elementor-heading-title elementor-size-default\">Activar el men\u00fa de accesibilidad\n<\/h2>\t\t\t\t<\/div>\n\t\t\t\t<\/div>\n\t\t\t\t<div class=\"elementor-element elementor-element-f420119 elementor-widget elementor-widget-text-editor\" data-id=\"f420119\" data-element_type=\"widget\" data-e-type=\"widget\" data-widget_type=\"text-editor.default\">\n\t\t\t\t<div class=\"elementor-widget-container\">\n\t\t\t\t\t\t\t\t\t<p>El men\u00fa de accesibilidad Https:\/\/www.exemfoam.com\/ puede activarse pulsando la tecla de tabulaci\u00f3n cuando se carga la p\u00e1gina por primera vez o haciendo clic en el icono del men\u00fa de accesibilidad que aparece en la esquina de la p\u00e1gina. Despu\u00e9s de activar el men\u00fa de accesibilidad, espere un momento a que se cargue por completo.<\/p>\n\t\t\t\t\t\t\t\t<\/div>\n\t\t\t\t<\/div>\n\t\t\t\t<div class=\"elementor-element elementor-element-8c7ac92 elementor-widget elementor-widget-heading\" data-id=\"8c7ac92\" data-element_type=\"widget\" data-e-type=\"widget\" data-widget_type=\"heading.default\">\n\t\t\t\t<div class=\"elementor-widget-container\">\n\t\t\t\t\t<h2 class=\"elementor-heading-title elementor-size-default\">Descargo de responsabilidad<\/h2>\t\t\t\t<\/div>\n\t\t\t\t<\/div>\n\t\t\t\t<div class=\"elementor-element elementor-element-8214fd8 elementor-widget elementor-widget-text-editor\" data-id=\"8214fd8\" data-element_type=\"widget\" data-e-type=\"widget\" data-widget_type=\"text-editor.default\">\n\t\t\t\t<div class=\"elementor-widget-container\">\n\t\t\t\t\t\t\t\t\t<p data-fusion-font=\"true\">ExEm\u00ae Foam sigue esforz\u00e1ndose por mejorar constantemente la accesibilidad de su sitio web y sus servicios, con la convicci\u00f3n de que es nuestra obligaci\u00f3n moral colectiva permitir un uso fluido, accesible y sin trabas tambi\u00e9n a quienes tenemos alguna discapacidad.<\/p>\n<p><span data-fusion-font=\"true\">En un esfuerzo continuo por mejorar y remediar los problemas de accesibilidad, tambi\u00e9n escaneamos regularmente Https:\/\/www.exemfoam.com\/ con UserWay&#8217;s para identificar y corregir todas las posibles barreras de accesibilidad en nuestro sitio.<\/span><br \/><span data-fusion-font=\"true\"><br \/>A pesar de nuestros esfuerzos para que todas las p\u00e1ginas y contenidos de Https:\/\/www.exemfoam.com\/ sean plenamente accesibles, es posible que algunos contenidos a\u00fan no se hayan adaptado completamente a las normas de accesibilidad m\u00e1s estrictas. Esto puede deberse a no haber encontrado o identificado la soluci\u00f3n tecnol\u00f3gica m\u00e1s adecuada.<\/span><\/p>\n\t\t\t\t\t\t\t\t<\/div>\n\t\t\t\t<\/div>\n\t\t\t\t<div class=\"elementor-element elementor-element-d8cb1c0 elementor-widget elementor-widget-heading\" data-id=\"d8cb1c0\" data-element_type=\"widget\" data-e-type=\"widget\" data-widget_type=\"heading.default\">\n\t\t\t\t<div class=\"elementor-widget-container\">\n\t\t\t\t\t<h2 class=\"elementor-heading-title elementor-size-default\">Aqu\u00ed para ti\n<\/h2>\t\t\t\t<\/div>\n\t\t\t\t<\/div>\n\t\t\t\t<div class=\"elementor-element elementor-element-e520b9b elementor-widget elementor-widget-text-editor\" data-id=\"e520b9b\" data-element_type=\"widget\" data-e-type=\"widget\" data-widget_type=\"text-editor.default\">\n\t\t\t\t<div class=\"elementor-widget-container\">\n\t\t\t\t\t\t\t\t\t<p>Si tiene dificultades con alg\u00fan contenido de Https:\/\/www.exemfoam.com\/ o necesita ayuda con alguna parte de nuestro sitio, p\u00f3ngase en contacto con nosotros en el horario de atenci\u00f3n al p\u00fablico que se detalla a continuaci\u00f3n y estaremos encantados de ayudarle.<\/p>\n\t\t\t\t\t\t\t\t<\/div>\n\t\t\t\t<\/div>\n\t\t\t\t<div class=\"elementor-element elementor-element-42910fa elementor-widget elementor-widget-heading\" data-id=\"42910fa\" data-element_type=\"widget\" data-e-type=\"widget\" data-widget_type=\"heading.default\">\n\t\t\t\t<div class=\"elementor-widget-container\">\n\t\t\t\t\t<h2 class=\"elementor-heading-title elementor-size-default\">Contacto\n<\/h2>\t\t\t\t<\/div>\n\t\t\t\t<\/div>\n\t\t\t\t<div class=\"elementor-element elementor-element-fb6c725 elementor-widget elementor-widget-text-editor\" data-id=\"fb6c725\" data-element_type=\"widget\" data-e-type=\"widget\" data-widget_type=\"text-editor.default\">\n\t\t\t\t<div class=\"elementor-widget-container\">\n\t\t\t\t\t\t\t\t\t<p data-fusion-font=\"true\">Si desea informar de un problema de accesibilidad, tiene alguna pregunta o necesita ayuda, p\u00f3ngase en contacto con el servicio de atenci\u00f3n al cliente de ExEm\u00ae Foam del siguiente modo:<\/p>\n<p><span data-fusion-font=\"true\">Correo electr\u00f3nico <\/span><a href=\"mailto:henry@iq-medicalventures.com\" data-fusion-font=\"true\">contact@exemfoam.com<\/a><br \/><span data-fusion-font=\"true\"><br \/>Tel\u00e9fono: (888) 963.3936<\/span><\/p>\n\t\t\t\t\t\t\t\t<\/div>\n\t\t\t\t<\/div>\n\t\t\t\t\t<\/div>\n\t\t<\/div>\n\t\t\t\t\t<\/div>\n\t\t<\/section>\n\t\t\t\t<section class=\"elementor-section elementor-top-section elementor-element elementor-element-3a8d1fd elementor-section-boxed elementor-section-height-default elementor-section-height-default\" data-id=\"3a8d1fd\" data-element_type=\"section\" data-e-type=\"section\">\n\t\t\t\t\t\t<div class=\"elementor-container elementor-column-gap-default\">\n\t\t\t\t\t<div class=\"elementor-column elementor-col-100 elementor-top-column elementor-element elementor-element-a064e12\" data-id=\"a064e12\" data-element_type=\"column\" data-e-type=\"column\">\n\t\t\t<div class=\"elementor-widget-wrap\">\n\t\t\t\t\t\t\t<\/div>\n\t\t<\/div>\n\t\t\t\t\t<\/div>\n\t\t<\/section>\n\t\t\t\t<\/div>\n\t\t","protected":false},"excerpt":{"rendered":"<p>Declaraci\u00f3n de accesibilidad General ExEm\u00ae Espuma se esfuerza por garantizar que sus servicios sean accesibles a las personas con discapacidad. ExEm\u00ae Foam ha invertido una cantidad significativa de recursos para garantizar que su sitio web sea m\u00e1s f\u00e1cil de usar y m\u00e1s accesible para las personas con discapacidad, con la firme convicci\u00f3n de que toda [&hellip;]<\/p>\n","protected":false},"author":1,"featured_media":0,"parent":0,"menu_order":0,"comment_status":"closed","ping_status":"closed","template":"","meta":{"footnotes":""},"class_list":["post-2248","page","type-page","status-publish","hentry"],"yoast_head":"<!-- This site is optimized with the Yoast SEO plugin v27.4 - https:\/\/yoast.com\/product\/yoast-seo-wordpress\/ -->\n<title>Declaraci\u00f3n de accesibilidad - Exemfoam<\/title>\n<meta name=\"robots\" content=\"index, follow, max-snippet:-1, max-image-preview:large, max-video-preview:-1\" \/>\n<link rel=\"canonical\" href=\"https:\/\/exemfoam.eu\/es\/declaracion-de-accesibilidad\" \/>\n<meta property=\"og:locale\" content=\"es_ES\" \/>\n<meta property=\"og:type\" content=\"article\" \/>\n<meta property=\"og:title\" content=\"Declaraci\u00f3n de accesibilidad - Exemfoam\" \/>\n<meta property=\"og:description\" content=\"Declaraci\u00f3n de accesibilidad General ExEm\u00ae Espuma se esfuerza por garantizar que sus servicios sean accesibles a las personas con discapacidad. ExEm\u00ae Foam ha invertido una cantidad significativa de recursos para garantizar que su sitio web sea m\u00e1s f\u00e1cil de usar y m\u00e1s accesible para las personas con discapacidad, con la firme convicci\u00f3n de que toda [&hellip;]\" \/>\n<meta property=\"og:url\" content=\"https:\/\/exemfoam.eu\/es\/declaracion-de-accesibilidad\" \/>\n<meta property=\"og:site_name\" content=\"Exemfoam\" \/>\n<meta property=\"article:modified_time\" content=\"2023-03-30T11:37:33+00:00\" \/>\n<meta name=\"twitter:card\" content=\"summary_large_image\" \/>\n<meta name=\"twitter:label1\" content=\"Tiempo de lectura\" \/>\n\t<meta name=\"twitter:data1\" content=\"2 minutos\" \/>\n<script type=\"application\/ld+json\" class=\"yoast-schema-graph\">{\"@context\":\"https:\\\/\\\/schema.org\",\"@graph\":[{\"@type\":\"WebPage\",\"@id\":\"https:\\\/\\\/exemfoam.eu\\\/es\\\/declaracion-de-accesibilidad\",\"url\":\"https:\\\/\\\/exemfoam.eu\\\/es\\\/declaracion-de-accesibilidad\",\"name\":\"Declaraci\u00f3n de accesibilidad - Exemfoam\",\"isPartOf\":{\"@id\":\"https:\\\/\\\/exemfoam.eu\\\/es#website\"},\"datePublished\":\"2023-03-08T08:26:53+00:00\",\"dateModified\":\"2023-03-30T11:37:33+00:00\",\"breadcrumb\":{\"@id\":\"https:\\\/\\\/exemfoam.eu\\\/es\\\/declaracion-de-accesibilidad#breadcrumb\"},\"inLanguage\":\"es\",\"potentialAction\":[{\"@type\":\"ReadAction\",\"target\":[\"https:\\\/\\\/exemfoam.eu\\\/es\\\/declaracion-de-accesibilidad\"]}]},{\"@type\":\"BreadcrumbList\",\"@id\":\"https:\\\/\\\/exemfoam.eu\\\/es\\\/declaracion-de-accesibilidad#breadcrumb\",\"itemListElement\":[{\"@type\":\"ListItem\",\"position\":1,\"name\":\"Home\",\"item\":\"https:\\\/\\\/exemfoam.eu\\\/es\"},{\"@type\":\"ListItem\",\"position\":2,\"name\":\"Declaraci\u00f3n de accesibilidad\"}]},{\"@type\":\"WebSite\",\"@id\":\"https:\\\/\\\/exemfoam.eu\\\/es#website\",\"url\":\"https:\\\/\\\/exemfoam.eu\\\/es\",\"name\":\"Exemfoam\",\"description\":\"\",\"publisher\":{\"@id\":\"https:\\\/\\\/exemfoam.eu\\\/es#organization\"},\"potentialAction\":[{\"@type\":\"SearchAction\",\"target\":{\"@type\":\"EntryPoint\",\"urlTemplate\":\"https:\\\/\\\/exemfoam.eu\\\/es?s={search_term_string}\"},\"query-input\":{\"@type\":\"PropertyValueSpecification\",\"valueRequired\":true,\"valueName\":\"search_term_string\"}}],\"inLanguage\":\"es\"},{\"@type\":\"Organization\",\"@id\":\"https:\\\/\\\/exemfoam.eu\\\/es#organization\",\"name\":\"Exemfoam\",\"url\":\"https:\\\/\\\/exemfoam.eu\\\/es\",\"logo\":{\"@type\":\"ImageObject\",\"inLanguage\":\"es\",\"@id\":\"https:\\\/\\\/exemfoam.eu\\\/es#\\\/schema\\\/logo\\\/image\\\/\",\"url\":\"https:\\\/\\\/exemfoam.eu\\\/wp-content\\\/uploads\\\/2023\\\/01\\\/Logo.png\",\"contentUrl\":\"https:\\\/\\\/exemfoam.eu\\\/wp-content\\\/uploads\\\/2023\\\/01\\\/Logo.png\",\"width\":205,\"height\":42,\"caption\":\"Exemfoam\"},\"image\":{\"@id\":\"https:\\\/\\\/exemfoam.eu\\\/es#\\\/schema\\\/logo\\\/image\\\/\"}}]}<\/script>\n<!-- \/ Yoast SEO plugin. -->","yoast_head_json":{"title":"Declaraci\u00f3n de accesibilidad - Exemfoam","robots":{"index":"index","follow":"follow","max-snippet":"max-snippet:-1","max-image-preview":"max-image-preview:large","max-video-preview":"max-video-preview:-1"},"canonical":"https:\/\/exemfoam.eu\/es\/declaracion-de-accesibilidad","og_locale":"es_ES","og_type":"article","og_title":"Declaraci\u00f3n de accesibilidad - Exemfoam","og_description":"Declaraci\u00f3n de accesibilidad General ExEm\u00ae Espuma se esfuerza por garantizar que sus servicios sean accesibles a las personas con discapacidad. ExEm\u00ae Foam ha invertido una cantidad significativa de recursos para garantizar que su sitio web sea m\u00e1s f\u00e1cil de usar y m\u00e1s accesible para las personas con discapacidad, con la firme convicci\u00f3n de que toda [&hellip;]","og_url":"https:\/\/exemfoam.eu\/es\/declaracion-de-accesibilidad","og_site_name":"Exemfoam","article_modified_time":"2023-03-30T11:37:33+00:00","twitter_card":"summary_large_image","twitter_misc":{"Tiempo de lectura":"2 minutos"},"schema":{"@context":"https:\/\/schema.org","@graph":[{"@type":"WebPage","@id":"https:\/\/exemfoam.eu\/es\/declaracion-de-accesibilidad","url":"https:\/\/exemfoam.eu\/es\/declaracion-de-accesibilidad","name":"Declaraci\u00f3n de accesibilidad - Exemfoam","isPartOf":{"@id":"https:\/\/exemfoam.eu\/es#website"},"datePublished":"2023-03-08T08:26:53+00:00","dateModified":"2023-03-30T11:37:33+00:00","breadcrumb":{"@id":"https:\/\/exemfoam.eu\/es\/declaracion-de-accesibilidad#breadcrumb"},"inLanguage":"es","potentialAction":[{"@type":"ReadAction","target":["https:\/\/exemfoam.eu\/es\/declaracion-de-accesibilidad"]}]},{"@type":"BreadcrumbList","@id":"https:\/\/exemfoam.eu\/es\/declaracion-de-accesibilidad#breadcrumb","itemListElement":[{"@type":"ListItem","position":1,"name":"Home","item":"https:\/\/exemfoam.eu\/es"},{"@type":"ListItem","position":2,"name":"Declaraci\u00f3n de accesibilidad"}]},{"@type":"WebSite","@id":"https:\/\/exemfoam.eu\/es#website","url":"https:\/\/exemfoam.eu\/es","name":"Exemfoam","description":"","publisher":{"@id":"https:\/\/exemfoam.eu\/es#organization"},"potentialAction":[{"@type":"SearchAction","target":{"@type":"EntryPoint","urlTemplate":"https:\/\/exemfoam.eu\/es?s={search_term_string}"},"query-input":{"@type":"PropertyValueSpecification","valueRequired":true,"valueName":"search_term_string"}}],"inLanguage":"es"},{"@type":"Organization","@id":"https:\/\/exemfoam.eu\/es#organization","name":"Exemfoam","url":"https:\/\/exemfoam.eu\/es","logo":{"@type":"ImageObject","inLanguage":"es","@id":"https:\/\/exemfoam.eu\/es#\/schema\/logo\/image\/","url":"https:\/\/exemfoam.eu\/wp-content\/uploads\/2023\/01\/Logo.png","contentUrl":"https:\/\/exemfoam.eu\/wp-content\/uploads\/2023\/01\/Logo.png","width":205,"height":42,"caption":"Exemfoam"},"image":{"@id":"https:\/\/exemfoam.eu\/es#\/schema\/logo\/image\/"}}]}},"_links":{"self":[{"href":"https:\/\/exemfoam.eu\/es\/wp-json\/wp\/v2\/pages\/2248","targetHints":{"allow":["GET"]}}],"collection":[{"href":"https:\/\/exemfoam.eu\/es\/wp-json\/wp\/v2\/pages"}],"about":[{"href":"https:\/\/exemfoam.eu\/es\/wp-json\/wp\/v2\/types\/page"}],"author":[{"embeddable":true,"href":"https:\/\/exemfoam.eu\/es\/wp-json\/wp\/v2\/users\/1"}],"replies":[{"embeddable":true,"href":"https:\/\/exemfoam.eu\/es\/wp-json\/wp\/v2\/comments?post=2248"}],"version-history":[{"count":4,"href":"https:\/\/exemfoam.eu\/es\/wp-json\/wp\/v2\/pages\/2248\/revisions"}],"predecessor-version":[{"id":2390,"href":"https:\/\/exemfoam.eu\/es\/wp-json\/wp\/v2\/pages\/2248\/revisions\/2390"}],"wp:attachment":[{"href":"https:\/\/exemfoam.eu\/es\/wp-json\/wp\/v2\/media?parent=2248"}],"curies":[{"name":"wp","href":"https:\/\/api.w.org\/{rel}","templated":true}]}}