{"id":2415,"date":"2023-01-24T14:48:37","date_gmt":"2023-01-24T14:48:37","guid":{"rendered":"https:\/\/exemfoamdev.resetwebstudio.nl\/peer-to-peer"},"modified":"2023-03-30T11:37:42","modified_gmt":"2023-03-30T11:37:42","slug":"peer-to-peer","status":"publish","type":"page","link":"https:\/\/exemfoam.eu\/de\/peer-to-peer","title":{"rendered":"Peer-to-Peer"},"content":{"rendered":"\t\t<div data-elementor-type=\"wp-page\" data-elementor-id=\"2415\" class=\"elementor elementor-2415 elementor-336\" data-elementor-post-type=\"page\">\n\t\t\t\t\t\t<section class=\"elementor-section elementor-top-section elementor-element elementor-element-9ff3e03 elementor-section-full_width elementor-section-height-min-height elementor-section-height-default elementor-section-items-middle\" data-id=\"9ff3e03\" data-element_type=\"section\" data-e-type=\"section\" data-settings=\"{&quot;background_background&quot;:&quot;classic&quot;}\">\n\t\t\t\t\t\t\t<div class=\"elementor-background-overlay\"><\/div>\n\t\t\t\t\t\t\t<div class=\"elementor-container elementor-column-gap-default\">\n\t\t\t\t\t<div class=\"elementor-column elementor-col-100 elementor-top-column elementor-element elementor-element-a5212a6\" data-id=\"a5212a6\" data-element_type=\"column\" data-e-type=\"column\">\n\t\t\t<div class=\"elementor-widget-wrap\">\n\t\t\t\t\t\t\t<\/div>\n\t\t<\/div>\n\t\t\t\t\t<\/div>\n\t\t<\/section>\n\t\t\t\t<section class=\"elementor-section elementor-top-section elementor-element elementor-element-e47b800 elementor-section-boxed elementor-section-height-default elementor-section-height-default\" data-id=\"e47b800\" data-element_type=\"section\" data-e-type=\"section\" data-settings=\"{&quot;background_background&quot;:&quot;classic&quot;}\">\n\t\t\t\t\t\t<div class=\"elementor-container elementor-column-gap-default\">\n\t\t\t\t\t<div class=\"elementor-column elementor-col-100 elementor-top-column elementor-element elementor-element-2645975\" data-id=\"2645975\" data-element_type=\"column\" data-e-type=\"column\">\n\t\t\t<div class=\"elementor-widget-wrap elementor-element-populated\">\n\t\t\t\t\t\t<div class=\"elementor-element elementor-element-248f120 elementor-widget elementor-widget-heading\" data-id=\"248f120\" data-element_type=\"widget\" data-e-type=\"widget\" data-widget_type=\"heading.default\">\n\t\t\t\t<div class=\"elementor-widget-container\">\n\t\t\t\t\t<h2 class=\"elementor-heading-title elementor-size-default\">Die Fruchtbarkeitsgemeinschaft spricht \u00fcber das HyFoSy-Verfahren  <\/h2>\t\t\t\t<\/div>\n\t\t\t\t<\/div>\n\t\t\t\t\t<\/div>\n\t\t<\/div>\n\t\t\t\t\t<\/div>\n\t\t<\/section>\n\t\t\t\t<section class=\"elementor-section elementor-top-section elementor-element elementor-element-89489d5 elementor-section-boxed elementor-section-height-default elementor-section-height-default\" data-id=\"89489d5\" data-element_type=\"section\" data-e-type=\"section\" data-settings=\"{&quot;background_background&quot;:&quot;classic&quot;}\">\n\t\t\t\t\t\t<div class=\"elementor-container elementor-column-gap-default\">\n\t\t\t\t\t<div class=\"elementor-column elementor-col-50 elementor-top-column elementor-element elementor-element-f24866b\" data-id=\"f24866b\" data-element_type=\"column\" data-e-type=\"column\">\n\t\t\t<div class=\"elementor-widget-wrap elementor-element-populated\">\n\t\t\t\t\t\t<div class=\"elementor-element elementor-element-f423bef elementor-widget elementor-widget-video\" data-id=\"f423bef\" data-element_type=\"widget\" data-e-type=\"widget\" data-settings=\"{&quot;video_type&quot;:&quot;vimeo&quot;}\" data-widget_type=\"video.default\">\n\t\t\t\t<div class=\"elementor-widget-container\">\n\t\t\t\t\t\t\t<div class=\"elementor-wrapper elementor-open-inline\">\n\t\t\t<iframe class=\"elementor-video-iframe\" allowfullscreen allow=\"clipboard-write\" title=\"vimeo Video Player\" src=\"https:\/\/player.vimeo.com\/video\/508622094?color&amp;autopause=0&amp;loop=0&amp;muted=0&amp;title=1&amp;portrait=1&amp;byline=1#t=\"><\/iframe>\t\t<\/div>\n\t\t\t\t\t\t<\/div>\n\t\t\t\t<\/div>\n\t\t\t\t\t<\/div>\n\t\t<\/div>\n\t\t\t\t<div class=\"elementor-column elementor-col-50 elementor-top-column elementor-element elementor-element-5adeb48\" data-id=\"5adeb48\" data-element_type=\"column\" data-e-type=\"column\">\n\t\t\t<div class=\"elementor-widget-wrap elementor-element-populated\">\n\t\t\t\t\t\t<div class=\"elementor-element elementor-element-8323ed6 elementor-widget elementor-widget-heading\" data-id=\"8323ed6\" data-element_type=\"widget\" data-e-type=\"widget\" data-widget_type=\"heading.default\">\n\t\t\t\t<div class=\"elementor-widget-container\">\n\t\t\t\t\t<h2 class=\"elementor-heading-title elementor-size-default\">DIE ZUKUNFT DER EILEITERDURCHG\u00c4NGIGKEITSPR\u00dcFUNG:\n<\/h2>\t\t\t\t<\/div>\n\t\t\t\t<\/div>\n\t\t\t\t<div class=\"elementor-element elementor-element-322f74c elementor-widget elementor-widget-text-editor\" data-id=\"322f74c\" data-element_type=\"widget\" data-e-type=\"widget\" data-widget_type=\"text-editor.default\">\n\t\t\t\t<div class=\"elementor-widget-container\">\n\t\t\t\t\t\t\t\t\t<p>Die Foam-Studie, eine preisgekr\u00f6nte Arbeit auf dem wissenschaftlichen Kongress der American Society of Reproductive Medicine (ASRM) im Jahr 2019, kam zu dem Schluss, dass ExEm\u00ae Foam nachweislich eine \u00e4hnliche Wirksamkeit wie die R\u00f6ntgen-HSG hat. Diese europ\u00e4ische randomisierte klinische Studie mit 1.167 Patientinnen in 26 Krankenh\u00e4usern belegt nicht nur die Wirksamkeit von HyFoSy mit ExEm\u00ae Foam, sondern ergab auch, dass die Schwangerschaftsergebnisse nach 12 Monaten bei subfertilen Frauen, die mit HyFoSy mit ExEm\u00ae Foam behandelt wurden, \u00e4hnlich waren wie bei der R\u00f6ntgen-HSG. Die FOAM-Studie wurde im Februar 2022 in der Zeitschrift Human Reproduction (einer Zeitschrift der Oxford University Press) ver\u00f6ffentlicht.<\/p>\n\t\t\t\t\t\t\t\t<\/div>\n\t\t\t\t<\/div>\n\t\t\t\t<div class=\"elementor-element elementor-element-31ae344 elementor-widget elementor-widget-button\" data-id=\"31ae344\" data-element_type=\"widget\" data-e-type=\"widget\" data-widget_type=\"button.default\">\n\t\t\t\t<div class=\"elementor-widget-container\">\n\t\t\t\t\t\t\t\t\t<div class=\"elementor-button-wrapper\">\n\t\t\t\t\t<a class=\"elementor-button elementor-button-link elementor-size-sm\" href=\"https:\/\/share.hsforms.com\/1lZyl1iT8SaW6mLQp6CiYWA4j8ea\">\n\t\t\t\t\t\t<span class=\"elementor-button-content-wrapper\">\n\t\t\t\t\t\t<span class=\"elementor-button-icon\">\n\t\t\t\t<svg aria-hidden=\"true\" class=\"e-font-icon-svg e-fas-angle-right\" viewBox=\"0 0 256 512\" xmlns=\"http:\/\/www.w3.org\/2000\/svg\"><path d=\"M224.3 273l-136 136c-9.4 9.4-24.6 9.4-33.9 0l-22.6-22.6c-9.4-9.4-9.4-24.6 0-33.9l96.4-96.4-96.4-96.4c-9.4-9.4-9.4-24.6 0-33.9L54.3 103c9.4-9.4 24.6-9.4 33.9 0l136 136c9.5 9.4 9.5 24.6.1 34z\"><\/path><\/svg>\t\t\t<\/span>\n\t\t\t\t\t\t\t\t\t<span class=\"elementor-button-text\">READ MORE<\/span>\n\t\t\t\t\t<\/span>\n\t\t\t\t\t<\/a>\n\t\t\t\t<\/div>\n\t\t\t\t\t\t\t\t<\/div>\n\t\t\t\t<\/div>\n\t\t\t\t\t<\/div>\n\t\t<\/div>\n\t\t\t\t\t<\/div>\n\t\t<\/section>\n\t\t\t\t<section class=\"elementor-section elementor-top-section elementor-element elementor-element-51373d2 elementor-section-boxed elementor-section-height-default elementor-section-height-default\" data-id=\"51373d2\" data-element_type=\"section\" data-e-type=\"section\" data-settings=\"{&quot;background_background&quot;:&quot;classic&quot;}\">\n\t\t\t\t\t\t<div class=\"elementor-container elementor-column-gap-default\">\n\t\t\t\t\t<div class=\"elementor-column elementor-col-50 elementor-top-column elementor-element elementor-element-6a906f4\" data-id=\"6a906f4\" data-element_type=\"column\" data-e-type=\"column\" data-settings=\"{&quot;background_background&quot;:&quot;classic&quot;}\">\n\t\t\t<div class=\"elementor-widget-wrap elementor-element-populated\">\n\t\t\t\t\t\t<div class=\"elementor-element elementor-element-8fc2c27 elementor-widget elementor-widget-video\" data-id=\"8fc2c27\" data-element_type=\"widget\" data-e-type=\"widget\" data-settings=\"{&quot;video_type&quot;:&quot;vimeo&quot;}\" data-widget_type=\"video.default\">\n\t\t\t\t<div class=\"elementor-widget-container\">\n\t\t\t\t\t\t\t<div class=\"elementor-wrapper elementor-open-inline\">\n\t\t\t<iframe class=\"elementor-video-iframe\" allowfullscreen allow=\"clipboard-write\" title=\"vimeo Video Player\" src=\"https:\/\/player.vimeo.com\/video\/661154597?color&amp;autopause=0&amp;loop=0&amp;muted=0&amp;title=1&amp;portrait=1&amp;byline=1&amp;h=93f7983f5a#t=\"><\/iframe>\t\t<\/div>\n\t\t\t\t\t\t<\/div>\n\t\t\t\t<\/div>\n\t\t\t\t<div class=\"elementor-element elementor-element-51074c0 elementor-widget elementor-widget-heading\" data-id=\"51074c0\" data-element_type=\"widget\" data-e-type=\"widget\" data-widget_type=\"heading.default\">\n\t\t\t\t<div class=\"elementor-widget-container\">\n\t\t\t\t\t<h2 class=\"elementor-heading-title elementor-size-default\">Kann die HyFoSy die HSG als erste Wahl f\u00fcr die Eileiteruntersuchung ersetzen - Ergebnisse einer nationalen RCT - Vejla Mijatovic,2021<\/h2>\t\t\t\t<\/div>\n\t\t\t\t<\/div>\n\t\t\t\t\t<\/div>\n\t\t<\/div>\n\t\t\t\t<div class=\"elementor-column elementor-col-50 elementor-top-column elementor-element elementor-element-afa32c6\" data-id=\"afa32c6\" data-element_type=\"column\" data-e-type=\"column\" data-settings=\"{&quot;background_background&quot;:&quot;classic&quot;}\">\n\t\t\t<div class=\"elementor-widget-wrap elementor-element-populated\">\n\t\t\t\t\t\t<div class=\"elementor-element elementor-element-841193c elementor-widget elementor-widget-video\" data-id=\"841193c\" data-element_type=\"widget\" data-e-type=\"widget\" data-settings=\"{&quot;video_type&quot;:&quot;vimeo&quot;}\" data-widget_type=\"video.default\">\n\t\t\t\t<div class=\"elementor-widget-container\">\n\t\t\t\t\t\t\t<div class=\"elementor-wrapper elementor-open-inline\">\n\t\t\t<iframe class=\"elementor-video-iframe\" allowfullscreen allow=\"clipboard-write\" title=\"vimeo Video Player\" src=\"https:\/\/player.vimeo.com\/video\/661156372?color&amp;autopause=0&amp;loop=0&amp;muted=0&amp;title=1&amp;portrait=1&amp;byline=1&amp;h=dd2c815307#t=\"><\/iframe>\t\t<\/div>\n\t\t\t\t\t\t<\/div>\n\t\t\t\t<\/div>\n\t\t\t\t<div class=\"elementor-element elementor-element-cf718aa elementor-widget elementor-widget-heading\" data-id=\"cf718aa\" data-element_type=\"widget\" data-e-type=\"widget\" data-widget_type=\"heading.default\">\n\t\t\t\t<div class=\"elementor-widget-container\">\n\t\t\t\t\t<h2 class=\"elementor-heading-title elementor-size-default\">Fallpr\u00e4sentation von HyCoSy (HyFoSy) - Kamal Ojha 2021<\/h2>\t\t\t\t<\/div>\n\t\t\t\t<\/div>\n\t\t\t\t\t<\/div>\n\t\t<\/div>\n\t\t\t\t\t<\/div>\n\t\t<\/section>\n\t\t\t\t<\/div>\n\t\t","protected":false},"excerpt":{"rendered":"<p>Die Fruchtbarkeitsgemeinschaft spricht \u00fcber das HyFoSy-Verfahren DIE ZUKUNFT DER EILEITERDURCHG\u00c4NGIGKEITSPR\u00dcFUNG: Die Foam-Studie, eine preisgekr\u00f6nte Arbeit auf dem wissenschaftlichen Kongress der American Society of Reproductive Medicine (ASRM) im Jahr 2019, kam zu dem Schluss, dass ExEm\u00ae Foam nachweislich eine \u00e4hnliche Wirksamkeit wie die R\u00f6ntgen-HSG hat. Diese europ\u00e4ische randomisierte klinische Studie mit 1.167 Patientinnen in 26 Krankenh\u00e4usern [&hellip;]<\/p>\n","protected":false},"author":1,"featured_media":0,"parent":0,"menu_order":0,"comment_status":"closed","ping_status":"closed","template":"","meta":{"footnotes":""},"class_list":["post-2415","page","type-page","status-publish","hentry"],"yoast_head":"<!-- This site is optimized with the Yoast SEO plugin v27.3 - https:\/\/yoast.com\/product\/yoast-seo-wordpress\/ -->\n<title>Peer-to-Peer - Exemfoam<\/title>\n<meta name=\"robots\" content=\"index, follow, max-snippet:-1, max-image-preview:large, max-video-preview:-1\" \/>\n<link rel=\"canonical\" href=\"https:\/\/exemfoam.eu\/de\/peer-to-peer\" \/>\n<meta property=\"og:locale\" content=\"de_DE\" \/>\n<meta property=\"og:type\" content=\"article\" \/>\n<meta property=\"og:title\" content=\"Peer-to-Peer - Exemfoam\" \/>\n<meta property=\"og:description\" content=\"Die Fruchtbarkeitsgemeinschaft spricht \u00fcber das HyFoSy-Verfahren DIE ZUKUNFT DER EILEITERDURCHG\u00c4NGIGKEITSPR\u00dcFUNG: Die Foam-Studie, eine preisgekr\u00f6nte Arbeit auf dem wissenschaftlichen Kongress der American Society of Reproductive Medicine (ASRM) im Jahr 2019, kam zu dem Schluss, dass ExEm\u00ae Foam nachweislich eine \u00e4hnliche Wirksamkeit wie die R\u00f6ntgen-HSG hat. Diese europ\u00e4ische randomisierte klinische Studie mit 1.167 Patientinnen in 26 Krankenh\u00e4usern [&hellip;]\" \/>\n<meta property=\"og:url\" content=\"https:\/\/exemfoam.eu\/de\/peer-to-peer\" \/>\n<meta property=\"og:site_name\" content=\"Exemfoam\" \/>\n<meta property=\"article:modified_time\" content=\"2023-03-30T11:37:42+00:00\" \/>\n<meta name=\"twitter:card\" content=\"summary_large_image\" \/>\n<meta name=\"twitter:label1\" content=\"Gesch\u00e4tzte Lesezeit\" \/>\n\t<meta name=\"twitter:data1\" content=\"1\u00a0Minute\" \/>\n<script type=\"application\/ld+json\" class=\"yoast-schema-graph\">{\"@context\":\"https:\\\/\\\/schema.org\",\"@graph\":[{\"@type\":\"WebPage\",\"@id\":\"https:\\\/\\\/exemfoam.eu\\\/de\\\/peer-to-peer\",\"url\":\"https:\\\/\\\/exemfoam.eu\\\/de\\\/peer-to-peer\",\"name\":\"Peer-to-Peer - Exemfoam\",\"isPartOf\":{\"@id\":\"https:\\\/\\\/exemfoam.eu\\\/de#website\"},\"datePublished\":\"2023-01-24T14:48:37+00:00\",\"dateModified\":\"2023-03-30T11:37:42+00:00\",\"breadcrumb\":{\"@id\":\"https:\\\/\\\/exemfoam.eu\\\/de\\\/peer-to-peer#breadcrumb\"},\"inLanguage\":\"de\",\"potentialAction\":[{\"@type\":\"ReadAction\",\"target\":[\"https:\\\/\\\/exemfoam.eu\\\/de\\\/peer-to-peer\"]}]},{\"@type\":\"BreadcrumbList\",\"@id\":\"https:\\\/\\\/exemfoam.eu\\\/de\\\/peer-to-peer#breadcrumb\",\"itemListElement\":[{\"@type\":\"ListItem\",\"position\":1,\"name\":\"Home\",\"item\":\"https:\\\/\\\/exemfoam.eu\\\/de\"},{\"@type\":\"ListItem\",\"position\":2,\"name\":\"Peer-to-Peer\"}]},{\"@type\":\"WebSite\",\"@id\":\"https:\\\/\\\/exemfoam.eu\\\/de#website\",\"url\":\"https:\\\/\\\/exemfoam.eu\\\/de\",\"name\":\"Exemfoam\",\"description\":\"\",\"publisher\":{\"@id\":\"https:\\\/\\\/exemfoam.eu\\\/de#organization\"},\"potentialAction\":[{\"@type\":\"SearchAction\",\"target\":{\"@type\":\"EntryPoint\",\"urlTemplate\":\"https:\\\/\\\/exemfoam.eu\\\/de?s={search_term_string}\"},\"query-input\":{\"@type\":\"PropertyValueSpecification\",\"valueRequired\":true,\"valueName\":\"search_term_string\"}}],\"inLanguage\":\"de\"},{\"@type\":\"Organization\",\"@id\":\"https:\\\/\\\/exemfoam.eu\\\/de#organization\",\"name\":\"Exemfoam\",\"url\":\"https:\\\/\\\/exemfoam.eu\\\/de\",\"logo\":{\"@type\":\"ImageObject\",\"inLanguage\":\"de\",\"@id\":\"https:\\\/\\\/exemfoam.eu\\\/de#\\\/schema\\\/logo\\\/image\\\/\",\"url\":\"https:\\\/\\\/exemfoam.eu\\\/wp-content\\\/uploads\\\/2023\\\/01\\\/Logo.png\",\"contentUrl\":\"https:\\\/\\\/exemfoam.eu\\\/wp-content\\\/uploads\\\/2023\\\/01\\\/Logo.png\",\"width\":205,\"height\":42,\"caption\":\"Exemfoam\"},\"image\":{\"@id\":\"https:\\\/\\\/exemfoam.eu\\\/de#\\\/schema\\\/logo\\\/image\\\/\"}}]}<\/script>\n<!-- \/ Yoast SEO plugin. -->","yoast_head_json":{"title":"Peer-to-Peer - Exemfoam","robots":{"index":"index","follow":"follow","max-snippet":"max-snippet:-1","max-image-preview":"max-image-preview:large","max-video-preview":"max-video-preview:-1"},"canonical":"https:\/\/exemfoam.eu\/de\/peer-to-peer","og_locale":"de_DE","og_type":"article","og_title":"Peer-to-Peer - Exemfoam","og_description":"Die Fruchtbarkeitsgemeinschaft spricht \u00fcber das HyFoSy-Verfahren DIE ZUKUNFT DER EILEITERDURCHG\u00c4NGIGKEITSPR\u00dcFUNG: Die Foam-Studie, eine preisgekr\u00f6nte Arbeit auf dem wissenschaftlichen Kongress der American Society of Reproductive Medicine (ASRM) im Jahr 2019, kam zu dem Schluss, dass ExEm\u00ae Foam nachweislich eine \u00e4hnliche Wirksamkeit wie die R\u00f6ntgen-HSG hat. Diese europ\u00e4ische randomisierte klinische Studie mit 1.167 Patientinnen in 26 Krankenh\u00e4usern [&hellip;]","og_url":"https:\/\/exemfoam.eu\/de\/peer-to-peer","og_site_name":"Exemfoam","article_modified_time":"2023-03-30T11:37:42+00:00","twitter_card":"summary_large_image","twitter_misc":{"Gesch\u00e4tzte Lesezeit":"1\u00a0Minute"},"schema":{"@context":"https:\/\/schema.org","@graph":[{"@type":"WebPage","@id":"https:\/\/exemfoam.eu\/de\/peer-to-peer","url":"https:\/\/exemfoam.eu\/de\/peer-to-peer","name":"Peer-to-Peer - Exemfoam","isPartOf":{"@id":"https:\/\/exemfoam.eu\/de#website"},"datePublished":"2023-01-24T14:48:37+00:00","dateModified":"2023-03-30T11:37:42+00:00","breadcrumb":{"@id":"https:\/\/exemfoam.eu\/de\/peer-to-peer#breadcrumb"},"inLanguage":"de","potentialAction":[{"@type":"ReadAction","target":["https:\/\/exemfoam.eu\/de\/peer-to-peer"]}]},{"@type":"BreadcrumbList","@id":"https:\/\/exemfoam.eu\/de\/peer-to-peer#breadcrumb","itemListElement":[{"@type":"ListItem","position":1,"name":"Home","item":"https:\/\/exemfoam.eu\/de"},{"@type":"ListItem","position":2,"name":"Peer-to-Peer"}]},{"@type":"WebSite","@id":"https:\/\/exemfoam.eu\/de#website","url":"https:\/\/exemfoam.eu\/de","name":"Exemfoam","description":"","publisher":{"@id":"https:\/\/exemfoam.eu\/de#organization"},"potentialAction":[{"@type":"SearchAction","target":{"@type":"EntryPoint","urlTemplate":"https:\/\/exemfoam.eu\/de?s={search_term_string}"},"query-input":{"@type":"PropertyValueSpecification","valueRequired":true,"valueName":"search_term_string"}}],"inLanguage":"de"},{"@type":"Organization","@id":"https:\/\/exemfoam.eu\/de#organization","name":"Exemfoam","url":"https:\/\/exemfoam.eu\/de","logo":{"@type":"ImageObject","inLanguage":"de","@id":"https:\/\/exemfoam.eu\/de#\/schema\/logo\/image\/","url":"https:\/\/exemfoam.eu\/wp-content\/uploads\/2023\/01\/Logo.png","contentUrl":"https:\/\/exemfoam.eu\/wp-content\/uploads\/2023\/01\/Logo.png","width":205,"height":42,"caption":"Exemfoam"},"image":{"@id":"https:\/\/exemfoam.eu\/de#\/schema\/logo\/image\/"}}]}},"_links":{"self":[{"href":"https:\/\/exemfoam.eu\/de\/wp-json\/wp\/v2\/pages\/2415","targetHints":{"allow":["GET"]}}],"collection":[{"href":"https:\/\/exemfoam.eu\/de\/wp-json\/wp\/v2\/pages"}],"about":[{"href":"https:\/\/exemfoam.eu\/de\/wp-json\/wp\/v2\/types\/page"}],"author":[{"embeddable":true,"href":"https:\/\/exemfoam.eu\/de\/wp-json\/wp\/v2\/users\/1"}],"replies":[{"embeddable":true,"href":"https:\/\/exemfoam.eu\/de\/wp-json\/wp\/v2\/comments?post=2415"}],"version-history":[{"count":2,"href":"https:\/\/exemfoam.eu\/de\/wp-json\/wp\/v2\/pages\/2415\/revisions"}],"predecessor-version":[{"id":2420,"href":"https:\/\/exemfoam.eu\/de\/wp-json\/wp\/v2\/pages\/2415\/revisions\/2420"}],"wp:attachment":[{"href":"https:\/\/exemfoam.eu\/de\/wp-json\/wp\/v2\/media?parent=2415"}],"curies":[{"name":"wp","href":"https:\/\/api.w.org\/{rel}","templated":true}]}}