{"id":2334,"date":"2023-01-30T15:10:54","date_gmt":"2023-01-30T15:10:54","guid":{"rendered":"https:\/\/exemfoamdev.resetwebstudio.nl\/informationen-zur-sicherheit"},"modified":"2025-02-18T19:54:45","modified_gmt":"2025-02-18T19:54:45","slug":"informationen-zur-sicherheit","status":"publish","type":"page","link":"https:\/\/exemfoam.eu\/de\/informationen-zur-sicherheit","title":{"rendered":"Informationen zur Sicherheit"},"content":{"rendered":"\t\t<div data-elementor-type=\"wp-page\" data-elementor-id=\"2334\" class=\"elementor elementor-2334 elementor-503\" data-elementor-post-type=\"page\">\n\t\t\t\t\t\t<section class=\"elementor-section elementor-top-section elementor-element elementor-element-4d45472 elementor-section-boxed elementor-section-height-default elementor-section-height-default\" data-id=\"4d45472\" data-element_type=\"section\" data-e-type=\"section\">\n\t\t\t\t\t\t<div class=\"elementor-container elementor-column-gap-default\">\n\t\t\t\t\t<div class=\"elementor-column elementor-col-100 elementor-top-column elementor-element elementor-element-269fe7f\" data-id=\"269fe7f\" data-element_type=\"column\" data-e-type=\"column\">\n\t\t\t<div class=\"elementor-widget-wrap elementor-element-populated\">\n\t\t\t\t\t\t<div class=\"elementor-element elementor-element-480dcea elementor-widget elementor-widget-text-editor\" data-id=\"480dcea\" data-element_type=\"widget\" data-e-type=\"widget\" data-widget_type=\"text-editor.default\">\n\t\t\t\t<div class=\"elementor-widget-container\">\n\t\t\t\t\t\t\t\t\t<h2><span style=\"font-size: 2rem; letter-spacing: var( --e-global-typography-text-letter-spacing );\">Wichtige Sicherheitsinformationen:<\/span><span style=\"font-family: inherit; font-size: 2rem; letter-spacing: var( --e-global-typography-text-letter-spacing );\"> <\/span><\/h2>\n<p>Das ExEm\u00ae Foam Kit ist f\u00fcr die Verwendung durch medizinisches Fachpersonal bestimmt, das in der Ultraschallpr\u00fcfung der Eileiterdurchg\u00e4ngigkeit geschult ist. Das ExEm\u00ae Foam Kit ist nur f\u00fcr den einmaligen Gebrauch bestimmt.<br \/>Kontraindikationen<br \/>&#8211; Verwenden Sie den Schaum nicht w\u00e4hrend der Schwangerschaft.<br \/>&#8211; Verwenden Sie den Schaum nicht, wenn die Patientin schwanger sein k\u00f6nnte.<br \/>&#8211; Verwenden Sie den Schaum nicht zwischen Eisprung und Menstruation.<br \/>&#8211; Verwenden Sie den Schaum nicht bei einer aktiven Beckeninfektion, sexuell \u00fcbertragbaren Krankheiten und starken Blutungen.<br \/>&#8211; Verwenden Sie den Schaum nicht, wenn Sie gegen einen der Bestandteile von ExEm\u00ae Gel (Hydroxyethylcellulose, Glycerin und gereinigtes Wasser) allergisch sind.<\/p>\n<h2>Vorsichtsma\u00dfnahmen und Warnhinweise<\/h2>\n<p>&#8211; Das ExEm\u00ae Foam Kit sollte nach Gebrauch als kontaminierter medizinischer Abfall betrachtet werden.<br \/>&#8211; Nicht verwenden, wenn die Verpackung zuvor ge\u00f6ffnet oder besch\u00e4digt wurde.<br \/>&#8211; Dieses Ger\u00e4t ist nur f\u00fcr den einmaligen Gebrauch bestimmt. Jeder Schaumstoff, der in einer Pr\u00fcfungssitzung nicht verwendet wird, muss entsorgt werden.<br \/>&#8211; Nicht wiederverwenden, erneut sterilisieren oder autoklavieren. Die Wiederverwendung von Einmalprodukten birgt ein potenzielles Infektionsrisiko f\u00fcr Patienten oder Anwender.<br \/>Eine Kontamination des Produkts kann zu Verletzungen, Krankheit oder Tod des Patienten f\u00fchren. Reinigung, Desinfektion und Sterilisation<br \/>k\u00f6nnen wesentliche Material- und Konstruktionsmerkmale beeintr\u00e4chtigen, was zum Versagen des Produkts f\u00fchren kann. Der Hersteller haftet nicht f\u00fcr direkte, zuf\u00e4llige oder Folgesch\u00e4den, die aus der erneuten Sterilisation oder Wiederverwendung resultieren.<br \/>&#8211; Verwenden Sie das ExEm\u00ae Foam Kit nicht nach Ablauf des Verfallsdatums von ExEm\u00ae Gel, ExEm\u00ae Wasser, der Kupplungsvorrichtung und\/oder<br \/>des GIS-Katheters.<br \/>&#8211; Verwenden Sie das ExEm\u00ae Gel und das ExEm\u00ae Wasser nicht separat f\u00fcr die Hysterosalpingo-Sonographie.<br \/>&#8211; Das ExEm\u00ae Gel und das ExEm\u00ae Wasser d\u00fcrfen nicht f\u00fcr Injektionen verwendet werden.<br \/>Hinweis Bei einigen Patientinnen kann es zu schmerzhaften Geb\u00e4rmutterkontraktionen, vasovagalen Reaktionen, Bauchschmerzen, Fl\u00fcssigkeitsverlust oder<br \/>Schmierblutungen. Diese Symptome sind wohlbekannt und stehen im Zusammenhang mit allen Verfahren zur Pr\u00fcfung der Durchg\u00e4ngigkeit von Geb\u00e4rmutter und Eileitern. Schmerzen<br \/>Die Behandlung sollte nach dem \u00f6rtlichen Protokoll erfolgen.<\/p>\n<h2 style=\"font-family: Poppins, sans-serif; color: #324a6d;\">Sicherheitsbericht<\/h2>\n<p>\u201eIm Falle eines Zwischenfalls, der sich w\u00e4hrend der Anwendung ereignet hat oder mit der Anwendung des Exem Foam-Medizinprodukts zusammenh\u00e4ngt, bitten wir Sie, sich unverz\u00fcglich mit Ihrem medizinischen Berater und unserem Sicherheitsteam in Verbindung zu setzen.<\/p>\n<p>Bitte senden Sie eine E-Mail mit einer detaillierten Beschreibung des Vorfalls und Ihren Kontaktdaten an die folgenden E-Mail-Adressen, um Unterst\u00fctzung zu erhalten:<\/p>\n<p><a href=\"safety@giskitmd.com\">safety@giskitmd.com<\/a>, or <a href=\"md_vigilance@richter.hu\">md_vigilance@richter.hu<\/a>\u201d<\/p>\n<h2 style=\"font-family: Poppins, sans-serif; color: #324a6d;\"><a style=\"font-family: var( --e-global-typography-text-font-family ), Sans-serif; font-size: var( --e-global-typography-text-font-size ); letter-spacing: var( --e-global-typography-text-letter-spacing );\" href=\"https:\/\/exemfoam.eu\/wp-content\/uploads\/2023\/10\/ExEm-Foam.IFU_.Universal.Version-2.3_2023-05-01.pdf\"><u>Klicken Sie hier f\u00fcr weitere Informationen<\/u><\/a><\/h2>\n\t\t\t\t\t\t\t\t<\/div>\n\t\t\t\t<\/div>\n\t\t\t\t\t<\/div>\n\t\t<\/div>\n\t\t\t\t\t<\/div>\n\t\t<\/section>\n\t\t\t\t<\/div>\n\t\t","protected":false},"excerpt":{"rendered":"<p>Wichtige Sicherheitsinformationen: Das ExEm\u00ae Foam Kit ist f\u00fcr die Verwendung durch medizinisches Fachpersonal bestimmt, das in der Ultraschallpr\u00fcfung der Eileiterdurchg\u00e4ngigkeit geschult ist. Das ExEm\u00ae Foam Kit ist nur f\u00fcr den einmaligen Gebrauch bestimmt.Kontraindikationen&#8211; Verwenden Sie den Schaum nicht w\u00e4hrend der Schwangerschaft.&#8211; Verwenden Sie den Schaum nicht, wenn die Patientin schwanger sein k\u00f6nnte.&#8211; Verwenden Sie den [&hellip;]<\/p>\n","protected":false},"author":1,"featured_media":0,"parent":0,"menu_order":0,"comment_status":"closed","ping_status":"closed","template":"","meta":{"footnotes":""},"class_list":["post-2334","page","type-page","status-publish","hentry"],"yoast_head":"<!-- This site is optimized with the Yoast SEO plugin v27.4 - https:\/\/yoast.com\/product\/yoast-seo-wordpress\/ -->\n<title>Informationen zur Sicherheit - Exemfoam<\/title>\n<meta name=\"robots\" content=\"index, follow, max-snippet:-1, max-image-preview:large, max-video-preview:-1\" \/>\n<link rel=\"canonical\" href=\"https:\/\/exemfoam.eu\/de\/informationen-zur-sicherheit\" \/>\n<meta property=\"og:locale\" content=\"de_DE\" \/>\n<meta property=\"og:type\" content=\"article\" \/>\n<meta property=\"og:title\" content=\"Informationen zur Sicherheit - Exemfoam\" \/>\n<meta property=\"og:description\" content=\"Wichtige Sicherheitsinformationen: Das ExEm\u00ae Foam Kit ist f\u00fcr die Verwendung durch medizinisches Fachpersonal bestimmt, das in der Ultraschallpr\u00fcfung der Eileiterdurchg\u00e4ngigkeit geschult ist. Das ExEm\u00ae Foam Kit ist nur f\u00fcr den einmaligen Gebrauch bestimmt.Kontraindikationen&#8211; Verwenden Sie den Schaum nicht w\u00e4hrend der Schwangerschaft.&#8211; Verwenden Sie den Schaum nicht, wenn die Patientin schwanger sein k\u00f6nnte.&#8211; Verwenden Sie den [&hellip;]\" \/>\n<meta property=\"og:url\" content=\"https:\/\/exemfoam.eu\/de\/informationen-zur-sicherheit\" \/>\n<meta property=\"og:site_name\" content=\"Exemfoam\" \/>\n<meta property=\"article:modified_time\" content=\"2025-02-18T19:54:45+00:00\" \/>\n<meta name=\"twitter:card\" content=\"summary_large_image\" \/>\n<meta name=\"twitter:label1\" content=\"Gesch\u00e4tzte Lesezeit\" \/>\n\t<meta name=\"twitter:data1\" content=\"2\u00a0Minuten\" \/>\n<script type=\"application\/ld+json\" class=\"yoast-schema-graph\">{\"@context\":\"https:\\\/\\\/schema.org\",\"@graph\":[{\"@type\":\"WebPage\",\"@id\":\"https:\\\/\\\/exemfoam.eu\\\/de\\\/informationen-zur-sicherheit\",\"url\":\"https:\\\/\\\/exemfoam.eu\\\/de\\\/informationen-zur-sicherheit\",\"name\":\"Informationen zur Sicherheit - Exemfoam\",\"isPartOf\":{\"@id\":\"https:\\\/\\\/exemfoam.eu\\\/de#website\"},\"datePublished\":\"2023-01-30T15:10:54+00:00\",\"dateModified\":\"2025-02-18T19:54:45+00:00\",\"breadcrumb\":{\"@id\":\"https:\\\/\\\/exemfoam.eu\\\/de\\\/informationen-zur-sicherheit#breadcrumb\"},\"inLanguage\":\"de\",\"potentialAction\":[{\"@type\":\"ReadAction\",\"target\":[\"https:\\\/\\\/exemfoam.eu\\\/de\\\/informationen-zur-sicherheit\"]}]},{\"@type\":\"BreadcrumbList\",\"@id\":\"https:\\\/\\\/exemfoam.eu\\\/de\\\/informationen-zur-sicherheit#breadcrumb\",\"itemListElement\":[{\"@type\":\"ListItem\",\"position\":1,\"name\":\"Home\",\"item\":\"https:\\\/\\\/exemfoam.eu\\\/de\"},{\"@type\":\"ListItem\",\"position\":2,\"name\":\"Informationen zur Sicherheit\"}]},{\"@type\":\"WebSite\",\"@id\":\"https:\\\/\\\/exemfoam.eu\\\/de#website\",\"url\":\"https:\\\/\\\/exemfoam.eu\\\/de\",\"name\":\"Exemfoam\",\"description\":\"\",\"publisher\":{\"@id\":\"https:\\\/\\\/exemfoam.eu\\\/de#organization\"},\"potentialAction\":[{\"@type\":\"SearchAction\",\"target\":{\"@type\":\"EntryPoint\",\"urlTemplate\":\"https:\\\/\\\/exemfoam.eu\\\/de?s={search_term_string}\"},\"query-input\":{\"@type\":\"PropertyValueSpecification\",\"valueRequired\":true,\"valueName\":\"search_term_string\"}}],\"inLanguage\":\"de\"},{\"@type\":\"Organization\",\"@id\":\"https:\\\/\\\/exemfoam.eu\\\/de#organization\",\"name\":\"Exemfoam\",\"url\":\"https:\\\/\\\/exemfoam.eu\\\/de\",\"logo\":{\"@type\":\"ImageObject\",\"inLanguage\":\"de\",\"@id\":\"https:\\\/\\\/exemfoam.eu\\\/de#\\\/schema\\\/logo\\\/image\\\/\",\"url\":\"https:\\\/\\\/exemfoam.eu\\\/wp-content\\\/uploads\\\/2023\\\/01\\\/Logo.png\",\"contentUrl\":\"https:\\\/\\\/exemfoam.eu\\\/wp-content\\\/uploads\\\/2023\\\/01\\\/Logo.png\",\"width\":205,\"height\":42,\"caption\":\"Exemfoam\"},\"image\":{\"@id\":\"https:\\\/\\\/exemfoam.eu\\\/de#\\\/schema\\\/logo\\\/image\\\/\"}}]}<\/script>\n<!-- \/ Yoast SEO plugin. -->","yoast_head_json":{"title":"Informationen zur Sicherheit - Exemfoam","robots":{"index":"index","follow":"follow","max-snippet":"max-snippet:-1","max-image-preview":"max-image-preview:large","max-video-preview":"max-video-preview:-1"},"canonical":"https:\/\/exemfoam.eu\/de\/informationen-zur-sicherheit","og_locale":"de_DE","og_type":"article","og_title":"Informationen zur Sicherheit - Exemfoam","og_description":"Wichtige Sicherheitsinformationen: Das ExEm\u00ae Foam Kit ist f\u00fcr die Verwendung durch medizinisches Fachpersonal bestimmt, das in der Ultraschallpr\u00fcfung der Eileiterdurchg\u00e4ngigkeit geschult ist. Das ExEm\u00ae Foam Kit ist nur f\u00fcr den einmaligen Gebrauch bestimmt.Kontraindikationen&#8211; Verwenden Sie den Schaum nicht w\u00e4hrend der Schwangerschaft.&#8211; Verwenden Sie den Schaum nicht, wenn die Patientin schwanger sein k\u00f6nnte.&#8211; Verwenden Sie den [&hellip;]","og_url":"https:\/\/exemfoam.eu\/de\/informationen-zur-sicherheit","og_site_name":"Exemfoam","article_modified_time":"2025-02-18T19:54:45+00:00","twitter_card":"summary_large_image","twitter_misc":{"Gesch\u00e4tzte Lesezeit":"2\u00a0Minuten"},"schema":{"@context":"https:\/\/schema.org","@graph":[{"@type":"WebPage","@id":"https:\/\/exemfoam.eu\/de\/informationen-zur-sicherheit","url":"https:\/\/exemfoam.eu\/de\/informationen-zur-sicherheit","name":"Informationen zur Sicherheit - Exemfoam","isPartOf":{"@id":"https:\/\/exemfoam.eu\/de#website"},"datePublished":"2023-01-30T15:10:54+00:00","dateModified":"2025-02-18T19:54:45+00:00","breadcrumb":{"@id":"https:\/\/exemfoam.eu\/de\/informationen-zur-sicherheit#breadcrumb"},"inLanguage":"de","potentialAction":[{"@type":"ReadAction","target":["https:\/\/exemfoam.eu\/de\/informationen-zur-sicherheit"]}]},{"@type":"BreadcrumbList","@id":"https:\/\/exemfoam.eu\/de\/informationen-zur-sicherheit#breadcrumb","itemListElement":[{"@type":"ListItem","position":1,"name":"Home","item":"https:\/\/exemfoam.eu\/de"},{"@type":"ListItem","position":2,"name":"Informationen zur Sicherheit"}]},{"@type":"WebSite","@id":"https:\/\/exemfoam.eu\/de#website","url":"https:\/\/exemfoam.eu\/de","name":"Exemfoam","description":"","publisher":{"@id":"https:\/\/exemfoam.eu\/de#organization"},"potentialAction":[{"@type":"SearchAction","target":{"@type":"EntryPoint","urlTemplate":"https:\/\/exemfoam.eu\/de?s={search_term_string}"},"query-input":{"@type":"PropertyValueSpecification","valueRequired":true,"valueName":"search_term_string"}}],"inLanguage":"de"},{"@type":"Organization","@id":"https:\/\/exemfoam.eu\/de#organization","name":"Exemfoam","url":"https:\/\/exemfoam.eu\/de","logo":{"@type":"ImageObject","inLanguage":"de","@id":"https:\/\/exemfoam.eu\/de#\/schema\/logo\/image\/","url":"https:\/\/exemfoam.eu\/wp-content\/uploads\/2023\/01\/Logo.png","contentUrl":"https:\/\/exemfoam.eu\/wp-content\/uploads\/2023\/01\/Logo.png","width":205,"height":42,"caption":"Exemfoam"},"image":{"@id":"https:\/\/exemfoam.eu\/de#\/schema\/logo\/image\/"}}]}},"_links":{"self":[{"href":"https:\/\/exemfoam.eu\/de\/wp-json\/wp\/v2\/pages\/2334","targetHints":{"allow":["GET"]}}],"collection":[{"href":"https:\/\/exemfoam.eu\/de\/wp-json\/wp\/v2\/pages"}],"about":[{"href":"https:\/\/exemfoam.eu\/de\/wp-json\/wp\/v2\/types\/page"}],"author":[{"embeddable":true,"href":"https:\/\/exemfoam.eu\/de\/wp-json\/wp\/v2\/users\/1"}],"replies":[{"embeddable":true,"href":"https:\/\/exemfoam.eu\/de\/wp-json\/wp\/v2\/comments?post=2334"}],"version-history":[{"count":3,"href":"https:\/\/exemfoam.eu\/de\/wp-json\/wp\/v2\/pages\/2334\/revisions"}],"predecessor-version":[{"id":4432,"href":"https:\/\/exemfoam.eu\/de\/wp-json\/wp\/v2\/pages\/2334\/revisions\/4432"}],"wp:attachment":[{"href":"https:\/\/exemfoam.eu\/de\/wp-json\/wp\/v2\/media?parent=2334"}],"curies":[{"name":"wp","href":"https:\/\/api.w.org\/{rel}","templated":true}]}}