{"id":2265,"date":"2023-03-08T08:48:25","date_gmt":"2023-03-08T08:48:25","guid":{"rendered":"https:\/\/exemfoamdev.resetwebstudio.nl\/programm-zur-einhaltung-der-vorschriften"},"modified":"2023-03-30T11:37:26","modified_gmt":"2023-03-30T11:37:26","slug":"programm-zur-einhaltung-der-vorschriften","status":"publish","type":"page","link":"https:\/\/exemfoam.eu\/de\/programm-zur-einhaltung-der-vorschriften","title":{"rendered":"Programm zur Einhaltung der Vorschriften"},"content":{"rendered":"\t\t<div data-elementor-type=\"wp-page\" data-elementor-id=\"2265\" class=\"elementor elementor-2265 elementor-1602\" data-elementor-post-type=\"page\">\n\t\t\t\t\t\t<section class=\"elementor-section elementor-top-section elementor-element elementor-element-ffe45ba elementor-section-boxed elementor-section-height-default elementor-section-height-default\" data-id=\"ffe45ba\" data-element_type=\"section\" data-e-type=\"section\">\n\t\t\t\t\t\t<div class=\"elementor-container elementor-column-gap-default\">\n\t\t\t\t\t<div class=\"elementor-column elementor-col-100 elementor-top-column elementor-element elementor-element-dc40085\" data-id=\"dc40085\" data-element_type=\"column\" data-e-type=\"column\">\n\t\t\t<div class=\"elementor-widget-wrap elementor-element-populated\">\n\t\t\t\t\t\t<div class=\"elementor-element elementor-element-f569dd1 elementor-widget elementor-widget-heading\" data-id=\"f569dd1\" data-element_type=\"widget\" data-e-type=\"widget\" data-widget_type=\"heading.default\">\n\t\t\t\t<div class=\"elementor-widget-container\">\n\t\t\t\t\t<h1 class=\"elementor-heading-title elementor-size-default\">ExEm Foam Inc.  <\/h1>\t\t\t\t<\/div>\n\t\t\t\t<\/div>\n\t\t\t\t\t<\/div>\n\t\t<\/div>\n\t\t\t\t\t<\/div>\n\t\t<\/section>\n\t\t\t\t<section class=\"elementor-section elementor-top-section elementor-element elementor-element-10cc657 elementor-section-boxed elementor-section-height-default elementor-section-height-default\" data-id=\"10cc657\" data-element_type=\"section\" data-e-type=\"section\">\n\t\t\t\t\t\t<div class=\"elementor-container elementor-column-gap-default\">\n\t\t\t\t\t<div class=\"elementor-column elementor-col-100 elementor-top-column elementor-element elementor-element-85e8fbe\" data-id=\"85e8fbe\" data-element_type=\"column\" data-e-type=\"column\">\n\t\t\t<div class=\"elementor-widget-wrap elementor-element-populated\">\n\t\t\t\t\t\t<div class=\"elementor-element elementor-element-642b3cc elementor-widget elementor-widget-heading\" data-id=\"642b3cc\" data-element_type=\"widget\" data-e-type=\"widget\" data-widget_type=\"heading.default\">\n\t\t\t\t<div class=\"elementor-widget-container\">\n\t\t\t\t\t<h3 class=\"elementor-heading-title elementor-size-default\">Umfassendes Programm zur Einhaltung der Vorschriften in Kalifornien<\/h3>\t\t\t\t<\/div>\n\t\t\t\t<\/div>\n\t\t\t\t<div class=\"elementor-element elementor-element-a5004c0 elementor-widget elementor-widget-text-editor\" data-id=\"a5004c0\" data-element_type=\"widget\" data-e-type=\"widget\" data-widget_type=\"text-editor.default\">\n\t\t\t\t<div class=\"elementor-widget-container\">\n\t\t\t\t\t\t\t\t\t<p><span data-fusion-font=\"true\">ExEm Foam Inc. hat sich verpflichtet, ein effektives Compliance-Programm in \u00dcbereinstimmung mit den vom U.S. Department of Health and Human Services, Office of Inspector General1 (die &#8222;OIG-Richtlinie&#8220;) ver\u00f6ffentlichten Compliance-Programm-Richtlinien einzurichten und aufrechtzuerhalten. Dar\u00fcber hinaus hat die Gesundheitsbranche den PhRMA Code on Interactions with Health Care Professionals (PhRMA)2 eingef\u00fchrt, und das umfassende Compliance-Programm von ExEm Foam Inc. ist in \u00dcbereinstimmung mit diesem Kodex konzipiert. In \u00dcbereinstimmung mit den freiwilligen Standards, die in der OIG Guidance festgelegt sind, und wie in der OIG Guidance ausdr\u00fccklich anerkannt, haben wir unser Compliance-Programm auf das einzigartige Umfeld und die Gr\u00f6\u00dfe von ExEm Foam Inc. zugeschnitten. Wir \u00fcberpr\u00fcfen unser Compliance-Programm regelm\u00e4\u00dfig, um den sich weiterentwickelnden Branchenrichtlinien und den Compliance-Anforderungen unseres Unternehmens gerecht zu werden.<\/span><br \/><span data-fusion-font=\"true\"><br \/><\/span><br \/><span data-fusion-font=\"true\"><br \/>Unser vom Vorstand eingerichtetes Compliance-Programm soll Verst\u00f6\u00dfe gegen das Gesetz oder die Richtlinien von ExEm Foam Inc. verhindern und aufdecken; wie jedoch in den OIG-Richtlinien anerkannt wird, kann die Umsetzung eines Compliance-Programms nicht garantieren, dass unangemessenes Verhalten vollst\u00e4ndig beseitigt wird. ExEm Foam Inc. erwartet von seinen Mitarbeitern und Vertretern, dass sie unsere Richtlinie zum Umgang mit Vertretern des Gesundheitswesens und die anderen Richtlinien, die zur Unterst\u00fctzung unseres Compliance-Programms aufgestellt wurden, einhalten. F\u00fcr den Fall, dass ExEm Foam Inc. von m\u00f6glichen Verst\u00f6\u00dfen gegen Gesetze oder Unternehmensrichtlinien erf\u00e4hrt, wird das Unternehmen die Angelegenheit untersuchen und entsprechende Disziplinarma\u00dfnahmen ergreifen sowie Korrekturma\u00dfnahmen einf\u00fchren, um zuk\u00fcnftige Verst\u00f6\u00dfe zu verhindern.<\/span><br \/><span data-fusion-font=\"true\"><br \/><\/span><br \/><span data-fusion-font=\"true\"><br \/>Wie im California Health &amp; Safety Code \u00a7119402(d) vorgeschrieben, hat ExEm Foam Inc. ein j\u00e4hrliches Ausgabenlimit von $2.000 f\u00fcr Bildungsartikel, Werbeartikel oder Aktivit\u00e4ten eingef\u00fchrt, die ExEm Foam Inc. lizenzierten kalifornischen Fachkr\u00e4ften im Gesundheitswesen zur Verf\u00fcgung stellen darf. Diese Werbeartikel und -aktivit\u00e4ten unterliegen auch den Beschr\u00e4nkungen, die in unserer Richtlinie f\u00fcr den Umgang mit Vertretern des Gesundheitswesens (in \u00dcbereinstimmung mit dem PhRMA-Kodex) und anderen Richtlinien und Verfahren des Compliance-Programms festgelegt sind.<\/span><\/p>\n\t\t\t\t\t\t\t\t<\/div>\n\t\t\t\t<\/div>\n\t\t\t\t<div class=\"elementor-element elementor-element-358f187 elementor-widget elementor-widget-heading\" data-id=\"358f187\" data-element_type=\"widget\" data-e-type=\"widget\" data-widget_type=\"heading.default\">\n\t\t\t\t<div class=\"elementor-widget-container\">\n\t\t\t\t\t<h2 class=\"elementor-heading-title elementor-size-default\">Company, Inc. 2021 Entsprechenserkl\u00e4rung<\/h2>\t\t\t\t<\/div>\n\t\t\t\t<\/div>\n\t\t\t\t<div class=\"elementor-element elementor-element-69c8901 elementor-widget elementor-widget-text-editor\" data-id=\"69c8901\" data-element_type=\"widget\" data-e-type=\"widget\" data-widget_type=\"text-editor.default\">\n\t\t\t\t<div class=\"elementor-widget-container\">\n\t\t\t\t\t\t\t\t\t<p>ExEm Foam Inc. erkl\u00e4rt hiermit nach bestem Wissen und Gewissen, dass es sein umfassendes Compliance-Programm und die einschl\u00e4gigen Anforderungen des California Health &amp; Safety Code \u00a7\u00a7119400-119402 erf\u00fcllt.<\/p>\n\t\t\t\t\t\t\t\t<\/div>\n\t\t\t\t<\/div>\n\t\t\t\t<div class=\"elementor-element elementor-element-e4eda47 elementor-widget elementor-widget-heading\" data-id=\"e4eda47\" data-element_type=\"widget\" data-e-type=\"widget\" data-widget_type=\"heading.default\">\n\t\t\t\t<div class=\"elementor-widget-container\">\n\t\t\t\t\t<h2 class=\"elementor-heading-title elementor-size-default\">Kontaktinformationen<\/h2>\t\t\t\t<\/div>\n\t\t\t\t<\/div>\n\t\t\t\t<div class=\"elementor-element elementor-element-9a09266 elementor-widget elementor-widget-text-editor\" data-id=\"9a09266\" data-element_type=\"widget\" data-e-type=\"widget\" data-widget_type=\"text-editor.default\">\n\t\t\t\t<div class=\"elementor-widget-container\">\n\t\t\t\t\t\t\t\t\t<p><span data-fusion-font=\"true\">Wenn Sie eine Kopie dieser Erkl\u00e4rung oder weitere Informationen zu unserem Compliance-Programm w\u00fcnschen, wenden Sie sich bitte an ExEm Foam Inc. per E-Mail an <\/span><a class=\"in-text-link\" href=\"mailto:compliance@exem-foam.com\" data-uw-styling-context=\"true\" data-uw-rm-brl=\"exc\" aria-label=\"send an email to compliance@exem-foam.com \" data-uw-rm-vglnk=\"\" data-fusion-font=\"true\">compliance@exem-foam.com<\/a><\/p>\n\t\t\t\t\t\t\t\t<\/div>\n\t\t\t\t<\/div>\n\t\t\t\t<div class=\"elementor-element elementor-element-173e916 elementor-widget elementor-widget-text-editor\" data-id=\"173e916\" data-element_type=\"widget\" data-e-type=\"widget\" data-widget_type=\"text-editor.default\">\n\t\t\t\t<div class=\"elementor-widget-container\">\n\t\t\t\t\t\t\t\t\t<p class=\"paragraph\" data-uw-styling-context=\"true\"><span class=\"target space\" data-uw-styling-context=\"true\" data-fusion-font=\"true\">1 <\/span><span data-fusion-font=\"true\">Leitfaden f\u00fcr Compliance-Programme f\u00fcr pharmazeutische Hersteller.<\/span><\/p>\n<div class=\"c-citations-container\">\n<p><span class=\"target space\" data-uw-styling-context=\"true\" data-fusion-font=\"true\">2 <\/span><a class=\"in-text-link\" href=\"https:\/\/www.phrma.org\/en\/Codes-and-guidelines\/Code-on-Interactions-with-Health-Care-Professionals\" target=\"_blank\" rel=\"noopener\" data-uw-styling-context=\"true\" data-uw-rm-brl=\"false\" aria-label=\"https:\/\/www.phrma.org\/en\/Codes-and-guidelines\/Code-on-Interactions-with-Health-Care-Professionals - opens in new tab\" data-uw-rm-ext-link=\"\" data-fusion-font=\"true\">https:\/\/www.phrma.org\/en\/Codes-and-guidelines\/Code-on-Interactions-with-Health-Care-Professionals<\/a><\/p>\n<\/div>\n\t\t\t\t\t\t\t\t<\/div>\n\t\t\t\t<\/div>\n\t\t\t\t\t<\/div>\n\t\t<\/div>\n\t\t\t\t\t<\/div>\n\t\t<\/section>\n\t\t\t\t<\/div>\n\t\t","protected":false},"excerpt":{"rendered":"<p>ExEm Foam Inc. Umfassendes Programm zur Einhaltung der Vorschriften in Kalifornien ExEm Foam Inc. hat sich verpflichtet, ein effektives Compliance-Programm in \u00dcbereinstimmung mit den vom U.S. Department of Health and Human Services, Office of Inspector General1 (die &#8222;OIG-Richtlinie&#8220;) ver\u00f6ffentlichten Compliance-Programm-Richtlinien einzurichten und aufrechtzuerhalten. Dar\u00fcber hinaus hat die Gesundheitsbranche den PhRMA Code on Interactions with Health [&hellip;]<\/p>\n","protected":false},"author":1,"featured_media":0,"parent":0,"menu_order":0,"comment_status":"closed","ping_status":"closed","template":"","meta":{"footnotes":""},"class_list":["post-2265","page","type-page","status-publish","hentry"],"yoast_head":"<!-- This site is optimized with the Yoast SEO plugin v27.4 - https:\/\/yoast.com\/product\/yoast-seo-wordpress\/ -->\n<title>Programm zur Einhaltung der Vorschriften - Exemfoam<\/title>\n<meta name=\"robots\" content=\"index, follow, max-snippet:-1, max-image-preview:large, max-video-preview:-1\" \/>\n<link rel=\"canonical\" href=\"https:\/\/exemfoam.eu\/de\/programm-zur-einhaltung-der-vorschriften\" \/>\n<meta property=\"og:locale\" content=\"de_DE\" \/>\n<meta property=\"og:type\" content=\"article\" \/>\n<meta property=\"og:title\" content=\"Programm zur Einhaltung der Vorschriften - Exemfoam\" \/>\n<meta property=\"og:description\" content=\"ExEm Foam Inc. Umfassendes Programm zur Einhaltung der Vorschriften in Kalifornien ExEm Foam Inc. hat sich verpflichtet, ein effektives Compliance-Programm in \u00dcbereinstimmung mit den vom U.S. Department of Health and Human Services, Office of Inspector General1 (die &#8222;OIG-Richtlinie&#8220;) ver\u00f6ffentlichten Compliance-Programm-Richtlinien einzurichten und aufrechtzuerhalten. Dar\u00fcber hinaus hat die Gesundheitsbranche den PhRMA Code on Interactions with Health [&hellip;]\" \/>\n<meta property=\"og:url\" content=\"https:\/\/exemfoam.eu\/de\/programm-zur-einhaltung-der-vorschriften\" \/>\n<meta property=\"og:site_name\" content=\"Exemfoam\" \/>\n<meta property=\"article:modified_time\" content=\"2023-03-30T11:37:26+00:00\" \/>\n<meta name=\"twitter:card\" content=\"summary_large_image\" \/>\n<meta name=\"twitter:label1\" content=\"Gesch\u00e4tzte Lesezeit\" \/>\n\t<meta name=\"twitter:data1\" content=\"2\u00a0Minuten\" \/>\n<script type=\"application\/ld+json\" class=\"yoast-schema-graph\">{\"@context\":\"https:\\\/\\\/schema.org\",\"@graph\":[{\"@type\":\"WebPage\",\"@id\":\"https:\\\/\\\/exemfoam.eu\\\/de\\\/programm-zur-einhaltung-der-vorschriften\",\"url\":\"https:\\\/\\\/exemfoam.eu\\\/de\\\/programm-zur-einhaltung-der-vorschriften\",\"name\":\"Programm zur Einhaltung der Vorschriften - Exemfoam\",\"isPartOf\":{\"@id\":\"https:\\\/\\\/exemfoam.eu\\\/de#website\"},\"datePublished\":\"2023-03-08T08:48:25+00:00\",\"dateModified\":\"2023-03-30T11:37:26+00:00\",\"breadcrumb\":{\"@id\":\"https:\\\/\\\/exemfoam.eu\\\/de\\\/programm-zur-einhaltung-der-vorschriften#breadcrumb\"},\"inLanguage\":\"de\",\"potentialAction\":[{\"@type\":\"ReadAction\",\"target\":[\"https:\\\/\\\/exemfoam.eu\\\/de\\\/programm-zur-einhaltung-der-vorschriften\"]}]},{\"@type\":\"BreadcrumbList\",\"@id\":\"https:\\\/\\\/exemfoam.eu\\\/de\\\/programm-zur-einhaltung-der-vorschriften#breadcrumb\",\"itemListElement\":[{\"@type\":\"ListItem\",\"position\":1,\"name\":\"Home\",\"item\":\"https:\\\/\\\/exemfoam.eu\\\/de\"},{\"@type\":\"ListItem\",\"position\":2,\"name\":\"Programm zur Einhaltung der Vorschriften\"}]},{\"@type\":\"WebSite\",\"@id\":\"https:\\\/\\\/exemfoam.eu\\\/de#website\",\"url\":\"https:\\\/\\\/exemfoam.eu\\\/de\",\"name\":\"Exemfoam\",\"description\":\"\",\"publisher\":{\"@id\":\"https:\\\/\\\/exemfoam.eu\\\/de#organization\"},\"potentialAction\":[{\"@type\":\"SearchAction\",\"target\":{\"@type\":\"EntryPoint\",\"urlTemplate\":\"https:\\\/\\\/exemfoam.eu\\\/de?s={search_term_string}\"},\"query-input\":{\"@type\":\"PropertyValueSpecification\",\"valueRequired\":true,\"valueName\":\"search_term_string\"}}],\"inLanguage\":\"de\"},{\"@type\":\"Organization\",\"@id\":\"https:\\\/\\\/exemfoam.eu\\\/de#organization\",\"name\":\"Exemfoam\",\"url\":\"https:\\\/\\\/exemfoam.eu\\\/de\",\"logo\":{\"@type\":\"ImageObject\",\"inLanguage\":\"de\",\"@id\":\"https:\\\/\\\/exemfoam.eu\\\/de#\\\/schema\\\/logo\\\/image\\\/\",\"url\":\"https:\\\/\\\/exemfoam.eu\\\/wp-content\\\/uploads\\\/2023\\\/01\\\/Logo.png\",\"contentUrl\":\"https:\\\/\\\/exemfoam.eu\\\/wp-content\\\/uploads\\\/2023\\\/01\\\/Logo.png\",\"width\":205,\"height\":42,\"caption\":\"Exemfoam\"},\"image\":{\"@id\":\"https:\\\/\\\/exemfoam.eu\\\/de#\\\/schema\\\/logo\\\/image\\\/\"}}]}<\/script>\n<!-- \/ Yoast SEO plugin. -->","yoast_head_json":{"title":"Programm zur Einhaltung der Vorschriften - Exemfoam","robots":{"index":"index","follow":"follow","max-snippet":"max-snippet:-1","max-image-preview":"max-image-preview:large","max-video-preview":"max-video-preview:-1"},"canonical":"https:\/\/exemfoam.eu\/de\/programm-zur-einhaltung-der-vorschriften","og_locale":"de_DE","og_type":"article","og_title":"Programm zur Einhaltung der Vorschriften - Exemfoam","og_description":"ExEm Foam Inc. Umfassendes Programm zur Einhaltung der Vorschriften in Kalifornien ExEm Foam Inc. hat sich verpflichtet, ein effektives Compliance-Programm in \u00dcbereinstimmung mit den vom U.S. Department of Health and Human Services, Office of Inspector General1 (die &#8222;OIG-Richtlinie&#8220;) ver\u00f6ffentlichten Compliance-Programm-Richtlinien einzurichten und aufrechtzuerhalten. Dar\u00fcber hinaus hat die Gesundheitsbranche den PhRMA Code on Interactions with Health [&hellip;]","og_url":"https:\/\/exemfoam.eu\/de\/programm-zur-einhaltung-der-vorschriften","og_site_name":"Exemfoam","article_modified_time":"2023-03-30T11:37:26+00:00","twitter_card":"summary_large_image","twitter_misc":{"Gesch\u00e4tzte Lesezeit":"2\u00a0Minuten"},"schema":{"@context":"https:\/\/schema.org","@graph":[{"@type":"WebPage","@id":"https:\/\/exemfoam.eu\/de\/programm-zur-einhaltung-der-vorschriften","url":"https:\/\/exemfoam.eu\/de\/programm-zur-einhaltung-der-vorschriften","name":"Programm zur Einhaltung der Vorschriften - Exemfoam","isPartOf":{"@id":"https:\/\/exemfoam.eu\/de#website"},"datePublished":"2023-03-08T08:48:25+00:00","dateModified":"2023-03-30T11:37:26+00:00","breadcrumb":{"@id":"https:\/\/exemfoam.eu\/de\/programm-zur-einhaltung-der-vorschriften#breadcrumb"},"inLanguage":"de","potentialAction":[{"@type":"ReadAction","target":["https:\/\/exemfoam.eu\/de\/programm-zur-einhaltung-der-vorschriften"]}]},{"@type":"BreadcrumbList","@id":"https:\/\/exemfoam.eu\/de\/programm-zur-einhaltung-der-vorschriften#breadcrumb","itemListElement":[{"@type":"ListItem","position":1,"name":"Home","item":"https:\/\/exemfoam.eu\/de"},{"@type":"ListItem","position":2,"name":"Programm zur Einhaltung der Vorschriften"}]},{"@type":"WebSite","@id":"https:\/\/exemfoam.eu\/de#website","url":"https:\/\/exemfoam.eu\/de","name":"Exemfoam","description":"","publisher":{"@id":"https:\/\/exemfoam.eu\/de#organization"},"potentialAction":[{"@type":"SearchAction","target":{"@type":"EntryPoint","urlTemplate":"https:\/\/exemfoam.eu\/de?s={search_term_string}"},"query-input":{"@type":"PropertyValueSpecification","valueRequired":true,"valueName":"search_term_string"}}],"inLanguage":"de"},{"@type":"Organization","@id":"https:\/\/exemfoam.eu\/de#organization","name":"Exemfoam","url":"https:\/\/exemfoam.eu\/de","logo":{"@type":"ImageObject","inLanguage":"de","@id":"https:\/\/exemfoam.eu\/de#\/schema\/logo\/image\/","url":"https:\/\/exemfoam.eu\/wp-content\/uploads\/2023\/01\/Logo.png","contentUrl":"https:\/\/exemfoam.eu\/wp-content\/uploads\/2023\/01\/Logo.png","width":205,"height":42,"caption":"Exemfoam"},"image":{"@id":"https:\/\/exemfoam.eu\/de#\/schema\/logo\/image\/"}}]}},"_links":{"self":[{"href":"https:\/\/exemfoam.eu\/de\/wp-json\/wp\/v2\/pages\/2265","targetHints":{"allow":["GET"]}}],"collection":[{"href":"https:\/\/exemfoam.eu\/de\/wp-json\/wp\/v2\/pages"}],"about":[{"href":"https:\/\/exemfoam.eu\/de\/wp-json\/wp\/v2\/types\/page"}],"author":[{"embeddable":true,"href":"https:\/\/exemfoam.eu\/de\/wp-json\/wp\/v2\/users\/1"}],"replies":[{"embeddable":true,"href":"https:\/\/exemfoam.eu\/de\/wp-json\/wp\/v2\/comments?post=2265"}],"version-history":[{"count":3,"href":"https:\/\/exemfoam.eu\/de\/wp-json\/wp\/v2\/pages\/2265\/revisions"}],"predecessor-version":[{"id":2298,"href":"https:\/\/exemfoam.eu\/de\/wp-json\/wp\/v2\/pages\/2265\/revisions\/2298"}],"wp:attachment":[{"href":"https:\/\/exemfoam.eu\/de\/wp-json\/wp\/v2\/media?parent=2265"}],"curies":[{"name":"wp","href":"https:\/\/api.w.org\/{rel}","templated":true}]}}