{"id":2260,"date":"2023-03-08T08:26:53","date_gmt":"2023-03-08T08:26:53","guid":{"rendered":"https:\/\/exemfoamdev.resetwebstudio.nl\/erklaerung-zur-zugaenglichkeit"},"modified":"2023-03-30T11:37:34","modified_gmt":"2023-03-30T11:37:34","slug":"erklaerung-zur-zugaenglichkeit","status":"publish","type":"page","link":"https:\/\/exemfoam.eu\/de\/erklaerung-zur-zugaenglichkeit","title":{"rendered":"Erkl\u00e4rung zur Zug\u00e4nglichkeit"},"content":{"rendered":"\t\t<div data-elementor-type=\"wp-page\" data-elementor-id=\"2260\" class=\"elementor elementor-2260 elementor-1597\" data-elementor-post-type=\"page\">\n\t\t\t\t\t\t<section class=\"elementor-section elementor-top-section elementor-element elementor-element-47a50db elementor-section-boxed elementor-section-height-default elementor-section-height-default\" data-id=\"47a50db\" data-element_type=\"section\" data-e-type=\"section\">\n\t\t\t\t\t\t<div class=\"elementor-container elementor-column-gap-default\">\n\t\t\t\t\t<div class=\"elementor-column elementor-col-100 elementor-top-column elementor-element elementor-element-e00a6cf\" data-id=\"e00a6cf\" data-element_type=\"column\" data-e-type=\"column\">\n\t\t\t<div class=\"elementor-widget-wrap elementor-element-populated\">\n\t\t\t\t\t\t<div class=\"elementor-element elementor-element-0166902 elementor-widget elementor-widget-heading\" data-id=\"0166902\" data-element_type=\"widget\" data-e-type=\"widget\" data-widget_type=\"heading.default\">\n\t\t\t\t<div class=\"elementor-widget-container\">\n\t\t\t\t\t<h1 class=\"elementor-heading-title elementor-size-default\">Erkl\u00e4rung zur Zug\u00e4nglichkeit\n<\/h1>\t\t\t\t<\/div>\n\t\t\t\t<\/div>\n\t\t\t\t\t<\/div>\n\t\t<\/div>\n\t\t\t\t\t<\/div>\n\t\t<\/section>\n\t\t\t\t<section class=\"elementor-section elementor-top-section elementor-element elementor-element-2c4bdb7 elementor-section-boxed elementor-section-height-default elementor-section-height-default\" data-id=\"2c4bdb7\" data-element_type=\"section\" data-e-type=\"section\">\n\t\t\t\t\t\t<div class=\"elementor-container elementor-column-gap-default\">\n\t\t\t\t\t<div class=\"elementor-column elementor-col-100 elementor-top-column elementor-element elementor-element-c39b30f\" data-id=\"c39b30f\" data-element_type=\"column\" data-e-type=\"column\">\n\t\t\t<div class=\"elementor-widget-wrap elementor-element-populated\">\n\t\t\t\t\t\t<div class=\"elementor-element elementor-element-80d9362 elementor-widget elementor-widget-heading\" data-id=\"80d9362\" data-element_type=\"widget\" data-e-type=\"widget\" data-widget_type=\"heading.default\">\n\t\t\t\t<div class=\"elementor-widget-container\">\n\t\t\t\t\t<h2 class=\"elementor-heading-title elementor-size-default\">Allgemein  <\/h2>\t\t\t\t<\/div>\n\t\t\t\t<\/div>\n\t\t\t\t<div class=\"elementor-element elementor-element-da211b9 elementor-widget elementor-widget-text-editor\" data-id=\"da211b9\" data-element_type=\"widget\" data-e-type=\"widget\" data-widget_type=\"text-editor.default\">\n\t\t\t\t<div class=\"elementor-widget-container\">\n\t\t\t\t\t\t\t\t\t<p>ExEm\u00ae Foam ist bestrebt, seine Dienstleistungen auch f\u00fcr Menschen mit Behinderungen zug\u00e4nglich zu machen. ExEm\u00ae Foam hat eine betr\u00e4chtliche Menge an Ressourcen investiert, um sicherzustellen, dass seine Website f\u00fcr Menschen mit Behinderungen einfacher zu nutzen und zug\u00e4nglicher ist, in der festen \u00dcberzeugung, dass jeder Mensch das Recht hat, in W\u00fcrde, Gleichheit, Komfort und Unabh\u00e4ngigkeit zu leben.<\/p>\n\t\t\t\t\t\t\t\t<\/div>\n\t\t\t\t<\/div>\n\t\t\t\t<div class=\"elementor-element elementor-element-6c5cdea elementor-widget elementor-widget-heading\" data-id=\"6c5cdea\" data-element_type=\"widget\" data-e-type=\"widget\" data-widget_type=\"heading.default\">\n\t\t\t\t<div class=\"elementor-widget-container\">\n\t\t\t\t\t<h2 class=\"elementor-heading-title elementor-size-default\">Zug\u00e4nglichkeit auf Https:\/\/www.exemfoam.com\/<\/h2>\t\t\t\t<\/div>\n\t\t\t\t<\/div>\n\t\t\t\t<div class=\"elementor-element elementor-element-59bd31b elementor-widget elementor-widget-text-editor\" data-id=\"59bd31b\" data-element_type=\"widget\" data-e-type=\"widget\" data-widget_type=\"text-editor.default\">\n\t\t\t\t<div class=\"elementor-widget-container\">\n\t\t\t\t\t\t\t\t\t<p data-fusion-font=\"true\">Https:\/\/www.exemfoam.com\/ stellt das UserWay Website Accessibility Widget zur Verf\u00fcgung, das von einem speziellen Accessibility Server betrieben wird. Die Software erm\u00f6glicht es Https:\/\/www.exemfoam.com\/, seine Konformit\u00e4t mit den Web Content Accessibility Guidelines (WCAG 2.1) zu verbessern.<\/p>\n\t\t\t\t\t\t\t\t<\/div>\n\t\t\t\t<\/div>\n\t\t\t\t<div class=\"elementor-element elementor-element-27b9cf7 elementor-widget elementor-widget-heading\" data-id=\"27b9cf7\" data-element_type=\"widget\" data-e-type=\"widget\" data-widget_type=\"heading.default\">\n\t\t\t\t<div class=\"elementor-widget-container\">\n\t\t\t\t\t<h2 class=\"elementor-heading-title elementor-size-default\">Aktivieren des Men\u00fcs Barrierefreiheit\n<\/h2>\t\t\t\t<\/div>\n\t\t\t\t<\/div>\n\t\t\t\t<div class=\"elementor-element elementor-element-f420119 elementor-widget elementor-widget-text-editor\" data-id=\"f420119\" data-element_type=\"widget\" data-e-type=\"widget\" data-widget_type=\"text-editor.default\">\n\t\t\t\t<div class=\"elementor-widget-container\">\n\t\t\t\t\t\t\t\t\t<p>Das barrierefreie Men\u00fc Https:\/\/www.exemfoam.com\/ kann entweder durch Dr\u00fccken der Tabulatortaste beim ersten Laden der Seite oder durch Anklicken des Symbols f\u00fcr das barrierefreie Men\u00fc, das in der Ecke der Seite erscheint, aktiviert werden. Nach dem Ausl\u00f6sen des barrierefreien Men\u00fcs warten Sie bitte einen Moment, bis das barrierefreie Men\u00fc vollst\u00e4ndig geladen ist.<\/p>\n\t\t\t\t\t\t\t\t<\/div>\n\t\t\t\t<\/div>\n\t\t\t\t<div class=\"elementor-element elementor-element-8c7ac92 elementor-widget elementor-widget-heading\" data-id=\"8c7ac92\" data-element_type=\"widget\" data-e-type=\"widget\" data-widget_type=\"heading.default\">\n\t\t\t\t<div class=\"elementor-widget-container\">\n\t\t\t\t\t<h2 class=\"elementor-heading-title elementor-size-default\">Haftungsausschluss<\/h2>\t\t\t\t<\/div>\n\t\t\t\t<\/div>\n\t\t\t\t<div class=\"elementor-element elementor-element-8214fd8 elementor-widget elementor-widget-text-editor\" data-id=\"8214fd8\" data-element_type=\"widget\" data-e-type=\"widget\" data-widget_type=\"text-editor.default\">\n\t\t\t\t<div class=\"elementor-widget-container\">\n\t\t\t\t\t\t\t\t\t<p data-fusion-font=\"true\">ExEm\u00ae Foam setzt seine Bem\u00fchungen fort, die Zug\u00e4nglichkeit seiner Website und seiner Dienstleistungen st\u00e4ndig zu verbessern, in der \u00dcberzeugung, dass es unsere kollektive moralische Verpflichtung ist, eine nahtlose, zug\u00e4ngliche und ungehinderte Nutzung auch f\u00fcr diejenigen unter uns zu erm\u00f6glichen, die eine Behinderung haben.<\/p>\n<p><span data-fusion-font=\"true\">In unserem st\u00e4ndigen Bem\u00fchen um eine kontinuierliche Verbesserung und Behebung von Zug\u00e4nglichkeitsproblemen scannen wir auch regelm\u00e4\u00dfig Https:\/\/www.exemfoam.com\/ mit UserWays, um alle m\u00f6glichen Zug\u00e4nglichkeitsbarrieren auf unserer Website zu identifizieren und zu beheben.<\/span><br \/><span data-fusion-font=\"true\"><br \/>Trotz unserer Bem\u00fchungen, alle Seiten und Inhalte auf Https:\/\/www.exemfoam.com\/ vollst\u00e4ndig zug\u00e4nglich zu machen, sind einige Inhalte m\u00f6glicherweise noch nicht vollst\u00e4ndig an die strengsten Zug\u00e4nglichkeitsstandards angepasst worden. Dies kann darauf zur\u00fcckzuf\u00fchren sein, dass die am besten geeignete technische L\u00f6sung nicht gefunden oder ermittelt wurde.<\/span><\/p>\n\t\t\t\t\t\t\t\t<\/div>\n\t\t\t\t<\/div>\n\t\t\t\t<div class=\"elementor-element elementor-element-d8cb1c0 elementor-widget elementor-widget-heading\" data-id=\"d8cb1c0\" data-element_type=\"widget\" data-e-type=\"widget\" data-widget_type=\"heading.default\">\n\t\t\t\t<div class=\"elementor-widget-container\">\n\t\t\t\t\t<h2 class=\"elementor-heading-title elementor-size-default\">F\u00fcr Sie da\n<\/h2>\t\t\t\t<\/div>\n\t\t\t\t<\/div>\n\t\t\t\t<div class=\"elementor-element elementor-element-e520b9b elementor-widget elementor-widget-text-editor\" data-id=\"e520b9b\" data-element_type=\"widget\" data-e-type=\"widget\" data-widget_type=\"text-editor.default\">\n\t\t\t\t<div class=\"elementor-widget-container\">\n\t\t\t\t\t\t\t\t\t<p>Wenn Sie Schwierigkeiten mit dem Inhalt von Https:\/\/www.exemfoam.com\/ haben oder Hilfe mit einem Teil unserer Website ben\u00f6tigen, kontaktieren Sie uns bitte w\u00e4hrend der normalen Gesch\u00e4ftszeiten wie unten angegeben und wir werden Ihnen gerne helfen.<\/p>\n\t\t\t\t\t\t\t\t<\/div>\n\t\t\t\t<\/div>\n\t\t\t\t<div class=\"elementor-element elementor-element-42910fa elementor-widget elementor-widget-heading\" data-id=\"42910fa\" data-element_type=\"widget\" data-e-type=\"widget\" data-widget_type=\"heading.default\">\n\t\t\t\t<div class=\"elementor-widget-container\">\n\t\t\t\t\t<h2 class=\"elementor-heading-title elementor-size-default\">Kontakt\n<\/h2>\t\t\t\t<\/div>\n\t\t\t\t<\/div>\n\t\t\t\t<div class=\"elementor-element elementor-element-fb6c725 elementor-widget elementor-widget-text-editor\" data-id=\"fb6c725\" data-element_type=\"widget\" data-e-type=\"widget\" data-widget_type=\"text-editor.default\">\n\t\t\t\t<div class=\"elementor-widget-container\">\n\t\t\t\t\t\t\t\t\t<p data-fusion-font=\"true\">Wenn Sie ein Problem mit der Zug\u00e4nglichkeit melden m\u00f6chten, Fragen haben oder Hilfe ben\u00f6tigen, wenden Sie sich bitte wie folgt an den ExEm\u00ae Foam Customer Support:<\/p>\n<p><span data-fusion-font=\"true\">E-Mail: <\/span><a href=\"mailto:henry@iq-medicalventures.com\" data-fusion-font=\"true\">contact@exemfoam.com<\/a><br \/><span data-fusion-font=\"true\"><br \/>Telefon: (888) 963.3936<\/span><\/p>\n\t\t\t\t\t\t\t\t<\/div>\n\t\t\t\t<\/div>\n\t\t\t\t\t<\/div>\n\t\t<\/div>\n\t\t\t\t\t<\/div>\n\t\t<\/section>\n\t\t\t\t<section class=\"elementor-section elementor-top-section elementor-element elementor-element-3a8d1fd elementor-section-boxed elementor-section-height-default elementor-section-height-default\" data-id=\"3a8d1fd\" data-element_type=\"section\" data-e-type=\"section\">\n\t\t\t\t\t\t<div class=\"elementor-container elementor-column-gap-default\">\n\t\t\t\t\t<div class=\"elementor-column elementor-col-100 elementor-top-column elementor-element elementor-element-a064e12\" data-id=\"a064e12\" data-element_type=\"column\" data-e-type=\"column\">\n\t\t\t<div class=\"elementor-widget-wrap\">\n\t\t\t\t\t\t\t<\/div>\n\t\t<\/div>\n\t\t\t\t\t<\/div>\n\t\t<\/section>\n\t\t\t\t<\/div>\n\t\t","protected":false},"excerpt":{"rendered":"<p>Erkl\u00e4rung zur Zug\u00e4nglichkeit Allgemein ExEm\u00ae Foam ist bestrebt, seine Dienstleistungen auch f\u00fcr Menschen mit Behinderungen zug\u00e4nglich zu machen. ExEm\u00ae Foam hat eine betr\u00e4chtliche Menge an Ressourcen investiert, um sicherzustellen, dass seine Website f\u00fcr Menschen mit Behinderungen einfacher zu nutzen und zug\u00e4nglicher ist, in der festen \u00dcberzeugung, dass jeder Mensch das Recht hat, in W\u00fcrde, Gleichheit, [&hellip;]<\/p>\n","protected":false},"author":1,"featured_media":0,"parent":0,"menu_order":0,"comment_status":"closed","ping_status":"closed","template":"","meta":{"footnotes":""},"class_list":["post-2260","page","type-page","status-publish","hentry"],"yoast_head":"<!-- This site is optimized with the Yoast SEO plugin v27.3 - https:\/\/yoast.com\/product\/yoast-seo-wordpress\/ -->\n<title>Erkl\u00e4rung zur Zug\u00e4nglichkeit - Exemfoam<\/title>\n<meta name=\"robots\" content=\"index, follow, max-snippet:-1, max-image-preview:large, max-video-preview:-1\" \/>\n<link rel=\"canonical\" href=\"https:\/\/exemfoam.eu\/de\/erklaerung-zur-zugaenglichkeit\" \/>\n<meta property=\"og:locale\" content=\"de_DE\" \/>\n<meta property=\"og:type\" content=\"article\" \/>\n<meta property=\"og:title\" content=\"Erkl\u00e4rung zur Zug\u00e4nglichkeit - Exemfoam\" \/>\n<meta property=\"og:description\" content=\"Erkl\u00e4rung zur Zug\u00e4nglichkeit Allgemein ExEm\u00ae Foam ist bestrebt, seine Dienstleistungen auch f\u00fcr Menschen mit Behinderungen zug\u00e4nglich zu machen. ExEm\u00ae Foam hat eine betr\u00e4chtliche Menge an Ressourcen investiert, um sicherzustellen, dass seine Website f\u00fcr Menschen mit Behinderungen einfacher zu nutzen und zug\u00e4nglicher ist, in der festen \u00dcberzeugung, dass jeder Mensch das Recht hat, in W\u00fcrde, Gleichheit, [&hellip;]\" \/>\n<meta property=\"og:url\" content=\"https:\/\/exemfoam.eu\/de\/erklaerung-zur-zugaenglichkeit\" \/>\n<meta property=\"og:site_name\" content=\"Exemfoam\" \/>\n<meta property=\"article:modified_time\" content=\"2023-03-30T11:37:34+00:00\" \/>\n<meta name=\"twitter:card\" content=\"summary_large_image\" \/>\n<meta name=\"twitter:label1\" content=\"Gesch\u00e4tzte Lesezeit\" \/>\n\t<meta name=\"twitter:data1\" content=\"2\u00a0Minuten\" \/>\n<script type=\"application\/ld+json\" class=\"yoast-schema-graph\">{\"@context\":\"https:\\\/\\\/schema.org\",\"@graph\":[{\"@type\":\"WebPage\",\"@id\":\"https:\\\/\\\/exemfoam.eu\\\/de\\\/erklaerung-zur-zugaenglichkeit\",\"url\":\"https:\\\/\\\/exemfoam.eu\\\/de\\\/erklaerung-zur-zugaenglichkeit\",\"name\":\"Erkl\u00e4rung zur Zug\u00e4nglichkeit - Exemfoam\",\"isPartOf\":{\"@id\":\"https:\\\/\\\/exemfoam.eu\\\/de#website\"},\"datePublished\":\"2023-03-08T08:26:53+00:00\",\"dateModified\":\"2023-03-30T11:37:34+00:00\",\"breadcrumb\":{\"@id\":\"https:\\\/\\\/exemfoam.eu\\\/de\\\/erklaerung-zur-zugaenglichkeit#breadcrumb\"},\"inLanguage\":\"de\",\"potentialAction\":[{\"@type\":\"ReadAction\",\"target\":[\"https:\\\/\\\/exemfoam.eu\\\/de\\\/erklaerung-zur-zugaenglichkeit\"]}]},{\"@type\":\"BreadcrumbList\",\"@id\":\"https:\\\/\\\/exemfoam.eu\\\/de\\\/erklaerung-zur-zugaenglichkeit#breadcrumb\",\"itemListElement\":[{\"@type\":\"ListItem\",\"position\":1,\"name\":\"Home\",\"item\":\"https:\\\/\\\/exemfoam.eu\\\/de\"},{\"@type\":\"ListItem\",\"position\":2,\"name\":\"Erkl\u00e4rung zur Zug\u00e4nglichkeit\"}]},{\"@type\":\"WebSite\",\"@id\":\"https:\\\/\\\/exemfoam.eu\\\/de#website\",\"url\":\"https:\\\/\\\/exemfoam.eu\\\/de\",\"name\":\"Exemfoam\",\"description\":\"\",\"publisher\":{\"@id\":\"https:\\\/\\\/exemfoam.eu\\\/de#organization\"},\"potentialAction\":[{\"@type\":\"SearchAction\",\"target\":{\"@type\":\"EntryPoint\",\"urlTemplate\":\"https:\\\/\\\/exemfoam.eu\\\/de?s={search_term_string}\"},\"query-input\":{\"@type\":\"PropertyValueSpecification\",\"valueRequired\":true,\"valueName\":\"search_term_string\"}}],\"inLanguage\":\"de\"},{\"@type\":\"Organization\",\"@id\":\"https:\\\/\\\/exemfoam.eu\\\/de#organization\",\"name\":\"Exemfoam\",\"url\":\"https:\\\/\\\/exemfoam.eu\\\/de\",\"logo\":{\"@type\":\"ImageObject\",\"inLanguage\":\"de\",\"@id\":\"https:\\\/\\\/exemfoam.eu\\\/de#\\\/schema\\\/logo\\\/image\\\/\",\"url\":\"https:\\\/\\\/exemfoam.eu\\\/wp-content\\\/uploads\\\/2023\\\/01\\\/Logo.png\",\"contentUrl\":\"https:\\\/\\\/exemfoam.eu\\\/wp-content\\\/uploads\\\/2023\\\/01\\\/Logo.png\",\"width\":205,\"height\":42,\"caption\":\"Exemfoam\"},\"image\":{\"@id\":\"https:\\\/\\\/exemfoam.eu\\\/de#\\\/schema\\\/logo\\\/image\\\/\"}}]}<\/script>\n<!-- \/ Yoast SEO plugin. -->","yoast_head_json":{"title":"Erkl\u00e4rung zur Zug\u00e4nglichkeit - Exemfoam","robots":{"index":"index","follow":"follow","max-snippet":"max-snippet:-1","max-image-preview":"max-image-preview:large","max-video-preview":"max-video-preview:-1"},"canonical":"https:\/\/exemfoam.eu\/de\/erklaerung-zur-zugaenglichkeit","og_locale":"de_DE","og_type":"article","og_title":"Erkl\u00e4rung zur Zug\u00e4nglichkeit - Exemfoam","og_description":"Erkl\u00e4rung zur Zug\u00e4nglichkeit Allgemein ExEm\u00ae Foam ist bestrebt, seine Dienstleistungen auch f\u00fcr Menschen mit Behinderungen zug\u00e4nglich zu machen. ExEm\u00ae Foam hat eine betr\u00e4chtliche Menge an Ressourcen investiert, um sicherzustellen, dass seine Website f\u00fcr Menschen mit Behinderungen einfacher zu nutzen und zug\u00e4nglicher ist, in der festen \u00dcberzeugung, dass jeder Mensch das Recht hat, in W\u00fcrde, Gleichheit, [&hellip;]","og_url":"https:\/\/exemfoam.eu\/de\/erklaerung-zur-zugaenglichkeit","og_site_name":"Exemfoam","article_modified_time":"2023-03-30T11:37:34+00:00","twitter_card":"summary_large_image","twitter_misc":{"Gesch\u00e4tzte Lesezeit":"2\u00a0Minuten"},"schema":{"@context":"https:\/\/schema.org","@graph":[{"@type":"WebPage","@id":"https:\/\/exemfoam.eu\/de\/erklaerung-zur-zugaenglichkeit","url":"https:\/\/exemfoam.eu\/de\/erklaerung-zur-zugaenglichkeit","name":"Erkl\u00e4rung zur Zug\u00e4nglichkeit - Exemfoam","isPartOf":{"@id":"https:\/\/exemfoam.eu\/de#website"},"datePublished":"2023-03-08T08:26:53+00:00","dateModified":"2023-03-30T11:37:34+00:00","breadcrumb":{"@id":"https:\/\/exemfoam.eu\/de\/erklaerung-zur-zugaenglichkeit#breadcrumb"},"inLanguage":"de","potentialAction":[{"@type":"ReadAction","target":["https:\/\/exemfoam.eu\/de\/erklaerung-zur-zugaenglichkeit"]}]},{"@type":"BreadcrumbList","@id":"https:\/\/exemfoam.eu\/de\/erklaerung-zur-zugaenglichkeit#breadcrumb","itemListElement":[{"@type":"ListItem","position":1,"name":"Home","item":"https:\/\/exemfoam.eu\/de"},{"@type":"ListItem","position":2,"name":"Erkl\u00e4rung zur Zug\u00e4nglichkeit"}]},{"@type":"WebSite","@id":"https:\/\/exemfoam.eu\/de#website","url":"https:\/\/exemfoam.eu\/de","name":"Exemfoam","description":"","publisher":{"@id":"https:\/\/exemfoam.eu\/de#organization"},"potentialAction":[{"@type":"SearchAction","target":{"@type":"EntryPoint","urlTemplate":"https:\/\/exemfoam.eu\/de?s={search_term_string}"},"query-input":{"@type":"PropertyValueSpecification","valueRequired":true,"valueName":"search_term_string"}}],"inLanguage":"de"},{"@type":"Organization","@id":"https:\/\/exemfoam.eu\/de#organization","name":"Exemfoam","url":"https:\/\/exemfoam.eu\/de","logo":{"@type":"ImageObject","inLanguage":"de","@id":"https:\/\/exemfoam.eu\/de#\/schema\/logo\/image\/","url":"https:\/\/exemfoam.eu\/wp-content\/uploads\/2023\/01\/Logo.png","contentUrl":"https:\/\/exemfoam.eu\/wp-content\/uploads\/2023\/01\/Logo.png","width":205,"height":42,"caption":"Exemfoam"},"image":{"@id":"https:\/\/exemfoam.eu\/de#\/schema\/logo\/image\/"}}]}},"_links":{"self":[{"href":"https:\/\/exemfoam.eu\/de\/wp-json\/wp\/v2\/pages\/2260","targetHints":{"allow":["GET"]}}],"collection":[{"href":"https:\/\/exemfoam.eu\/de\/wp-json\/wp\/v2\/pages"}],"about":[{"href":"https:\/\/exemfoam.eu\/de\/wp-json\/wp\/v2\/types\/page"}],"author":[{"embeddable":true,"href":"https:\/\/exemfoam.eu\/de\/wp-json\/wp\/v2\/users\/1"}],"replies":[{"embeddable":true,"href":"https:\/\/exemfoam.eu\/de\/wp-json\/wp\/v2\/comments?post=2260"}],"version-history":[{"count":4,"href":"https:\/\/exemfoam.eu\/de\/wp-json\/wp\/v2\/pages\/2260\/revisions"}],"predecessor-version":[{"id":2394,"href":"https:\/\/exemfoam.eu\/de\/wp-json\/wp\/v2\/pages\/2260\/revisions\/2394"}],"wp:attachment":[{"href":"https:\/\/exemfoam.eu\/de\/wp-json\/wp\/v2\/media?parent=2260"}],"curies":[{"name":"wp","href":"https:\/\/api.w.org\/{rel}","templated":true}]}}